{"id":224046,"date":"2026-01-27T06:59:24","date_gmt":"2026-01-27T05:59:24","guid":{"rendered":"https:\/\/www.tendenzeshabbychic.it\/prodotto\/nuvole-di-stoffa-recipiente-gusto-al-top\/"},"modified":"2026-04-17T09:19:23","modified_gmt":"2026-04-17T07:19:23","slug":"nuvole-di-stoffa-recipiente-gusto-al-top","status":"publish","type":"product","link":"https:\/\/www.tendenzeshabbychic.it\/es\/producto\/nuvole-di-stoffa-recipiente-gusto-al-top\/","title":{"rendered":"Nuvole di Stoffa recipiente Gusto al Top"},"content":{"rendered":"<p>Este recipiente Nuvole di Stoffa (Nubes de tela) est\u00e1 hecho de gres fino, una cer\u00e1mica duradera y agradable al tacto con un suave acabado mate en un delicado tono neutro. La inscripci\u00f3n \u00abSabor a cima\u00bb, impresa en un color c\u00e1lido con un peque\u00f1o coraz\u00f3n decorativo, le da un toque rom\u00e1ntico y cuidado. La tapa de pl\u00e1stico transparente con cierre a presi\u00f3n garantiza una buena protecci\u00f3n de los alimentos, por lo que es ideal para guardar sobras, dulces o peque\u00f1os aperitivos. Un accesorio funcional que realza la cocina con discreta elegancia.   <\/p>\n<p><strong>Fortalezas<\/strong><\/p>\n<ul>\n<li>Gres fino duradero y refinado<\/li>\n<li>Letras decorativas con coraz\u00f3n, visibles y delicadas<\/li>\n<li>Tap\u00f3n de pl\u00e1stico con pr\u00e1ctico cierre<\/li>\n<li>Color neutro f\u00e1cil de combinar<\/li>\n<li>Perfecto para una cocina ordenada y chic<\/li>\n<\/ul>\n","protected":false},"excerpt":{"rendered":"<p>Recipiente Nuvole di Stoffa (Nubes de tela) de gres fino (cer\u00e1mica) con tap\u00f3n de pl\u00e1stico transparente. El dise\u00f1o es sencillo y armonioso, con una superficie lisa de color crema y letras decorativas \u00abSabor a lo alto\u00bb en un tono c\u00e1lido, acompa\u00f1adas de un peque\u00f1o coraz\u00f3n central. Perfecto para guardar comida con estilo, combinando practicidad y gusto Shabby Chic.  <\/p>\n<ul>\n<li>puedes utilizarlo en el microondas (sin tapa)<\/li>\n<li>la v\u00e1lvula de la tapa sirve para conservar mejor los alimentos (calientes y fr\u00edos)<\/li>\n<li>Aptas para el lavavajillas<\/li>\n<\/ul>\n<p><em>Dimensiones:<\/em><br \/>\n14 x 10,2 x 4,3 cm<\/p>\n","protected":false},"featured_media":224027,"comment_status":"open","ping_status":"closed","template":"","meta":{"_joinchat":[]},"pwb-brand":[2090],"product_brand":[],"product_cat":[2382,2324],"product_tag":[2188],"class_list":{"0":"post-224046","1":"product","2":"type-product","3":"status-publish","4":"has-post-thumbnail","6":"pwb-brand-nuvole-di-stoffa-es","7":"product_cat-accesorios-de-cocina","8":"product_cat-cocina","9":"product_tag-my-home-es","11":"first","12":"instock","13":"taxable","14":"shipping-taxable","15":"purchasable","16":"product-type-simple"},"brands":[{"id":2090,"name":"Nuvole di Stoffa","slug":"nuvole-di-stoffa-es"}],"_links":{"self":[{"href":"https:\/\/www.tendenzeshabbychic.it\/es\/wp-json\/wp\/v2\/product\/224046","targetHints":{"allow":["GET"]}}],"collection":[{"href":"https:\/\/www.tendenzeshabbychic.it\/es\/wp-json\/wp\/v2\/product"}],"about":[{"href":"https:\/\/www.tendenzeshabbychic.it\/es\/wp-json\/wp\/v2\/types\/product"}],"replies":[{"embeddable":true,"href":"https:\/\/www.tendenzeshabbychic.it\/es\/wp-json\/wp\/v2\/comments?post=224046"}],"wp:featuredmedia":[{"embeddable":true,"href":"https:\/\/www.tendenzeshabbychic.it\/es\/wp-json\/wp\/v2\/media\/224027"}],"wp:attachment":[{"href":"https:\/\/www.tendenzeshabbychic.it\/es\/wp-json\/wp\/v2\/media?parent=224046"}],"wp:term":[{"taxonomy":"pwb-brand","embeddable":true,"href":"https:\/\/www.tendenzeshabbychic.it\/es\/wp-json\/wp\/v2\/pwb-brand?post=224046"},{"taxonomy":"product_brand","embeddable":true,"href":"https:\/\/www.tendenzeshabbychic.it\/es\/wp-json\/wp\/v2\/product_brand?post=224046"},{"taxonomy":"product_cat","embeddable":true,"href":"https:\/\/www.tendenzeshabbychic.it\/es\/wp-json\/wp\/v2\/product_cat?post=224046"},{"taxonomy":"product_tag","embeddable":true,"href":"https:\/\/www.tendenzeshabbychic.it\/es\/wp-json\/wp\/v2\/product_tag?post=224046"}],"curies":[{"name":"wp","href":"https:\/\/api.w.org\/{rel}","templated":true}]}}