{"id":224022,"date":"2026-01-27T07:00:42","date_gmt":"2026-01-27T06:00:42","guid":{"rendered":"https:\/\/www.tendenzeshabbychic.it\/prodotto\/nuvole-di-stoffa-dosificador-de-jabon-de-ceramica-con-cepillo\/"},"modified":"2026-01-20T09:00:42","modified_gmt":"2026-01-20T08:00:42","slug":"nuvole-di-stoffa-dosificador-de-jabon-de-ceramica-con-cepillo","status":"publish","type":"product","link":"https:\/\/www.tendenzeshabbychic.it\/es\/producto\/nuvole-di-stoffa-dosificador-de-jabon-de-ceramica-con-cepillo\/","title":{"rendered":"Nuvole di Stoffa Dosificador de Jab\u00f3n de Cer\u00e1mica con Cepillo"},"content":{"rendered":"<p>Este set de Nuvole di Stoffa combina funcionalidad y est\u00e9tica en un accesorio refinado. El dispensador de jab\u00f3n de cer\u00e1mica presenta un acabado pulido y una forma suave y compacta, adornada con la esencial inscripci\u00f3n \u00abJAB\u00d3N\u00bb. <\/p>\n<p>La bomba negra mate crea un elegante contraste de color. El cepillo a juego, con cerdas transparentes y mango de madera natural, est\u00e1 alojado en un pr\u00e1ctico soporte integrado. Se entrega en una caja, perfecta para organizar el fregadero con estilo o como idea de regalo \u00fatil y de buen gusto.  <\/p>\n<p><strong>Fortalezas<\/strong><\/p>\n<ul>\n<li>Elegante y duradera cer\u00e1mica blanca pulida<\/li>\n<li>Bomba negra mate de dise\u00f1o moderno<\/li>\n<li>Cepillo con mango de madera natural<\/li>\n<li>Set funcional y decorativo, tambi\u00e9n ideal como regalo<\/li>\n<\/ul>\n","protected":false},"excerpt":{"rendered":"<p>Elegante juego de fregadero compuesto por dosificador de jab\u00f3n de cer\u00e1mica blanca brillante con bomba negra mate y escobilla con mango de madera natural. El dise\u00f1o limpio y esencial, con una inscripci\u00f3n m\u00ednima \u00abJAB\u00d3N\u00bb, est\u00e1 pensado para cocinas o cuartos de ba\u00f1o modernos, n\u00f3rdicos o de estilo Shabby Chic contempor\u00e1neo. <\/p>\n<p><em>Dimensiones:<\/em><br \/>\n16 x 9 x H 22 cm<\/p>\n","protected":false},"featured_media":224006,"comment_status":"open","ping_status":"closed","template":"","meta":{"_joinchat":[]},"pwb-brand":[2090],"product_brand":[],"product_cat":[2382,2324],"product_tag":[2188],"class_list":{"0":"post-224022","1":"product","2":"type-product","3":"status-publish","4":"has-post-thumbnail","6":"pwb-brand-nuvole-di-stoffa-es","7":"product_cat-accesorios-de-cocina","8":"product_cat-cocina","9":"product_tag-my-home-es","11":"first","12":"instock","13":"taxable","14":"shipping-taxable","15":"purchasable","16":"product-type-simple"},"brands":[{"id":2090,"name":"Nuvole di Stoffa","slug":"nuvole-di-stoffa-es"}],"_links":{"self":[{"href":"https:\/\/www.tendenzeshabbychic.it\/es\/wp-json\/wp\/v2\/product\/224022","targetHints":{"allow":["GET"]}}],"collection":[{"href":"https:\/\/www.tendenzeshabbychic.it\/es\/wp-json\/wp\/v2\/product"}],"about":[{"href":"https:\/\/www.tendenzeshabbychic.it\/es\/wp-json\/wp\/v2\/types\/product"}],"replies":[{"embeddable":true,"href":"https:\/\/www.tendenzeshabbychic.it\/es\/wp-json\/wp\/v2\/comments?post=224022"}],"wp:featuredmedia":[{"embeddable":true,"href":"https:\/\/www.tendenzeshabbychic.it\/es\/wp-json\/wp\/v2\/media\/224006"}],"wp:attachment":[{"href":"https:\/\/www.tendenzeshabbychic.it\/es\/wp-json\/wp\/v2\/media?parent=224022"}],"wp:term":[{"taxonomy":"pwb-brand","embeddable":true,"href":"https:\/\/www.tendenzeshabbychic.it\/es\/wp-json\/wp\/v2\/pwb-brand?post=224022"},{"taxonomy":"product_brand","embeddable":true,"href":"https:\/\/www.tendenzeshabbychic.it\/es\/wp-json\/wp\/v2\/product_brand?post=224022"},{"taxonomy":"product_cat","embeddable":true,"href":"https:\/\/www.tendenzeshabbychic.it\/es\/wp-json\/wp\/v2\/product_cat?post=224022"},{"taxonomy":"product_tag","embeddable":true,"href":"https:\/\/www.tendenzeshabbychic.it\/es\/wp-json\/wp\/v2\/product_tag?post=224022"}],"curies":[{"name":"wp","href":"https:\/\/api.w.org\/{rel}","templated":true}]}}