{"id":224019,"date":"2026-04-01T06:59:16","date_gmt":"2026-04-01T04:59:16","guid":{"rendered":"https:\/\/www.tendenzeshabbychic.it\/prodotto\/nuvole-di-stoffa-contenedor-de-cosas-buenas-y-genuinas-168-cm\/"},"modified":"2026-04-17T09:09:05","modified_gmt":"2026-04-17T07:09:05","slug":"nuvole-di-stoffa-contenedor-de-cosas-buenas-y-genuinas-168-cm","status":"publish","type":"product","link":"https:\/\/www.tendenzeshabbychic.it\/es\/producto\/nuvole-di-stoffa-contenedor-de-cosas-buenas-y-genuinas-168-cm\/","title":{"rendered":"Nuvole di Stoffa Contenedor de cosas buenas y genuinas 16,8 cm"},"content":{"rendered":"<p>Este recipiente Nuvole di Stoffa encierra la esencia de la cocina aut\u00e9ntica, hecha con cari\u00f1o. Fabricado en gres fino, se caracteriza por un acabado mate aterciopelado al tacto, en un delicado tono neutro que aporta luminosidad a la estancia. <\/p>\n<p>Las palabras \u00abCosas buenas y sanas\u00bb, impresas en letra sencilla y adornadas con un coraz\u00f3n decorativo, recuerdan los valores de tradici\u00f3n y calidad. La tapa de pl\u00e1stico transparente con cierre a presi\u00f3n protege el contenido y es perfecta para guardar dulces, preparados caseros o ingredientes listos para usar. Un recipiente pr\u00e1ctico que tambi\u00e9n es bonito de dejar a la vista.  <\/p>\n<p><strong>Fortalezas<\/strong><\/p>\n<ul>\n<li>Gres fino elegante y duradero<\/li>\n<li>Letras decorativas con un fuerte valor emocional<\/li>\n<li>Forma redonda espaciosa y vers\u00e1til<\/li>\n<li>Pr\u00e1ctico tap\u00f3n de pl\u00e1stico para uso diario<\/li>\n<li>Ideal para una cocina ordenada y acogedora<\/li>\n<\/ul>\n","protected":false},"excerpt":{"rendered":"<p>Nuvole di Stoffa (Nubes de Tela) Recipiente de gres fino (cer\u00e1mica) con tapa de pl\u00e1stico transparente con pr\u00e1ctico cierre. La forma redonda y la superficie lisa de color crema est\u00e1n decoradas con la inscripci\u00f3n \u00abCosas buenas y genuinas\u00bb en un tono c\u00e1lido, complementada con un peque\u00f1o coraz\u00f3n central. Ideal para guardar cuidadosamente preparaciones caseras.  <\/p>\n<ul>\n<li>puedes utilizarlo en el microondas (sin tapa)<\/li>\n<li>la v\u00e1lvula de la tapa sirve para conservar mejor los alimentos (calientes y fr\u00edos)<\/li>\n<li>Aptas para el lavavajillas<\/li>\n<\/ul>\n<p><em>Dimensiones:<\/em><br \/>\n16,8 x 16,8 x 7,3 cm<\/p>\n","protected":false},"featured_media":224009,"comment_status":"open","ping_status":"closed","template":"","meta":{"_joinchat":[]},"pwb-brand":[2090],"product_brand":[],"product_cat":[2382,2324],"product_tag":[2188],"class_list":{"0":"post-224019","1":"product","2":"type-product","3":"status-publish","4":"has-post-thumbnail","6":"pwb-brand-nuvole-di-stoffa-es","7":"product_cat-accesorios-de-cocina","8":"product_cat-cocina","9":"product_tag-my-home-es","11":"first","12":"instock","13":"taxable","14":"shipping-taxable","15":"purchasable","16":"product-type-simple"},"brands":[{"id":2090,"name":"Nuvole di Stoffa","slug":"nuvole-di-stoffa-es"}],"_links":{"self":[{"href":"https:\/\/www.tendenzeshabbychic.it\/es\/wp-json\/wp\/v2\/product\/224019","targetHints":{"allow":["GET"]}}],"collection":[{"href":"https:\/\/www.tendenzeshabbychic.it\/es\/wp-json\/wp\/v2\/product"}],"about":[{"href":"https:\/\/www.tendenzeshabbychic.it\/es\/wp-json\/wp\/v2\/types\/product"}],"replies":[{"embeddable":true,"href":"https:\/\/www.tendenzeshabbychic.it\/es\/wp-json\/wp\/v2\/comments?post=224019"}],"wp:featuredmedia":[{"embeddable":true,"href":"https:\/\/www.tendenzeshabbychic.it\/es\/wp-json\/wp\/v2\/media\/224009"}],"wp:attachment":[{"href":"https:\/\/www.tendenzeshabbychic.it\/es\/wp-json\/wp\/v2\/media?parent=224019"}],"wp:term":[{"taxonomy":"pwb-brand","embeddable":true,"href":"https:\/\/www.tendenzeshabbychic.it\/es\/wp-json\/wp\/v2\/pwb-brand?post=224019"},{"taxonomy":"product_brand","embeddable":true,"href":"https:\/\/www.tendenzeshabbychic.it\/es\/wp-json\/wp\/v2\/product_brand?post=224019"},{"taxonomy":"product_cat","embeddable":true,"href":"https:\/\/www.tendenzeshabbychic.it\/es\/wp-json\/wp\/v2\/product_cat?post=224019"},{"taxonomy":"product_tag","embeddable":true,"href":"https:\/\/www.tendenzeshabbychic.it\/es\/wp-json\/wp\/v2\/product_tag?post=224019"}],"curies":[{"name":"wp","href":"https:\/\/api.w.org\/{rel}","templated":true}]}}