{"id":224001,"date":"2026-01-20T20:04:03","date_gmt":"2026-01-20T19:04:03","guid":{"rendered":"https:\/\/www.tendenzeshabbychic.it\/prodotto\/latelier-17-baston-cetro-160-310-cm-oro-antiguo\/"},"modified":"2026-01-20T20:04:03","modified_gmt":"2026-01-20T19:04:03","slug":"latelier-17-baston-cetro-160-310-cm-oro-antiguo","status":"publish","type":"product","link":"https:\/\/www.tendenzeshabbychic.it\/es\/producto\/latelier-17-baston-cetro-160-310-cm-oro-antiguo\/","title":{"rendered":"L&#8217;Atelier 17 Bast\u00f3n Cetro 160-310 cm Oro Antiguo"},"content":{"rendered":"<p>Esta barra para cortinas de <em>L&#8217;Atelier<\/em> 17 es una pieza <em>formidable<\/em>, dise\u00f1ada para embellecer salones, dormitorios o habitaciones de estilo Shabby Chic o cl\u00e1sico. Fabricada en madera, presenta un acabado decapado beige con pinceladas doradas que a\u00f1aden calidez y atractivo visual. El remate, inspirado en la forma de un cetro, est\u00e1 finamente elaborado con ranuras helicoidales y bordes dorados, un detalle que llama inmediatamente la atenci\u00f3n.  <\/p>\n<p>Extensible hasta 310 cm, se adapta f\u00e1cilmente a ventanas de distintos tama\u00f1os, ofreciendo la m\u00e1xima flexibilidad. Las anillas incluidas, coordinadas en tonos marfil y dorado, completan la est\u00e9tica <em>lujosa<\/em> y <em>armoniosa<\/em> del bast\u00f3n. <\/p>\n<p>Perfecta para ambientes elegantes, puede combinarse con Cortinas ligeras o cortinas m\u00e1s sustanciosas para obtener un resultado espectacular con gran personalidad.<\/p>\n","protected":false},"excerpt":{"rendered":"<p>Una barra de cortinas <em>refinada y prestigiosa<\/em> de madera decapada beige con elegantes tonos dorados y acabado en cetro, perfecta para ambientes cl\u00e1sicos.<\/p>\n<p>\ud83d\udccf Alto 5 x Ancho 160\/310 x Fondo 5 cm<\/p>\n<p>Llegar\u00e1 completa con accesorios para colgarla en la pared.<\/p>\n","protected":false},"featured_media":223997,"comment_status":"closed","ping_status":"closed","template":"","meta":{"_joinchat":[]},"pwb-brand":[2086],"product_brand":[],"product_cat":[2356,2355],"product_tag":[2848],"class_list":{"0":"post-224001","1":"product","2":"type-product","3":"status-publish","4":"has-post-thumbnail","6":"pwb-brand-latelier-17","7":"product_cat-accesorios-para-cortinas","8":"product_cat-cortinas","9":"product_tag-dormitorio","11":"first","12":"instock","13":"taxable","14":"shipping-taxable","15":"purchasable","16":"product-type-simple"},"brands":[{"id":2086,"name":"L'Atelier 17","slug":"latelier-17"}],"_links":{"self":[{"href":"https:\/\/www.tendenzeshabbychic.it\/es\/wp-json\/wp\/v2\/product\/224001","targetHints":{"allow":["GET"]}}],"collection":[{"href":"https:\/\/www.tendenzeshabbychic.it\/es\/wp-json\/wp\/v2\/product"}],"about":[{"href":"https:\/\/www.tendenzeshabbychic.it\/es\/wp-json\/wp\/v2\/types\/product"}],"replies":[{"embeddable":true,"href":"https:\/\/www.tendenzeshabbychic.it\/es\/wp-json\/wp\/v2\/comments?post=224001"}],"wp:featuredmedia":[{"embeddable":true,"href":"https:\/\/www.tendenzeshabbychic.it\/es\/wp-json\/wp\/v2\/media\/223997"}],"wp:attachment":[{"href":"https:\/\/www.tendenzeshabbychic.it\/es\/wp-json\/wp\/v2\/media?parent=224001"}],"wp:term":[{"taxonomy":"pwb-brand","embeddable":true,"href":"https:\/\/www.tendenzeshabbychic.it\/es\/wp-json\/wp\/v2\/pwb-brand?post=224001"},{"taxonomy":"product_brand","embeddable":true,"href":"https:\/\/www.tendenzeshabbychic.it\/es\/wp-json\/wp\/v2\/product_brand?post=224001"},{"taxonomy":"product_cat","embeddable":true,"href":"https:\/\/www.tendenzeshabbychic.it\/es\/wp-json\/wp\/v2\/product_cat?post=224001"},{"taxonomy":"product_tag","embeddable":true,"href":"https:\/\/www.tendenzeshabbychic.it\/es\/wp-json\/wp\/v2\/product_tag?post=224001"}],"curies":[{"name":"wp","href":"https:\/\/api.w.org\/{rel}","templated":true}]}}