{"id":223881,"date":"2026-01-20T11:40:10","date_gmt":"2026-01-20T10:40:10","guid":{"rendered":"https:\/\/www.tendenzeshabbychic.it\/prodotto\/nuvole-di-stoffa-decoraciones-colgantes-conejos-pepen\/"},"modified":"2026-01-21T00:03:25","modified_gmt":"2026-01-20T23:03:25","slug":"nuvole-di-stoffa-decoraciones-colgantes-conejos-pepen","status":"publish","type":"product","link":"https:\/\/www.tendenzeshabbychic.it\/es\/producto\/nuvole-di-stoffa-decoraciones-colgantes-conejos-pepen\/","title":{"rendered":"Nuvole di Stoffa Decoraciones Colgantes Conejos PePen"},"content":{"rendered":"<p>Estos adornos Nuvole di Stoffa (Nubes de tela) de la colecci\u00f3n PePen est\u00e1n hechos de hojalata moldeada e impresos con im\u00e1genes de conejos rodeados de delicadas composiciones florales. La superficie presenta un acabado liso con un estampado de efecto pict\u00f3rico en tonos rosa empolvado, azul empolvado y marfil. El perfil dorado a\u00f1ade brillo y sofisticaci\u00f3n, mientras que el cordel blanco hace que est\u00e9n listos para colgar. Ideales para decorar ramas, tiradores, pomos, ventanas o paredes, son perfectas para crear un ambiente elegante y armonioso de Pascua y primavera, tambi\u00e9n en combinaci\u00f3n con otros art\u00edculos PePen.   <\/p>\n<p><strong>Fortalezas<\/strong><\/p>\n<ul>\n<li>Adornos de hojalata ligeros y duraderos<\/li>\n<li>Estampado rom\u00e1ntico con conejos y flores pastel<\/li>\n<li>Elegante y luminoso borde dorado<\/li>\n<li>Listo para colgar, ideal para la decoraci\u00f3n de Pascua<\/li>\n<\/ul>\n","protected":false},"excerpt":{"rendered":"<p>Set de adornos colgantes de hojalata de la colecci\u00f3n PePen, en forma de huevo con dulces conejos ilustrados. Cada decoraci\u00f3n est\u00e1 rematada con un elegante borde dorado e incluye un cordel para colgarla. Los tonos pastel y el efecto pict\u00f3rico aportan un encanto rom\u00e1ntico y primaveral, perfecto para el estilo Shabby Chic.  <\/p>\n<p><em>Dimensiones:<\/em><br \/>\n7 x 10 x D 1,5 cm<\/p>\n","protected":false},"featured_media":223883,"comment_status":"open","ping_status":"closed","template":"","meta":{"_joinchat":[]},"pwb-brand":[2090],"product_brand":[],"product_cat":[2396,2369],"product_tag":[3432,3394,2152,3439],"class_list":{"0":"post-223881","1":"product","2":"type-product","3":"status-publish","4":"has-post-thumbnail","6":"pwb-brand-nuvole-di-stoffa-es","7":"product_cat-objetos","8":"product_cat-pascua","9":"product_tag-arbol-de-pascua","10":"product_tag-colleccion-pepen","11":"product_tag-conejos","12":"product_tag-decoraciones-colgantes","14":"first","15":"instock","16":"sale","17":"taxable","18":"shipping-taxable","19":"purchasable","20":"product-type-variable"},"brands":[{"id":2090,"name":"Nuvole di Stoffa","slug":"nuvole-di-stoffa-es"}],"_links":{"self":[{"href":"https:\/\/www.tendenzeshabbychic.it\/es\/wp-json\/wp\/v2\/product\/223881","targetHints":{"allow":["GET"]}}],"collection":[{"href":"https:\/\/www.tendenzeshabbychic.it\/es\/wp-json\/wp\/v2\/product"}],"about":[{"href":"https:\/\/www.tendenzeshabbychic.it\/es\/wp-json\/wp\/v2\/types\/product"}],"replies":[{"embeddable":true,"href":"https:\/\/www.tendenzeshabbychic.it\/es\/wp-json\/wp\/v2\/comments?post=223881"}],"wp:featuredmedia":[{"embeddable":true,"href":"https:\/\/www.tendenzeshabbychic.it\/es\/wp-json\/wp\/v2\/media\/223883"}],"wp:attachment":[{"href":"https:\/\/www.tendenzeshabbychic.it\/es\/wp-json\/wp\/v2\/media?parent=223881"}],"wp:term":[{"taxonomy":"pwb-brand","embeddable":true,"href":"https:\/\/www.tendenzeshabbychic.it\/es\/wp-json\/wp\/v2\/pwb-brand?post=223881"},{"taxonomy":"product_brand","embeddable":true,"href":"https:\/\/www.tendenzeshabbychic.it\/es\/wp-json\/wp\/v2\/product_brand?post=223881"},{"taxonomy":"product_cat","embeddable":true,"href":"https:\/\/www.tendenzeshabbychic.it\/es\/wp-json\/wp\/v2\/product_cat?post=223881"},{"taxonomy":"product_tag","embeddable":true,"href":"https:\/\/www.tendenzeshabbychic.it\/es\/wp-json\/wp\/v2\/product_tag?post=223881"}],"curies":[{"name":"wp","href":"https:\/\/api.w.org\/{rel}","templated":true}]}}