{"id":223852,"date":"2026-01-27T22:20:01","date_gmt":"2026-01-27T21:20:01","guid":{"rendered":"https:\/\/www.tendenzeshabbychic.it\/prodotto\/difusor-nuvole-di-stoffa-sweet-bear-70-ml\/"},"modified":"2026-01-21T00:03:15","modified_gmt":"2026-01-20T23:03:15","slug":"difusor-nuvole-di-stoffa-sweet-bear-70-ml","status":"publish","type":"product","link":"https:\/\/www.tendenzeshabbychic.it\/es\/producto\/difusor-nuvole-di-stoffa-sweet-bear-70-ml\/","title":{"rendered":"Difusor Nuvole di Stoffa Sweet Bear 70 ml"},"content":{"rendered":"<p>Una fragancia que da la bienvenida y un dise\u00f1o que decora: el difusor Sweet Bear Nuvole di Stoffa (70 ml) combina cristal transparente, un brillante tap\u00f3n dorado y una rom\u00e1ntica etiqueta con rayas pastel, una guirnalda de rosas y detalles de \u00abosito de peluche\u00bb. La fragancia se abre con <strong>grosella negra, pomelo y lim\u00f3n<\/strong>, contin\u00faa con <strong>fresia, jazm\u00edn y lirio de los valles<\/strong> y se cierra con <strong>almizcle, s\u00e1ndalo y \u00e1mbar<\/strong> para una estela suave y envolvente. El estuche a juego lo convierte en un complemento de buen gusto para el recibidor, el cuarto de ba\u00f1o o el dormitorio.  <\/p>\n<ul>\n<li>Tap\u00f3n de oro y cristal: aspecto elegante<\/li>\n<li>Palos de madera para una difusi\u00f3n constante<\/li>\n<li>Sofisticada, fresca y luego envolvente pir\u00e1mide olfativa<\/li>\n<li>Embalaje Sweet Bear: regalo instant\u00e1neo<\/li>\n<li>Perfecto para coordinar con la colecci\u00f3n<\/li>\n<\/ul>\n","protected":false},"excerpt":{"rendered":"<p>Difusor de varillas de la colecci\u00f3n <strong>Sweet<\/strong> Bear, en una botella de cristal transparente con una etiqueta delicadamente rayada y una guirnalda floral rosa\/verde, adornada con la dulce carita del osito. Tap\u00f3n <strong>dorado brillante<\/strong> y varillas de madera natural para una difusi\u00f3n elegante y continua. Caja alta a juego con rayas, lunares y osito ilustrado: perfecta como regalo, ya \u00ablista para el escenario\u00bb.  <\/p>\n<p><b>(<\/b>capacidad 70 ml)<\/p>\n","protected":false},"featured_media":223854,"comment_status":"open","ping_status":"closed","template":"","meta":{"_joinchat":[]},"pwb-brand":[2090],"product_brand":[],"product_cat":[2342,2344],"product_tag":[3417],"class_list":{"0":"post-223852","1":"product","2":"type-product","3":"status-publish","4":"has-post-thumbnail","6":"pwb-brand-nuvole-di-stoffa-es","7":"product_cat-difusores-de-cana","8":"product_cat-perfumistas","9":"product_tag-colleccion-sweet-bear","11":"first","12":"instock","13":"taxable","14":"shipping-taxable","15":"purchasable","16":"product-type-simple"},"brands":[{"id":2090,"name":"Nuvole di Stoffa","slug":"nuvole-di-stoffa-es"}],"_links":{"self":[{"href":"https:\/\/www.tendenzeshabbychic.it\/es\/wp-json\/wp\/v2\/product\/223852","targetHints":{"allow":["GET"]}}],"collection":[{"href":"https:\/\/www.tendenzeshabbychic.it\/es\/wp-json\/wp\/v2\/product"}],"about":[{"href":"https:\/\/www.tendenzeshabbychic.it\/es\/wp-json\/wp\/v2\/types\/product"}],"replies":[{"embeddable":true,"href":"https:\/\/www.tendenzeshabbychic.it\/es\/wp-json\/wp\/v2\/comments?post=223852"}],"wp:featuredmedia":[{"embeddable":true,"href":"https:\/\/www.tendenzeshabbychic.it\/es\/wp-json\/wp\/v2\/media\/223854"}],"wp:attachment":[{"href":"https:\/\/www.tendenzeshabbychic.it\/es\/wp-json\/wp\/v2\/media?parent=223852"}],"wp:term":[{"taxonomy":"pwb-brand","embeddable":true,"href":"https:\/\/www.tendenzeshabbychic.it\/es\/wp-json\/wp\/v2\/pwb-brand?post=223852"},{"taxonomy":"product_brand","embeddable":true,"href":"https:\/\/www.tendenzeshabbychic.it\/es\/wp-json\/wp\/v2\/product_brand?post=223852"},{"taxonomy":"product_cat","embeddable":true,"href":"https:\/\/www.tendenzeshabbychic.it\/es\/wp-json\/wp\/v2\/product_cat?post=223852"},{"taxonomy":"product_tag","embeddable":true,"href":"https:\/\/www.tendenzeshabbychic.it\/es\/wp-json\/wp\/v2\/product_tag?post=223852"}],"curies":[{"name":"wp","href":"https:\/\/api.w.org\/{rel}","templated":true}]}}