{"id":223824,"date":"2026-01-27T23:03:01","date_gmt":"2026-01-27T22:03:01","guid":{"rendered":"https:\/\/www.tendenzeshabbychic.it\/prodotto\/nuvole-di-stoffa-naranja-corazon-de-angel-12-cm\/"},"modified":"2026-01-21T00:03:07","modified_gmt":"2026-01-20T23:03:07","slug":"nuvole-di-stoffa-naranja-corazon-de-angel-12-cm","status":"publish","type":"product","link":"https:\/\/www.tendenzeshabbychic.it\/es\/producto\/nuvole-di-stoffa-naranja-corazon-de-angel-12-cm\/","title":{"rendered":"Nuvole di Stoffa Naranja Coraz\u00f3n de \u00c1ngel 12 cm"},"content":{"rendered":"<p>Un delicado \u00e1ngel que a\u00f1ade inmediatamente calidez y poes\u00eda al hogar. La figura de resina tiene un suave vestido naranja con matices suaves y un acabado luminoso; las <strong>anchas alas<\/strong> son blancas con toques brillantes que captan la luz. El detalle estrella es la <strong>guirnalda<\/strong> de flores rosas <strong>en forma de coraz\u00f3n<\/strong>, rom\u00e1ntica y simb\u00f3lica, de la que se hace eco la corona. Ideal en una estanter\u00eda, mesilla de noche o en un rinc\u00f3n de la entrada: un peque\u00f1o talism\u00e1n de dulzura, tambi\u00e9n perfecto como regalo pensado.   <\/p>\n<ul>\n<li>Vestido naranja melocot\u00f3n deste\u00f1ido, elegante y c\u00e1lido<\/li>\n<li>Guirnalda de flores rosas en forma de coraz\u00f3n (detalle central)<\/li>\n<li>Alas blancas con reflejos luminosos<\/li>\n<li>Base decorada con flores en relieve y enrejado<\/li>\n<li>Tama\u00f1o 12 cm: perfecto para espacios peque\u00f1os<\/li>\n<\/ul>\n","protected":false},"excerpt":{"rendered":"<p>Decoraci\u00f3n de <strong>resina<\/strong> de estilo rom\u00e1ntico: un \u00e1ngel con un <strong>vestido de tonos anaranjados melocot\u00f3n<\/strong> y <strong>alas blancas<\/strong> con delicados reflejos luminosos. En la imagen sostiene en sus manos una <strong>guirnalda en forma de coraz\u00f3n<\/strong> de peque\u00f1as flores rosas, a juego con la <strong>corona floral<\/strong> que lleva en el pelo. La base est\u00e1 adornada con un motivo de <strong>flores rosas y una<\/strong> enredadera <strong>verde<\/strong> en relieve: dulce, elegante y perfecta como regalo.  <\/p>\n<p><strong>Dimensiones<\/strong><br \/>\nDimensiones <strong>8 x 4,5 x 12 cm.<\/strong><\/p>\n","protected":false},"featured_media":223827,"comment_status":"open","ping_status":"closed","template":"","meta":{"_joinchat":[]},"pwb-brand":[2090],"product_brand":[],"product_cat":[2396],"product_tag":[2308,3402],"class_list":{"0":"post-223824","1":"product","2":"type-product","3":"status-publish","4":"has-post-thumbnail","6":"pwb-brand-nuvole-di-stoffa-es","7":"product_cat-objetos","8":"product_tag-angeles","9":"product_tag-colleccion-fiorira","11":"first","12":"instock","13":"taxable","14":"shipping-taxable","15":"purchasable","16":"product-type-simple"},"brands":[{"id":2090,"name":"Nuvole di Stoffa","slug":"nuvole-di-stoffa-es"}],"_links":{"self":[{"href":"https:\/\/www.tendenzeshabbychic.it\/es\/wp-json\/wp\/v2\/product\/223824","targetHints":{"allow":["GET"]}}],"collection":[{"href":"https:\/\/www.tendenzeshabbychic.it\/es\/wp-json\/wp\/v2\/product"}],"about":[{"href":"https:\/\/www.tendenzeshabbychic.it\/es\/wp-json\/wp\/v2\/types\/product"}],"replies":[{"embeddable":true,"href":"https:\/\/www.tendenzeshabbychic.it\/es\/wp-json\/wp\/v2\/comments?post=223824"}],"wp:featuredmedia":[{"embeddable":true,"href":"https:\/\/www.tendenzeshabbychic.it\/es\/wp-json\/wp\/v2\/media\/223827"}],"wp:attachment":[{"href":"https:\/\/www.tendenzeshabbychic.it\/es\/wp-json\/wp\/v2\/media?parent=223824"}],"wp:term":[{"taxonomy":"pwb-brand","embeddable":true,"href":"https:\/\/www.tendenzeshabbychic.it\/es\/wp-json\/wp\/v2\/pwb-brand?post=223824"},{"taxonomy":"product_brand","embeddable":true,"href":"https:\/\/www.tendenzeshabbychic.it\/es\/wp-json\/wp\/v2\/product_brand?post=223824"},{"taxonomy":"product_cat","embeddable":true,"href":"https:\/\/www.tendenzeshabbychic.it\/es\/wp-json\/wp\/v2\/product_cat?post=223824"},{"taxonomy":"product_tag","embeddable":true,"href":"https:\/\/www.tendenzeshabbychic.it\/es\/wp-json\/wp\/v2\/product_tag?post=223824"}],"curies":[{"name":"wp","href":"https:\/\/api.w.org\/{rel}","templated":true}]}}