{"id":223764,"date":"2026-01-20T11:40:39","date_gmt":"2026-01-20T10:40:39","guid":{"rendered":"https:\/\/www.tendenzeshabbychic.it\/prodotto\/tetera-o-taza-pepen-conejo-resina-h-10-cm\/"},"modified":"2026-01-20T23:42:53","modified_gmt":"2026-01-20T22:42:53","slug":"tetera-o-taza-pepen-conejo-resina-h-10-cm","status":"publish","type":"product","link":"https:\/\/www.tendenzeshabbychic.it\/es\/producto\/tetera-o-taza-pepen-conejo-resina-h-10-cm\/","title":{"rendered":"Tetera o Taza PePen Conejo Resina H 10 cm"},"content":{"rendered":"<p>El <strong>conejo de resina PePen sobre una tetera o taza<\/strong> es una decoraci\u00f3n de Pascua refinada y po\u00e9tica, ideal para enriquecer el hogar con un toque primaveral de Shabby Chic. Cada pieza se <strong>vende individualmente<\/strong> y se presenta en un <strong>dise\u00f1o surtido<\/strong>, con el conejito tumbado sobre una tetera peque\u00f1a o una taza. <\/p>\n<p>Las superficies est\u00e1n adornadas con <strong>decoraciones florales pintadas<\/strong>, tonos pastel claros y <strong>detalles dorados<\/strong> que realzan las asas y los bordes. La resina trabajada da un delicado efecto texturizado, mientras que la suave expresi\u00f3n del conejo transmite calma y armon\u00eda. Perfecto como adorno para estanter\u00edas, mesas de Pascua o vitrinas, tambi\u00e9n es una bonita <strong>idea de regalo<\/strong> para los amantes de los adornos de gran calidad y cuidadosamente elaborados.  <\/p>\n<p><strong>Fortalezas:<\/strong><\/p>\n<ul>\n<li>Se venden por unidad (modelo de tetera o taza surtido)<\/li>\n<li>De resina con acabado detallado<\/li>\n<li>Decoraciones florales y toques dorados<\/li>\n<li>Altura 10 cm<\/li>\n<li>Ideal para una elegante decoraci\u00f3n de Pascua<\/li>\n<li>Perfecto como peque\u00f1o regalo de primavera<\/li>\n<\/ul>\n","protected":false},"excerpt":{"rendered":"<p>Encantador <strong>conejo decorativo de resina<\/strong>, colecci\u00f3n PePen, disponible en <strong>surtido de tetera o taza<\/strong>. Acabado a mano con detalles florales y toques dorados, es perfecto para decoraciones de Pascua elegantes y rom\u00e1nticas. <\/p>\n<p><strong>Dimensiones:<\/strong><br \/>\nTetera 7,5 x 5 x 10 cm<br \/>\nTaza 6 x 4,5 x 10 cm<\/p>\n","protected":false},"featured_media":223767,"comment_status":"open","ping_status":"closed","template":"","meta":{"_joinchat":[]},"pwb-brand":[2090],"product_brand":[],"product_cat":[2396,2369],"product_tag":[3394,2152],"class_list":{"0":"post-223764","1":"product","2":"type-product","3":"status-publish","4":"has-post-thumbnail","6":"pwb-brand-nuvole-di-stoffa-es","7":"product_cat-objetos","8":"product_cat-pascua","9":"product_tag-colleccion-pepen","10":"product_tag-conejos","12":"first","13":"instock","14":"sale","15":"taxable","16":"shipping-taxable","17":"purchasable","18":"product-type-variable"},"brands":[{"id":2090,"name":"Nuvole di Stoffa","slug":"nuvole-di-stoffa-es"}],"_links":{"self":[{"href":"https:\/\/www.tendenzeshabbychic.it\/es\/wp-json\/wp\/v2\/product\/223764","targetHints":{"allow":["GET"]}}],"collection":[{"href":"https:\/\/www.tendenzeshabbychic.it\/es\/wp-json\/wp\/v2\/product"}],"about":[{"href":"https:\/\/www.tendenzeshabbychic.it\/es\/wp-json\/wp\/v2\/types\/product"}],"replies":[{"embeddable":true,"href":"https:\/\/www.tendenzeshabbychic.it\/es\/wp-json\/wp\/v2\/comments?post=223764"}],"wp:featuredmedia":[{"embeddable":true,"href":"https:\/\/www.tendenzeshabbychic.it\/es\/wp-json\/wp\/v2\/media\/223767"}],"wp:attachment":[{"href":"https:\/\/www.tendenzeshabbychic.it\/es\/wp-json\/wp\/v2\/media?parent=223764"}],"wp:term":[{"taxonomy":"pwb-brand","embeddable":true,"href":"https:\/\/www.tendenzeshabbychic.it\/es\/wp-json\/wp\/v2\/pwb-brand?post=223764"},{"taxonomy":"product_brand","embeddable":true,"href":"https:\/\/www.tendenzeshabbychic.it\/es\/wp-json\/wp\/v2\/product_brand?post=223764"},{"taxonomy":"product_cat","embeddable":true,"href":"https:\/\/www.tendenzeshabbychic.it\/es\/wp-json\/wp\/v2\/product_cat?post=223764"},{"taxonomy":"product_tag","embeddable":true,"href":"https:\/\/www.tendenzeshabbychic.it\/es\/wp-json\/wp\/v2\/product_tag?post=223764"}],"curies":[{"name":"wp","href":"https:\/\/api.w.org\/{rel}","templated":true}]}}