{"id":223450,"date":"2026-01-27T23:03:01","date_gmt":"2026-01-27T22:03:01","guid":{"rendered":"https:\/\/www.tendenzeshabbychic.it\/prodotto\/nuvole-di-stoffa-angel-fiorira-amarillo-12-cm\/"},"modified":"2026-01-20T10:00:41","modified_gmt":"2026-01-20T09:00:41","slug":"nuvole-di-stoffa-angel-fiorira-amarillo-12-cm","status":"publish","type":"product","link":"https:\/\/www.tendenzeshabbychic.it\/es\/producto\/nuvole-di-stoffa-angel-fiorira-amarillo-12-cm\/","title":{"rendered":"Nuvole di Stoffa Angel Fiorir\u00e0 Amarillo 12 cm"},"content":{"rendered":"<p>Un \u00e1ngel que aporta luz y ternura a todos los rincones del hogar. <strong>De resina<\/strong>, tiene un vestido amarillo delicadamente matizado, <strong>amplias alas<\/strong> con reflejos dorados y un <strong>coraz\u00f3n rosa<\/strong> entrelazado en las manos, s\u00edmbolo de afecto y protecci\u00f3n. Los detalles florales del borde del vestido y la corona de flores recuerdan toda la poes\u00eda de la colecci\u00f3n <strong>Fiorir\u00e0<\/strong>. Perfecto en una estanter\u00eda, en la mesilla de noche o en un rinc\u00f3n del recibidor; tambi\u00e9n es ideal como regalo pensado o como refinado detalle de boda.   <\/p>\n<ul>\n<li>Resina cuidada al detalle, acabado delicado<\/li>\n<li>Alas con borde efecto purpurina<\/li>\n<li>Coraz\u00f3n central rosa: mensaje dulce y simb\u00f3lico<\/li>\n<li>Decoraciones florales en relieve en la base y el vestido<\/li>\n<li>Tama\u00f1o perfecto para espacios peque\u00f1os<\/li>\n<\/ul>\n","protected":false},"excerpt":{"rendered":"<p>Delicado \u00e1ngel de <strong>resina<\/strong> de la colecci\u00f3n <strong>Fiorir\u00e0<\/strong>, con vestido amarillo matizado y detalles rom\u00e1nticos. La imagen muestra una corona de flores rosas en su pelo recogido, <strong>alas blancas con bordes dorados\/brillantes<\/strong> y un <strong>coraz\u00f3n rosa<\/strong> en sus manos, ligeramente brillante. La base est\u00e1 adornada con peque\u00f1as flores y hojas en relieve, un toque dulce que decora al instante.  <\/p>\n<p><strong>Dimensiones<\/strong><br \/>\nDimensiones <strong>8 x 4,5 x 12 cm.<\/strong><\/p>\n","protected":false},"featured_media":223438,"comment_status":"open","ping_status":"closed","template":"","meta":{"_joinchat":[]},"pwb-brand":[2090],"product_brand":[],"product_cat":[2396],"product_tag":[2308,3402],"class_list":{"0":"post-223450","1":"product","2":"type-product","3":"status-publish","4":"has-post-thumbnail","6":"pwb-brand-nuvole-di-stoffa-es","7":"product_cat-objetos","8":"product_tag-angeles","9":"product_tag-colleccion-fiorira","11":"first","12":"instock","13":"taxable","14":"shipping-taxable","15":"purchasable","16":"product-type-simple"},"brands":[{"id":2090,"name":"Nuvole di Stoffa","slug":"nuvole-di-stoffa-es"}],"_links":{"self":[{"href":"https:\/\/www.tendenzeshabbychic.it\/es\/wp-json\/wp\/v2\/product\/223450","targetHints":{"allow":["GET"]}}],"collection":[{"href":"https:\/\/www.tendenzeshabbychic.it\/es\/wp-json\/wp\/v2\/product"}],"about":[{"href":"https:\/\/www.tendenzeshabbychic.it\/es\/wp-json\/wp\/v2\/types\/product"}],"replies":[{"embeddable":true,"href":"https:\/\/www.tendenzeshabbychic.it\/es\/wp-json\/wp\/v2\/comments?post=223450"}],"wp:featuredmedia":[{"embeddable":true,"href":"https:\/\/www.tendenzeshabbychic.it\/es\/wp-json\/wp\/v2\/media\/223438"}],"wp:attachment":[{"href":"https:\/\/www.tendenzeshabbychic.it\/es\/wp-json\/wp\/v2\/media?parent=223450"}],"wp:term":[{"taxonomy":"pwb-brand","embeddable":true,"href":"https:\/\/www.tendenzeshabbychic.it\/es\/wp-json\/wp\/v2\/pwb-brand?post=223450"},{"taxonomy":"product_brand","embeddable":true,"href":"https:\/\/www.tendenzeshabbychic.it\/es\/wp-json\/wp\/v2\/product_brand?post=223450"},{"taxonomy":"product_cat","embeddable":true,"href":"https:\/\/www.tendenzeshabbychic.it\/es\/wp-json\/wp\/v2\/product_cat?post=223450"},{"taxonomy":"product_tag","embeddable":true,"href":"https:\/\/www.tendenzeshabbychic.it\/es\/wp-json\/wp\/v2\/product_tag?post=223450"}],"curies":[{"name":"wp","href":"https:\/\/api.w.org\/{rel}","templated":true}]}}