{"id":223340,"date":"2026-01-20T11:40:39","date_gmt":"2026-01-20T10:40:39","guid":{"rendered":"https:\/\/www.tendenzeshabbychic.it\/prodotto\/nuvole-di-stoffa-set-3-velas-huevo-rosa-pepen-9h\/"},"modified":"2026-01-20T11:40:39","modified_gmt":"2026-01-20T10:40:39","slug":"nuvole-di-stoffa-set-3-velas-huevo-rosa-pepen-9h","status":"publish","type":"product","link":"https:\/\/www.tendenzeshabbychic.it\/es\/producto\/nuvole-di-stoffa-set-3-velas-huevo-rosa-pepen-9h\/","title":{"rendered":"Nuvole di Stoffa Set 3 Velas Huevo Rosa PePen 9h"},"content":{"rendered":"<p>El set de 3 velas perfumadas rosas de la colecci\u00f3n PePen de Nuvole di Stoffa combina dise\u00f1o decorativo y fragancia refinada. Las velas, moldeadas en forma de huevo con peque\u00f1as orejas, tienen una superficie lisa y mate que realza el suave color rosa. El vaso de cristal transparente a\u00f1ade un toque elegante y tambi\u00e9n hace que el conjunto sea ideal como idea de regalo.<br \/>\nLa fragancia es viva y brillante: notas de salida c\u00edtricas de naranja, lim\u00f3n y jengibre se mezclan con un coraz\u00f3n fresco de hierba lim\u00f3n y sand\u00eda, cerr\u00e1ndose sobre una base envolvente de enebro de Virginia y pachul\u00ed. Perfecto para crear un ambiente primaveral en mesas de Pascua, consolas o peque\u00f1os rincones decorativos.   <\/p>\n<p><strong>Fortalezas:<\/strong><\/p>\n<ul>\n<li>Dise\u00f1o de huevo de Pascua con orejas<\/li>\n<li>Elegante color rosa empolvado<\/li>\n<li>Vaso de cristal refinado y decorativo<\/li>\n<li>Fragancia fresca de c\u00edtricos con base c\u00e1lida<\/li>\n<li>Envase ilustrado ideal como regalo<\/li>\n<\/ul>\n","protected":false},"excerpt":{"rendered":"<p>Delicado set de 3 velas perfumadas Nuvole di Stoffa con forma de huevo con orejas, en un refinado tono rosa empolvado. Cada vela est\u00e1 colocada en un elegante cuenco de cristal transparente y encerrada en un paquete ilustrado con motivos de Pascua. Fragancia fresca y c\u00edtrica. Colecci\u00f3n PePen.   <\/p>\n<p><em>Dimensiones:<\/em><br \/>\n5,3 x 3,5 cm &#8211; duraci\u00f3n aprox. 9 horas<\/p>\n","protected":false},"featured_media":223338,"comment_status":"open","ping_status":"closed","template":"","meta":{"_joinchat":[]},"pwb-brand":[2090],"product_brand":[],"product_cat":[2343,2369,2344,2321],"product_tag":[3394,2152,2164],"class_list":{"0":"post-223340","1":"product","2":"type-product","3":"status-publish","4":"has-post-thumbnail","6":"pwb-brand-nuvole-di-stoffa-es","7":"product_cat-velas-perfumadas","8":"product_cat-pascua","9":"product_cat-perfumistas","10":"product_cat-velas","11":"product_tag-colleccion-pepen","12":"product_tag-conejos","13":"product_tag-edicion-limitada","15":"first","16":"outofstock","17":"taxable","18":"shipping-taxable","19":"purchasable","20":"product-type-simple"},"brands":[{"id":2090,"name":"Nuvole di Stoffa","slug":"nuvole-di-stoffa-es"}],"_links":{"self":[{"href":"https:\/\/www.tendenzeshabbychic.it\/es\/wp-json\/wp\/v2\/product\/223340","targetHints":{"allow":["GET"]}}],"collection":[{"href":"https:\/\/www.tendenzeshabbychic.it\/es\/wp-json\/wp\/v2\/product"}],"about":[{"href":"https:\/\/www.tendenzeshabbychic.it\/es\/wp-json\/wp\/v2\/types\/product"}],"replies":[{"embeddable":true,"href":"https:\/\/www.tendenzeshabbychic.it\/es\/wp-json\/wp\/v2\/comments?post=223340"}],"wp:featuredmedia":[{"embeddable":true,"href":"https:\/\/www.tendenzeshabbychic.it\/es\/wp-json\/wp\/v2\/media\/223338"}],"wp:attachment":[{"href":"https:\/\/www.tendenzeshabbychic.it\/es\/wp-json\/wp\/v2\/media?parent=223340"}],"wp:term":[{"taxonomy":"pwb-brand","embeddable":true,"href":"https:\/\/www.tendenzeshabbychic.it\/es\/wp-json\/wp\/v2\/pwb-brand?post=223340"},{"taxonomy":"product_brand","embeddable":true,"href":"https:\/\/www.tendenzeshabbychic.it\/es\/wp-json\/wp\/v2\/product_brand?post=223340"},{"taxonomy":"product_cat","embeddable":true,"href":"https:\/\/www.tendenzeshabbychic.it\/es\/wp-json\/wp\/v2\/product_cat?post=223340"},{"taxonomy":"product_tag","embeddable":true,"href":"https:\/\/www.tendenzeshabbychic.it\/es\/wp-json\/wp\/v2\/product_tag?post=223340"}],"curies":[{"name":"wp","href":"https:\/\/api.w.org\/{rel}","templated":true}]}}