{"id":223336,"date":"2026-01-20T11:40:08","date_gmt":"2026-01-20T10:40:08","guid":{"rendered":"https:\/\/www.tendenzeshabbychic.it\/prodotto\/nuvole-di-stoffa-set-3-velas-verdes-huevo-pepen-9h\/"},"modified":"2026-01-20T11:40:08","modified_gmt":"2026-01-20T10:40:08","slug":"nuvole-di-stoffa-set-3-velas-verdes-huevo-pepen-9h","status":"publish","type":"product","link":"https:\/\/www.tendenzeshabbychic.it\/es\/producto\/nuvole-di-stoffa-set-3-velas-verdes-huevo-pepen-9h\/","title":{"rendered":"Nuvole di Stoffa Set 3 Velas Verdes Huevo PePen 9h"},"content":{"rendered":"<p>El set de 3 velas perfumadas verdes de la colecci\u00f3n PePen de Nuvole di Stoffa est\u00e1 pensado para los amantes de las decoraciones de Pascua delicadas y brillantes. Las velas, de superficie lisa y opaca, reproducen la forma de un huevo con peque\u00f1as orejas estilizadas y est\u00e1n colocadas en elegantes vasos de cristal que realzan su color fresco y natural. El envase ilustrado, cuidado al detalle, tambi\u00e9n hace que el conjunto sea ideal como regalo.<br \/>\nLa fragancia es chispeante y armoniosa: notas de salida de pi\u00f1a, frutos rojos, naranja y manzana verde abren la fragancia, seguidas de un coraz\u00f3n floral y acu\u00e1tico de jazm\u00edn y lirio de los valles, y se cierran con una base suave y envolvente de vainilla, s\u00e1ndalo, tonka y almizcle. Perfecto para mesas primaverales, centros de mesa de Pascua o peque\u00f1os rincones decorativos.   <\/p>\n<p><strong>Fortalezas:<\/strong><\/p>\n<ul>\n<li>Dise\u00f1o de huevo de Pascua con orejas<\/li>\n<li>Tono verde salvia refinado<\/li>\n<li>Vaso de cristal elegante y reutilizable<\/li>\n<li>Fragancia afrutada fresca con base c\u00e1lida<\/li>\n<li>Paquete ilustrado ideal como idea de regalo<\/li>\n<\/ul>\n","protected":false},"excerpt":{"rendered":"<p>Elegante set de 3 velas perfumadas Nuvole di Stoffa con forma de huevo con orejas, en un delicado tono verde salvia. Cada vela est\u00e1 colocada en un elegante cuenco de cristal transparente y encerrada en un paquete ilustrado con tem\u00e1tica de Pascua. Fragancia fresca y afrutada. Colecci\u00f3n PePen.   <\/p>\n<p><em>Dimensiones:<\/em><br \/>\n5,3 x 3,5 cm &#8211; duraci\u00f3n aprox. 9 horas<\/p>\n","protected":false},"featured_media":223334,"comment_status":"open","ping_status":"closed","template":"","meta":{"_joinchat":[]},"pwb-brand":[2090],"product_brand":[],"product_cat":[2343,2369,2344,2321],"product_tag":[3394,2152],"class_list":{"0":"post-223336","1":"product","2":"type-product","3":"status-publish","4":"has-post-thumbnail","6":"pwb-brand-nuvole-di-stoffa-es","7":"product_cat-velas-perfumadas","8":"product_cat-pascua","9":"product_cat-perfumistas","10":"product_cat-velas","11":"product_tag-colleccion-pepen","12":"product_tag-conejos","14":"first","15":"instock","16":"sale","17":"taxable","18":"shipping-taxable","19":"purchasable","20":"product-type-simple"},"brands":[{"id":2090,"name":"Nuvole di Stoffa","slug":"nuvole-di-stoffa-es"}],"_links":{"self":[{"href":"https:\/\/www.tendenzeshabbychic.it\/es\/wp-json\/wp\/v2\/product\/223336","targetHints":{"allow":["GET"]}}],"collection":[{"href":"https:\/\/www.tendenzeshabbychic.it\/es\/wp-json\/wp\/v2\/product"}],"about":[{"href":"https:\/\/www.tendenzeshabbychic.it\/es\/wp-json\/wp\/v2\/types\/product"}],"replies":[{"embeddable":true,"href":"https:\/\/www.tendenzeshabbychic.it\/es\/wp-json\/wp\/v2\/comments?post=223336"}],"wp:featuredmedia":[{"embeddable":true,"href":"https:\/\/www.tendenzeshabbychic.it\/es\/wp-json\/wp\/v2\/media\/223334"}],"wp:attachment":[{"href":"https:\/\/www.tendenzeshabbychic.it\/es\/wp-json\/wp\/v2\/media?parent=223336"}],"wp:term":[{"taxonomy":"pwb-brand","embeddable":true,"href":"https:\/\/www.tendenzeshabbychic.it\/es\/wp-json\/wp\/v2\/pwb-brand?post=223336"},{"taxonomy":"product_brand","embeddable":true,"href":"https:\/\/www.tendenzeshabbychic.it\/es\/wp-json\/wp\/v2\/product_brand?post=223336"},{"taxonomy":"product_cat","embeddable":true,"href":"https:\/\/www.tendenzeshabbychic.it\/es\/wp-json\/wp\/v2\/product_cat?post=223336"},{"taxonomy":"product_tag","embeddable":true,"href":"https:\/\/www.tendenzeshabbychic.it\/es\/wp-json\/wp\/v2\/product_tag?post=223336"}],"curies":[{"name":"wp","href":"https:\/\/api.w.org\/{rel}","templated":true}]}}