{"id":223293,"date":"2026-01-20T11:52:52","date_gmt":"2026-01-20T10:52:52","guid":{"rendered":"https:\/\/www.tendenzeshabbychic.it\/prodotto\/nuvole-di-stoffa-set-de-4-sellos-pepen-de-silicona\/"},"modified":"2026-04-06T19:49:35","modified_gmt":"2026-04-06T17:49:35","slug":"nuvole-di-stoffa-set-de-4-sellos-pepen-de-silicona","status":"publish","type":"product","link":"https:\/\/www.tendenzeshabbychic.it\/es\/producto\/nuvole-di-stoffa-set-de-4-sellos-pepen-de-silicona\/","title":{"rendered":"Nuvole di Stoffa Set de 4 sellos PePen de silicona"},"content":{"rendered":"<p>El juego de 4 sellos de silicona con mango de madera de la colecci\u00f3n PePen Nuvole di Stoffa est\u00e1 pensado para quienes adoran cuidar hasta el \u00faltimo detalle de sus dulces creaciones. Los sellos, de <strong>silicona alimentaria suave y flexible<\/strong>, presentan delicados motivos de Pascua -mariposa, conejo, huevo y letras decorativas- que imprimen dise\u00f1os precisos y armoniosos en la masa. <\/p>\n<p>El <strong>mango<\/strong> ergon\u00f3mico y estable <strong>de madera natural<\/strong> garantiza un agarre c\u00f3modo y un manejo sencillo incluso para los principiantes. Los tonos pastel y el envase a juego hacen que este set no s\u00f3lo sea funcional, sino tambi\u00e9n una buena <strong>idea de regalo<\/strong> para Pascua o para los amantes del Shabby Chic y la reposter\u00eda creativa. <\/p>\n<p><strong>Fortalezas:<\/strong><\/p>\n<ul>\n<li>Set compuesto por 4 sellos decorativos<\/li>\n<li>Silicona alimentaria flexible y resistente<\/li>\n<li>Mango ergon\u00f3mico de madera natural<\/li>\n<li>Adornos de Pascua delicados y primaverales<\/li>\n<li>Ideal para galletas, masa quebrada y pasta de az\u00facar<\/li>\n<li>Perfecto como idea de regalo PePen<\/li>\n<\/ul>\n","protected":false},"excerpt":{"rendered":"<p>Delicioso <strong>juego de 4 sellos de silicona con mango de madera<\/strong> de la colecci\u00f3n PePen de Nuvole di Stoffa. Perfectos para decorar galletas y pasteles con rom\u00e1nticos motivos de Pascua. <\/p>\n<p><strong>Dimensiones del sello:<\/strong> 6,2 x 6,2 x H 1 cm<br \/>\n<strong>Dimensiones del asa:<\/strong> 6,2 x 6,2 x H 6,5 cm<\/p>\n","protected":false},"featured_media":223289,"comment_status":"open","ping_status":"closed","template":"","meta":{"_joinchat":[]},"pwb-brand":[2090],"product_brand":[],"product_cat":[2382,2324,2369],"product_tag":[3394,2152],"class_list":{"0":"post-223293","1":"product","2":"type-product","3":"status-publish","4":"has-post-thumbnail","6":"pwb-brand-nuvole-di-stoffa-es","7":"product_cat-accesorios-de-cocina","8":"product_cat-cocina","9":"product_cat-pascua","10":"product_tag-colleccion-pepen","11":"product_tag-conejos","13":"first","14":"instock","15":"sale","16":"taxable","17":"shipping-taxable","18":"purchasable","19":"product-type-simple"},"brands":[{"id":2090,"name":"Nuvole di Stoffa","slug":"nuvole-di-stoffa-es"}],"_links":{"self":[{"href":"https:\/\/www.tendenzeshabbychic.it\/es\/wp-json\/wp\/v2\/product\/223293","targetHints":{"allow":["GET"]}}],"collection":[{"href":"https:\/\/www.tendenzeshabbychic.it\/es\/wp-json\/wp\/v2\/product"}],"about":[{"href":"https:\/\/www.tendenzeshabbychic.it\/es\/wp-json\/wp\/v2\/types\/product"}],"replies":[{"embeddable":true,"href":"https:\/\/www.tendenzeshabbychic.it\/es\/wp-json\/wp\/v2\/comments?post=223293"}],"wp:featuredmedia":[{"embeddable":true,"href":"https:\/\/www.tendenzeshabbychic.it\/es\/wp-json\/wp\/v2\/media\/223289"}],"wp:attachment":[{"href":"https:\/\/www.tendenzeshabbychic.it\/es\/wp-json\/wp\/v2\/media?parent=223293"}],"wp:term":[{"taxonomy":"pwb-brand","embeddable":true,"href":"https:\/\/www.tendenzeshabbychic.it\/es\/wp-json\/wp\/v2\/pwb-brand?post=223293"},{"taxonomy":"product_brand","embeddable":true,"href":"https:\/\/www.tendenzeshabbychic.it\/es\/wp-json\/wp\/v2\/product_brand?post=223293"},{"taxonomy":"product_cat","embeddable":true,"href":"https:\/\/www.tendenzeshabbychic.it\/es\/wp-json\/wp\/v2\/product_cat?post=223293"},{"taxonomy":"product_tag","embeddable":true,"href":"https:\/\/www.tendenzeshabbychic.it\/es\/wp-json\/wp\/v2\/product_tag?post=223293"}],"curies":[{"name":"wp","href":"https:\/\/api.w.org\/{rel}","templated":true}]}}