{"id":223168,"date":"2026-04-01T06:59:19","date_gmt":"2026-04-01T04:59:19","guid":{"rendered":"https:\/\/www.tendenzeshabbychic.it\/prodotto\/nuvole-di-stoffa-contenedor-nada-se-desperdicia-13-cm\/"},"modified":"2026-04-17T08:59:13","modified_gmt":"2026-04-17T06:59:13","slug":"nuvole-di-stoffa-contenedor-nada-se-desperdicia-13-cm","status":"publish","type":"product","link":"https:\/\/www.tendenzeshabbychic.it\/es\/producto\/nuvole-di-stoffa-contenedor-nada-se-desperdicia-13-cm\/","title":{"rendered":"Nuvole di Stoffa Contenedor Nada se desperdicia 13 cm"},"content":{"rendered":"<p>Este recipiente Nuvole di Stoffa interpreta el valor de la cocina de anta\u00f1o con un estilo contempor\u00e1neo y refinado. Fabricado en gres fino, tiene un acabado mate aterciopelado con un delicado tono neutro que encaja f\u00e1cilmente en cualquier ambiente. <\/p>\n<p>La inscripci\u00f3n \u00abNada se desperdicia\u00bb, impresa en caracteres esenciales y adornada con un coraz\u00f3n central, transmite un aut\u00e9ntico mensaje de cuidado y amor por la comida. El tap\u00f3n de pl\u00e1stico transparente con cierre a presi\u00f3n est\u00e1 dise\u00f1ado para proteger peque\u00f1as cantidades de comida, sobras o preparaciones caseras. Un objeto pr\u00e1ctico, bonito a la vista y lleno de significado.  <\/p>\n<p><strong>Fortalezas<\/strong><\/p>\n<ul>\n<li>Gres fino elegante y duradero<\/li>\n<li>Letras decorativas con un fuerte valor simb\u00f3lico<\/li>\n<li>Formato compacto y funcional<\/li>\n<li>Pr\u00e1ctico tap\u00f3n de pl\u00e1stico para uso diario<\/li>\n<li>Perfecto para una cocina ordenada y consciente<\/li>\n<\/ul>\n","protected":false},"excerpt":{"rendered":"<p>Nuvole di Stoffa Recipiente de gres fino (cer\u00e1mica) con tapa de pl\u00e1stico transparente de pr\u00e1ctico cierre. La forma compacta y la superficie lisa de color crema se realzan con la inscripci\u00f3n \u00abNada se desperdicia\u00bb en un tono c\u00e1lido, acompa\u00f1ada de un peque\u00f1o coraz\u00f3n decorativo. Ideal para conservar con cuidado y conciencia.  <\/p>\n<ul>\n<li>puedes utilizarlo en el microondas (sin tapa)<\/li>\n<li>la v\u00e1lvula de la tapa sirve para conservar mejor los alimentos (calientes y fr\u00edos)<\/li>\n<li>Aptas para el lavavajillas<\/li>\n<\/ul>\n<p><em>Dimensiones:<\/em><br \/>\n13 x 13 x 6 cm<\/p>\n","protected":false},"featured_media":223166,"comment_status":"open","ping_status":"closed","template":"","meta":{"_joinchat":[]},"pwb-brand":[2090],"product_brand":[],"product_cat":[2382,2324],"product_tag":[2188],"class_list":{"0":"post-223168","1":"product","2":"type-product","3":"status-publish","4":"has-post-thumbnail","6":"pwb-brand-nuvole-di-stoffa-es","7":"product_cat-accesorios-de-cocina","8":"product_cat-cocina","9":"product_tag-my-home-es","11":"first","12":"instock","13":"taxable","14":"shipping-taxable","15":"purchasable","16":"product-type-simple"},"brands":[{"id":2090,"name":"Nuvole di Stoffa","slug":"nuvole-di-stoffa-es"}],"_links":{"self":[{"href":"https:\/\/www.tendenzeshabbychic.it\/es\/wp-json\/wp\/v2\/product\/223168","targetHints":{"allow":["GET"]}}],"collection":[{"href":"https:\/\/www.tendenzeshabbychic.it\/es\/wp-json\/wp\/v2\/product"}],"about":[{"href":"https:\/\/www.tendenzeshabbychic.it\/es\/wp-json\/wp\/v2\/types\/product"}],"replies":[{"embeddable":true,"href":"https:\/\/www.tendenzeshabbychic.it\/es\/wp-json\/wp\/v2\/comments?post=223168"}],"wp:featuredmedia":[{"embeddable":true,"href":"https:\/\/www.tendenzeshabbychic.it\/es\/wp-json\/wp\/v2\/media\/223166"}],"wp:attachment":[{"href":"https:\/\/www.tendenzeshabbychic.it\/es\/wp-json\/wp\/v2\/media?parent=223168"}],"wp:term":[{"taxonomy":"pwb-brand","embeddable":true,"href":"https:\/\/www.tendenzeshabbychic.it\/es\/wp-json\/wp\/v2\/pwb-brand?post=223168"},{"taxonomy":"product_brand","embeddable":true,"href":"https:\/\/www.tendenzeshabbychic.it\/es\/wp-json\/wp\/v2\/product_brand?post=223168"},{"taxonomy":"product_cat","embeddable":true,"href":"https:\/\/www.tendenzeshabbychic.it\/es\/wp-json\/wp\/v2\/product_cat?post=223168"},{"taxonomy":"product_tag","embeddable":true,"href":"https:\/\/www.tendenzeshabbychic.it\/es\/wp-json\/wp\/v2\/product_tag?post=223168"}],"curies":[{"name":"wp","href":"https:\/\/api.w.org\/{rel}","templated":true}]}}