{"id":222817,"date":"2026-01-22T10:00:50","date_gmt":"2026-01-22T09:00:50","guid":{"rendered":"https:\/\/www.tendenzeshabbychic.it\/prodotto\/edg-lampara-de-sobremesa-verde-biforma-righe-led-h13\/"},"modified":"2026-01-19T19:41:50","modified_gmt":"2026-01-19T18:41:50","slug":"edg-lampara-de-sobremesa-verde-biforma-righe-led-h13","status":"publish","type":"product","link":"https:\/\/www.tendenzeshabbychic.it\/es\/producto\/edg-lampara-de-sobremesa-verde-biforma-righe-led-h13\/","title":{"rendered":"EDG L\u00e1mpara de Sobremesa Verde Biforma Righe LED H13"},"content":{"rendered":"<p>Esta l\u00e1mpara de sobremesa de Enzo de Gasperi est\u00e1 hecha de cristal con refinadas rayas verticales, que crean efectos de luz elegantes y suaves. El dise\u00f1o plegable combina el cuerpo superior verde transparente con una base satinada a juego, que aporta equilibrio y car\u00e1cter al objeto.<br \/>\nCon iluminaci\u00f3n LED y una bombilla E27 incluida, difunde una luz c\u00e1lida y acogedora, perfecta para realzar espacios peque\u00f1os. Funciona con pilas (2x AAA no incluidas) y se presenta en una caja blanca con logotipo, ideal tambi\u00e9n como idea regalo. IP20 para uso en interiores.   <\/p>\n<p><strong>Ideas y calidad del mobiliario<\/strong><\/p>\n<ul>\n<li>Cristal rayado que difunde suavemente la luz<\/li>\n<li>Tono verde elegante y femenino<\/li>\n<li>Dimensiones compactas, perfectas para mesillas de noche y estanter\u00edas<\/li>\n<li>Bombilla E27 incluida para uso inmediato<\/li>\n<li>Excelente como luz ambiental o complemento decorativo<\/li>\n<\/ul>\n","protected":false},"excerpt":{"rendered":"<p>L\u00e1mpara de mesa EDG de cristal rayado verde con base a juego. Luz LED c\u00e1lida, dise\u00f1o elegante y compacto, ideal como punto de luz decorativo.<br \/>\n\ud83d\udccf <strong>A 13 x P 9 cm<\/strong> <\/p>\n","protected":false},"featured_media":222787,"comment_status":"open","ping_status":"closed","template":"","meta":{"_joinchat":[]},"pwb-brand":[2084],"product_brand":[],"product_cat":[2337],"product_tag":[],"class_list":{"0":"post-222817","1":"product","2":"type-product","3":"status-publish","4":"has-post-thumbnail","6":"pwb-brand-edg-enzo-de-gasperi","7":"product_cat-candelabros-y-lamparas","9":"first","10":"instock","11":"taxable","12":"shipping-taxable","13":"purchasable","14":"product-type-simple"},"brands":[{"id":2084,"name":"EDG - Enzo De Gasperi","slug":"edg-enzo-de-gasperi"}],"_links":{"self":[{"href":"https:\/\/www.tendenzeshabbychic.it\/es\/wp-json\/wp\/v2\/product\/222817","targetHints":{"allow":["GET"]}}],"collection":[{"href":"https:\/\/www.tendenzeshabbychic.it\/es\/wp-json\/wp\/v2\/product"}],"about":[{"href":"https:\/\/www.tendenzeshabbychic.it\/es\/wp-json\/wp\/v2\/types\/product"}],"replies":[{"embeddable":true,"href":"https:\/\/www.tendenzeshabbychic.it\/es\/wp-json\/wp\/v2\/comments?post=222817"}],"wp:featuredmedia":[{"embeddable":true,"href":"https:\/\/www.tendenzeshabbychic.it\/es\/wp-json\/wp\/v2\/media\/222787"}],"wp:attachment":[{"href":"https:\/\/www.tendenzeshabbychic.it\/es\/wp-json\/wp\/v2\/media?parent=222817"}],"wp:term":[{"taxonomy":"pwb-brand","embeddable":true,"href":"https:\/\/www.tendenzeshabbychic.it\/es\/wp-json\/wp\/v2\/pwb-brand?post=222817"},{"taxonomy":"product_brand","embeddable":true,"href":"https:\/\/www.tendenzeshabbychic.it\/es\/wp-json\/wp\/v2\/product_brand?post=222817"},{"taxonomy":"product_cat","embeddable":true,"href":"https:\/\/www.tendenzeshabbychic.it\/es\/wp-json\/wp\/v2\/product_cat?post=222817"},{"taxonomy":"product_tag","embeddable":true,"href":"https:\/\/www.tendenzeshabbychic.it\/es\/wp-json\/wp\/v2\/product_tag?post=222817"}],"curies":[{"name":"wp","href":"https:\/\/api.w.org\/{rel}","templated":true}]}}