{"id":222805,"date":"2026-01-22T08:00:17","date_gmt":"2026-01-22T07:00:17","guid":{"rendered":"https:\/\/www.tendenzeshabbychic.it\/prodotto\/edg-jarron-de-poliresina-ninfa-h36\/"},"modified":"2026-03-10T15:11:38","modified_gmt":"2026-03-10T14:11:38","slug":"edg-jarron-de-poliresina-ninfa-h36","status":"publish","type":"product","link":"https:\/\/www.tendenzeshabbychic.it\/es\/producto\/edg-jarron-de-poliresina-ninfa-h36\/","title":{"rendered":"EDG Jarr\u00f3n de poliresina Ninfa H36"},"content":{"rendered":"<p>Un jarr\u00f3n esc\u00e9nico que parece una peque\u00f1a escultura: este modelo de Enzo de Gasperi representa el busto de una ninfa de rostro sereno, ojos cerrados y largos cabellos ondulados esculpidos con gran esmero. La corona de flores en relieve, con p\u00e9talos de color marfil matizado y bordes rosados y peque\u00f1as hojas verdes, a\u00f1ade un toque rom\u00e1ntico y delicado. El acabado mate efecto piedra hace que el conjunto sea elegante y natural, perfecto para ambientes Shabby Chic y cl\u00e1sicos. Fabricada en poliresina y pl\u00e1stico, es impermeable: ideal para arreglos con flores y ramas decorativas, incluso con una esponja o un inserto mojados.   <\/p>\n<ul>\n<li>Aspecto esculpido: cara y pelo esculpidos con detalles suaves<\/li>\n<li>Flores en relieve con tonos rosas y hojas verdes, muy realistas<\/li>\n<li>Acabado mate efecto piedra, refinado y atemporal<\/li>\n<li>Impermeable: pr\u00e1ctico para arreglos florales decorativos<\/li>\n<li>Precioso sobre una consola, mesa de entrada o en el sal\u00f3n como punto focal<\/li>\n<\/ul>\n","protected":false},"excerpt":{"rendered":"<p>Jarr\u00f3n-escultura de poliresina efecto piedra con cara de ninfa y corona de flores pastel. Impermeable, perfecto para uso en interiores.<br \/>\n\ud83d\udccf Alto 36 x Ancho 28 x Fondo 21 cm<\/p>\n","protected":false},"featured_media":222779,"comment_status":"open","ping_status":"closed","template":"","meta":{"_joinchat":[]},"pwb-brand":[2084],"product_brand":[],"product_cat":[2357],"product_tag":[2941,2205],"class_list":{"0":"post-222805","1":"product","2":"type-product","3":"status-publish","4":"has-post-thumbnail","6":"pwb-brand-edg-enzo-de-gasperi","7":"product_cat-jarrones","8":"product_tag-jardin-es","9":"product_tag-patina-vintage-es","11":"first","12":"instock","13":"sale","14":"taxable","15":"shipping-taxable","16":"purchasable","17":"product-type-simple"},"brands":[{"id":2084,"name":"EDG - Enzo De Gasperi","slug":"edg-enzo-de-gasperi"}],"_links":{"self":[{"href":"https:\/\/www.tendenzeshabbychic.it\/es\/wp-json\/wp\/v2\/product\/222805","targetHints":{"allow":["GET"]}}],"collection":[{"href":"https:\/\/www.tendenzeshabbychic.it\/es\/wp-json\/wp\/v2\/product"}],"about":[{"href":"https:\/\/www.tendenzeshabbychic.it\/es\/wp-json\/wp\/v2\/types\/product"}],"replies":[{"embeddable":true,"href":"https:\/\/www.tendenzeshabbychic.it\/es\/wp-json\/wp\/v2\/comments?post=222805"}],"wp:featuredmedia":[{"embeddable":true,"href":"https:\/\/www.tendenzeshabbychic.it\/es\/wp-json\/wp\/v2\/media\/222779"}],"wp:attachment":[{"href":"https:\/\/www.tendenzeshabbychic.it\/es\/wp-json\/wp\/v2\/media?parent=222805"}],"wp:term":[{"taxonomy":"pwb-brand","embeddable":true,"href":"https:\/\/www.tendenzeshabbychic.it\/es\/wp-json\/wp\/v2\/pwb-brand?post=222805"},{"taxonomy":"product_brand","embeddable":true,"href":"https:\/\/www.tendenzeshabbychic.it\/es\/wp-json\/wp\/v2\/product_brand?post=222805"},{"taxonomy":"product_cat","embeddable":true,"href":"https:\/\/www.tendenzeshabbychic.it\/es\/wp-json\/wp\/v2\/product_cat?post=222805"},{"taxonomy":"product_tag","embeddable":true,"href":"https:\/\/www.tendenzeshabbychic.it\/es\/wp-json\/wp\/v2\/product_tag?post=222805"}],"curies":[{"name":"wp","href":"https:\/\/api.w.org\/{rel}","templated":true}]}}