{"id":222799,"date":"2026-01-22T11:00:48","date_gmt":"2026-01-22T10:00:48","guid":{"rendered":"https:\/\/www.tendenzeshabbychic.it\/prodotto\/edg-vela-flotante-rosa-d11\/"},"modified":"2026-01-20T00:13:48","modified_gmt":"2026-01-19T23:13:48","slug":"edg-vela-flotante-rosa-d11","status":"publish","type":"product","link":"https:\/\/www.tendenzeshabbychic.it\/es\/producto\/edg-vela-flotante-rosa-d11\/","title":{"rendered":"EDG Vela Flotante Rosa D11"},"content":{"rendered":"<p>Un detalle dram\u00e1tico y delicado: esta vela flotante Enzo de Gasperi reproduce una rosa en plena floraci\u00f3n, con suaves p\u00e9talos en capas de un luminoso tono rosa empolvado. El acabado de la cera es suave y sedoso, con los bordes de los p\u00e9talos ligeramente ondulados para un efecto muy realista. Est\u00e1 dise\u00f1ada para colocarla sobre un platillo decorativo o hacerla flotar en un cuenco o centro de mesa con agua y flores: la llama del centro crea inmediatamente ambiente. Pesa 145 g, tiene una duraci\u00f3n aproximada de 8 horas y tambi\u00e9n es perfecta como peque\u00f1a idea de regalo.   <\/p>\n<ul>\n<li>Forma rosa superrealista con p\u00e9talos de varias capas<\/li>\n<li>Color rosa empolvado, rom\u00e1ntico y refinado<\/li>\n<li>Efecto flotante: ideal en tazas, cuencos y centros de mesa<\/li>\n<li>145 g de cera, duraci\u00f3n aproximada 8 horas<\/li>\n<li>Precioso para mise en place, ceremonias y cenas especiales<\/li>\n<\/ul>\n","protected":false},"excerpt":{"rendered":"<p>Vela con forma de rosa rosa empolvada, p\u00e9talos realistas y aspecto rom\u00e1ntico. Perfecta para hacerla flotar en un cuenco con agua. <\/p>\n<p>\ud83d\udccf Alto 5 x Ancho 11 x Fondo 11 cm<\/p>\n","protected":false},"featured_media":222765,"comment_status":"open","ping_status":"closed","template":"","meta":{"_joinchat":[]},"pwb-brand":[1564],"product_brand":[],"product_cat":[2321],"product_tag":[],"class_list":{"0":"post-222799","1":"product","2":"type-product","3":"status-publish","4":"has-post-thumbnail","6":"pwb-brand-edg-fr","7":"product_cat-velas","9":"first","10":"instock","11":"taxable","12":"shipping-taxable","13":"purchasable","14":"product-type-simple"},"brands":[{"id":2084,"name":"EDG - Enzo De Gasperi","slug":"edg-enzo-de-gasperi"}],"_links":{"self":[{"href":"https:\/\/www.tendenzeshabbychic.it\/es\/wp-json\/wp\/v2\/product\/222799","targetHints":{"allow":["GET"]}}],"collection":[{"href":"https:\/\/www.tendenzeshabbychic.it\/es\/wp-json\/wp\/v2\/product"}],"about":[{"href":"https:\/\/www.tendenzeshabbychic.it\/es\/wp-json\/wp\/v2\/types\/product"}],"replies":[{"embeddable":true,"href":"https:\/\/www.tendenzeshabbychic.it\/es\/wp-json\/wp\/v2\/comments?post=222799"}],"wp:featuredmedia":[{"embeddable":true,"href":"https:\/\/www.tendenzeshabbychic.it\/es\/wp-json\/wp\/v2\/media\/222765"}],"wp:attachment":[{"href":"https:\/\/www.tendenzeshabbychic.it\/es\/wp-json\/wp\/v2\/media?parent=222799"}],"wp:term":[{"taxonomy":"pwb-brand","embeddable":true,"href":"https:\/\/www.tendenzeshabbychic.it\/es\/wp-json\/wp\/v2\/pwb-brand?post=222799"},{"taxonomy":"product_brand","embeddable":true,"href":"https:\/\/www.tendenzeshabbychic.it\/es\/wp-json\/wp\/v2\/product_brand?post=222799"},{"taxonomy":"product_cat","embeddable":true,"href":"https:\/\/www.tendenzeshabbychic.it\/es\/wp-json\/wp\/v2\/product_cat?post=222799"},{"taxonomy":"product_tag","embeddable":true,"href":"https:\/\/www.tendenzeshabbychic.it\/es\/wp-json\/wp\/v2\/product_tag?post=222799"}],"curies":[{"name":"wp","href":"https:\/\/api.w.org\/{rel}","templated":true}]}}