{"id":222612,"date":"2026-01-22T08:00:36","date_gmt":"2026-01-22T07:00:36","guid":{"rendered":"https:\/\/www.tendenzeshabbychic.it\/prodotto\/edg-macula-vaso-de-cristal-anfora-h36-o25-cm\/"},"modified":"2025-12-21T19:56:36","modified_gmt":"2025-12-21T18:56:36","slug":"edg-macula-vaso-de-cristal-anfora-h36-o25-cm","status":"publish","type":"product","link":"https:\/\/www.tendenzeshabbychic.it\/es\/producto\/edg-macula-vaso-de-cristal-anfora-h36-o25-cm\/","title":{"rendered":"EDG Macula Vaso de cristal \u00c1nfora H36 \u00d825 cm"},"content":{"rendered":"<p>Este jarr\u00f3n Macula en forma de \u00e1nfora est\u00e1 hecho de vidrio resistente al agua y presenta un refinado trabajo de relieve vertical que confiere profundidad y movimiento a la superficie. Los matices art\u00edsticos, que van del verde al azul claro y al marr\u00f3n c\u00e1lido, crean un elegante efecto pict\u00f3rico que nunca es igual, lo que hace que cada pieza sea \u00fanica. El borde superior ligeramente irregular realza la artesan\u00eda. Perfecto como florero o como elemento decorativo por s\u00ed solo, realza ambientes luminosos, salones sofisticados o entradas con estilo. Se entrega con caja con logotipo, ideal tambi\u00e9n como valioso regalo.    <\/p>\n<ul>\n<li>Cristal impermeable apto para flores frescas<\/li>\n<li>Elaboraci\u00f3n acanalada con textura elegante<\/li>\n<li>Sombreado multicolor con efecto art\u00edstico<\/li>\n<li>Forma de \u00e1nfora decorativa y esbelta<\/li>\n<li>Completo con caja con logotipo Enzo de Gasperi<\/li>\n<\/ul>\n","protected":false},"excerpt":{"rendered":"<p>Jarr\u00f3n decorativo de cristal resistente al agua con trabajo estriado y art\u00edsticos tonos verdes, azules y marrones. Con caja con logotipo. <\/p>\n<p>\ud83d\udccf <strong>H 36 x \u00d8 25 cm<\/strong><\/p>\n","protected":false},"featured_media":222601,"comment_status":"open","ping_status":"closed","template":"","meta":{"_joinchat":[]},"pwb-brand":[2084],"product_brand":[],"product_cat":[2357],"product_tag":[],"class_list":{"0":"post-222612","1":"product","2":"type-product","3":"status-publish","4":"has-post-thumbnail","6":"pwb-brand-edg-enzo-de-gasperi","7":"product_cat-jarrones","9":"first","10":"instock","11":"taxable","12":"shipping-taxable","13":"purchasable","14":"product-type-simple"},"brands":[{"id":2084,"name":"EDG - Enzo De Gasperi","slug":"edg-enzo-de-gasperi"}],"_links":{"self":[{"href":"https:\/\/www.tendenzeshabbychic.it\/es\/wp-json\/wp\/v2\/product\/222612","targetHints":{"allow":["GET"]}}],"collection":[{"href":"https:\/\/www.tendenzeshabbychic.it\/es\/wp-json\/wp\/v2\/product"}],"about":[{"href":"https:\/\/www.tendenzeshabbychic.it\/es\/wp-json\/wp\/v2\/types\/product"}],"replies":[{"embeddable":true,"href":"https:\/\/www.tendenzeshabbychic.it\/es\/wp-json\/wp\/v2\/comments?post=222612"}],"wp:featuredmedia":[{"embeddable":true,"href":"https:\/\/www.tendenzeshabbychic.it\/es\/wp-json\/wp\/v2\/media\/222601"}],"wp:attachment":[{"href":"https:\/\/www.tendenzeshabbychic.it\/es\/wp-json\/wp\/v2\/media?parent=222612"}],"wp:term":[{"taxonomy":"pwb-brand","embeddable":true,"href":"https:\/\/www.tendenzeshabbychic.it\/es\/wp-json\/wp\/v2\/pwb-brand?post=222612"},{"taxonomy":"product_brand","embeddable":true,"href":"https:\/\/www.tendenzeshabbychic.it\/es\/wp-json\/wp\/v2\/product_brand?post=222612"},{"taxonomy":"product_cat","embeddable":true,"href":"https:\/\/www.tendenzeshabbychic.it\/es\/wp-json\/wp\/v2\/product_cat?post=222612"},{"taxonomy":"product_tag","embeddable":true,"href":"https:\/\/www.tendenzeshabbychic.it\/es\/wp-json\/wp\/v2\/product_tag?post=222612"}],"curies":[{"name":"wp","href":"https:\/\/api.w.org\/{rel}","templated":true}]}}