{"id":222022,"date":"2026-01-22T08:00:43","date_gmt":"2026-01-22T07:00:43","guid":{"rendered":"https:\/\/www.tendenzeshabbychic.it\/prodotto\/edg-jarron-manojo-de-tulipanes-h-19\/"},"modified":"2026-02-04T14:24:52","modified_gmt":"2026-02-04T13:24:52","slug":"edg-jarron-manojo-de-tulipanes-h-19","status":"publish","type":"product","link":"https:\/\/www.tendenzeshabbychic.it\/es\/producto\/edg-jarron-manojo-de-tulipanes-h-19\/","title":{"rendered":"EDG Jarr\u00f3n Manojo de tulipanes H 19"},"content":{"rendered":"<p>Este jarr\u00f3n Tulipani de Enzo de Gasperi est\u00e1 hecho de cer\u00e1mica artesanal y destaca por su espectacular dise\u00f1o en forma de ramo de flores. Tulipanes en relieve, cuidadosamente modelados y pintados en delicados tonos pastel de amarillo, lila y rosa, emergen de tallos verdes suavemente texturizados. Un elegante lazo rosa en relieve envuelve la base, a\u00f1adiendo un toque rom\u00e1ntico y Shabby Chic. El interior esmaltado lo hace adecuado para uso en interiores, perfecto como jarr\u00f3n decorativo o como flor individual importante, ideal para realzar ambientes luminosos y refinados.   <\/p>\n<p><strong>Ideas y calidad del mobiliario<\/strong><\/p>\n<ul>\n<li>Dise\u00f1o de racimo de tulipanes con fuerte impacto decorativo<\/li>\n<li>Tulipanes y cinta en relieve pintados a mano<\/li>\n<li>Cer\u00e1mica de alta calidad hecha a mano<\/li>\n<li>Perfecto como centro de mesa o punto focal en una consola<\/li>\n<li>Ideal en combinaci\u00f3n con los otros jarrones Tulip\u00e1n para una coordinaci\u00f3n elegante<\/li>\n<\/ul>\n","protected":false},"excerpt":{"rendered":"<p>Jarr\u00f3n de cer\u00e1mica hecho a mano en forma de ramo de tulipanes, con lazo decorativo. Rom\u00e1ntico y primaveral. <\/p>\n<p>\ud83d\udccf Alto 19 x Ancho 11 x Fondo 11 cm<\/p>\n","protected":false},"featured_media":222018,"comment_status":"open","ping_status":"closed","template":"","meta":{"_joinchat":[]},"pwb-brand":[2084],"product_brand":[],"product_cat":[2357],"product_tag":[2280],"class_list":{"0":"post-222022","1":"product","2":"type-product","3":"status-publish","4":"has-post-thumbnail","6":"pwb-brand-edg-enzo-de-gasperi","7":"product_cat-jarrones","8":"product_tag-hecho-a-mano","10":"first","11":"instock","12":"taxable","13":"shipping-taxable","14":"purchasable","15":"product-type-simple"},"brands":[{"id":2084,"name":"EDG - Enzo De Gasperi","slug":"edg-enzo-de-gasperi"}],"_links":{"self":[{"href":"https:\/\/www.tendenzeshabbychic.it\/es\/wp-json\/wp\/v2\/product\/222022","targetHints":{"allow":["GET"]}}],"collection":[{"href":"https:\/\/www.tendenzeshabbychic.it\/es\/wp-json\/wp\/v2\/product"}],"about":[{"href":"https:\/\/www.tendenzeshabbychic.it\/es\/wp-json\/wp\/v2\/types\/product"}],"replies":[{"embeddable":true,"href":"https:\/\/www.tendenzeshabbychic.it\/es\/wp-json\/wp\/v2\/comments?post=222022"}],"wp:featuredmedia":[{"embeddable":true,"href":"https:\/\/www.tendenzeshabbychic.it\/es\/wp-json\/wp\/v2\/media\/222018"}],"wp:attachment":[{"href":"https:\/\/www.tendenzeshabbychic.it\/es\/wp-json\/wp\/v2\/media?parent=222022"}],"wp:term":[{"taxonomy":"pwb-brand","embeddable":true,"href":"https:\/\/www.tendenzeshabbychic.it\/es\/wp-json\/wp\/v2\/pwb-brand?post=222022"},{"taxonomy":"product_brand","embeddable":true,"href":"https:\/\/www.tendenzeshabbychic.it\/es\/wp-json\/wp\/v2\/product_brand?post=222022"},{"taxonomy":"product_cat","embeddable":true,"href":"https:\/\/www.tendenzeshabbychic.it\/es\/wp-json\/wp\/v2\/product_cat?post=222022"},{"taxonomy":"product_tag","embeddable":true,"href":"https:\/\/www.tendenzeshabbychic.it\/es\/wp-json\/wp\/v2\/product_tag?post=222022"}],"curies":[{"name":"wp","href":"https:\/\/api.w.org\/{rel}","templated":true}]}}