{"id":221992,"date":"2026-01-22T08:00:41","date_gmt":"2026-01-22T07:00:41","guid":{"rendered":"https:\/\/www.tendenzeshabbychic.it\/prodotto\/edg-jarron-tulipanes-cilindro-multicolor-h30-cm\/"},"modified":"2025-12-21T23:21:41","modified_gmt":"2025-12-21T22:21:41","slug":"edg-jarron-tulipanes-cilindro-multicolor-h30-cm","status":"publish","type":"product","link":"https:\/\/www.tendenzeshabbychic.it\/es\/producto\/edg-jarron-tulipanes-cilindro-multicolor-h30-cm\/","title":{"rendered":"EDG Jarr\u00f3n Tulipanes Cilindro Multicolor H30 cm"},"content":{"rendered":"<p>Este jarr\u00f3n cil\u00edndrico para tulipanes est\u00e1 hecho de cer\u00e1mica artesanal y se caracteriza por su esbelta altura y su decoraci\u00f3n floral en relieve. La base de color marfil, lisa y luminosa, est\u00e1 enriquecida con tulipanes tridimensionales en delicados tonos rosa empolvado, lila y amarillo, con tallos y hojas de color verde suave pintados a mano con efecto natural.<br \/>\nEl trabajo artesanal hace que cada pieza sea \u00fanica, con ligeras variaciones de color y textura que realzan su valor. Firmado Enzo de Gasperi, es ideal como jarr\u00f3n de pie o sobre un mueble importante, perfecto para flores frescas, arreglos artificiales o como elemento decorativo independiente.  <\/p>\n<p><strong>Ideas y calidad del mobiliario<\/strong><\/p>\n<ul>\n<li>Cer\u00e1mica artesanal con suave acabado mate<\/li>\n<li>Tulipanes en relieve tridimensionales pintados a mano<\/li>\n<li>Colores pastel elegantes y primaverales<\/li>\n<li>Forma cil\u00edndrica alta, ideal para composiciones esbeltas<\/li>\n<li>Perfecto para ambientes Shabby Chic, rom\u00e1nticos y campestres<\/li>\n<\/ul>\n","protected":false},"excerpt":{"rendered":"<p>Jarr\u00f3n cil\u00edndrico de cer\u00e1mica hecho a mano con tulipanes en relieve en tonos pastel. Refinado y decorativo. <\/p>\n<p>\ud83d\udccf <strong>A 30 x P 14 cm<\/strong><\/p>\n","protected":false},"featured_media":221988,"comment_status":"open","ping_status":"closed","template":"","meta":{"_joinchat":[]},"pwb-brand":[776],"product_brand":[],"product_cat":[2357],"product_tag":[353],"class_list":{"0":"post-221992","1":"product","2":"type-product","3":"status-publish","4":"has-post-thumbnail","6":"pwb-brand-edg","7":"product_cat-jarrones","8":"product_tag-fatto-a-mano","10":"first","11":"outofstock","12":"taxable","13":"shipping-taxable","14":"purchasable","15":"product-type-simple"},"brands":[{"id":2084,"name":"EDG - Enzo De Gasperi","slug":"edg-enzo-de-gasperi"}],"_links":{"self":[{"href":"https:\/\/www.tendenzeshabbychic.it\/es\/wp-json\/wp\/v2\/product\/221992","targetHints":{"allow":["GET"]}}],"collection":[{"href":"https:\/\/www.tendenzeshabbychic.it\/es\/wp-json\/wp\/v2\/product"}],"about":[{"href":"https:\/\/www.tendenzeshabbychic.it\/es\/wp-json\/wp\/v2\/types\/product"}],"replies":[{"embeddable":true,"href":"https:\/\/www.tendenzeshabbychic.it\/es\/wp-json\/wp\/v2\/comments?post=221992"}],"wp:featuredmedia":[{"embeddable":true,"href":"https:\/\/www.tendenzeshabbychic.it\/es\/wp-json\/wp\/v2\/media\/221988"}],"wp:attachment":[{"href":"https:\/\/www.tendenzeshabbychic.it\/es\/wp-json\/wp\/v2\/media?parent=221992"}],"wp:term":[{"taxonomy":"pwb-brand","embeddable":true,"href":"https:\/\/www.tendenzeshabbychic.it\/es\/wp-json\/wp\/v2\/pwb-brand?post=221992"},{"taxonomy":"product_brand","embeddable":true,"href":"https:\/\/www.tendenzeshabbychic.it\/es\/wp-json\/wp\/v2\/product_brand?post=221992"},{"taxonomy":"product_cat","embeddable":true,"href":"https:\/\/www.tendenzeshabbychic.it\/es\/wp-json\/wp\/v2\/product_cat?post=221992"},{"taxonomy":"product_tag","embeddable":true,"href":"https:\/\/www.tendenzeshabbychic.it\/es\/wp-json\/wp\/v2\/product_tag?post=221992"}],"curies":[{"name":"wp","href":"https:\/\/api.w.org\/{rel}","templated":true}]}}