{"id":221006,"date":"2026-01-23T09:56:34","date_gmt":"2026-01-23T08:56:34","guid":{"rendered":"https:\/\/www.tendenzeshabbychic.it\/prodotto\/somier-blanc-mariclo-bordado-beige-60x240\/"},"modified":"2025-12-10T16:35:34","modified_gmt":"2025-12-10T15:35:34","slug":"somier-blanc-mariclo-bordado-beige-60x240","status":"publish","type":"product","link":"https:\/\/www.tendenzeshabbychic.it\/es\/producto\/somier-blanc-mariclo-bordado-beige-60x240\/","title":{"rendered":"Somier Blanc MariCl\u00f2 Bordado Beige 60&#215;240"},"content":{"rendered":"<p>La colcha <em>bordada de algod\u00f3n<\/em> en beige es un refinado elemento decorativo que completa la zona de dormir con elegancia. Fabricada con una mezcla de 50% algod\u00f3n y 50% microfibra, es ligera pero duradera, con un peso de 200 GSM ideal para todas las estaciones. <\/p>\n<p>El acolchado presenta bordados tono sobre tono con motivos florales y barrocos, en perfecta consonancia con el estilo rom\u00e1ntico y Shabby Chic t\u00edpico de Blanc MariCl\u00f2. Colocado a los pies de la cama, aporta un toque de orden, calidez y armon\u00eda a la decoraci\u00f3n. <\/p>\n<p><strong>Fortalezas:<\/strong><\/p>\n<ul>\n<li>Relieve decorativo con encanto cl\u00e1sico<\/li>\n<li>Tono beige neutro y vers\u00e1til<\/li>\n<li>Ideal para camas dobles o individuales<\/li>\n<li>Perfecto para completar la decoraci\u00f3n de la habitaci\u00f3n con elegancia<\/li>\n<li>F\u00e1cil de combinar con edredones de la misma colecci\u00f3n<\/li>\n<\/ul>\n","protected":false},"excerpt":{"rendered":"<p>Somier acolchado beige con elegantes bordados tono sobre tono. Perfecto para rematar la cama con estilo. Colecci\u00f3n Algod\u00f3n Bordado.<br \/>\n\ud83d\udccf 60 x 240 cm<\/p>\n","protected":false},"featured_media":221004,"comment_status":"open","ping_status":"closed","template":"","meta":{"_joinchat":[]},"pwb-brand":[1561],"product_brand":[],"product_cat":[2327,2381],"product_tag":[3371],"class_list":{"0":"post-221006","1":"product","2":"type-product","3":"status-publish","4":"has-post-thumbnail","6":"pwb-brand-blanc-mariclo-fr","7":"product_cat-la-cama","8":"product_cat-edredones","9":"product_tag-collection-printemps-ete","11":"first","12":"instock","13":"taxable","14":"shipping-taxable","15":"purchasable","16":"product-type-simple"},"brands":[{"id":2076,"name":"Blanc Mariclo","slug":"blanc-mariclo-es"}],"_links":{"self":[{"href":"https:\/\/www.tendenzeshabbychic.it\/es\/wp-json\/wp\/v2\/product\/221006","targetHints":{"allow":["GET"]}}],"collection":[{"href":"https:\/\/www.tendenzeshabbychic.it\/es\/wp-json\/wp\/v2\/product"}],"about":[{"href":"https:\/\/www.tendenzeshabbychic.it\/es\/wp-json\/wp\/v2\/types\/product"}],"replies":[{"embeddable":true,"href":"https:\/\/www.tendenzeshabbychic.it\/es\/wp-json\/wp\/v2\/comments?post=221006"}],"wp:featuredmedia":[{"embeddable":true,"href":"https:\/\/www.tendenzeshabbychic.it\/es\/wp-json\/wp\/v2\/media\/221004"}],"wp:attachment":[{"href":"https:\/\/www.tendenzeshabbychic.it\/es\/wp-json\/wp\/v2\/media?parent=221006"}],"wp:term":[{"taxonomy":"pwb-brand","embeddable":true,"href":"https:\/\/www.tendenzeshabbychic.it\/es\/wp-json\/wp\/v2\/pwb-brand?post=221006"},{"taxonomy":"product_brand","embeddable":true,"href":"https:\/\/www.tendenzeshabbychic.it\/es\/wp-json\/wp\/v2\/product_brand?post=221006"},{"taxonomy":"product_cat","embeddable":true,"href":"https:\/\/www.tendenzeshabbychic.it\/es\/wp-json\/wp\/v2\/product_cat?post=221006"},{"taxonomy":"product_tag","embeddable":true,"href":"https:\/\/www.tendenzeshabbychic.it\/es\/wp-json\/wp\/v2\/product_tag?post=221006"}],"curies":[{"name":"wp","href":"https:\/\/api.w.org\/{rel}","templated":true}]}}