{"id":220912,"date":"2026-01-23T12:40:00","date_gmt":"2026-01-23T11:40:00","guid":{"rendered":"https:\/\/www.tendenzeshabbychic.it\/prodotto\/blanc-mariclo-mantel-gala-rococo-180x260-cm\/"},"modified":"2026-04-22T23:56:44","modified_gmt":"2026-04-22T21:56:44","slug":"blanc-mariclo-mantel-gala-rococo-180x260-cm","status":"publish","type":"product","link":"https:\/\/www.tendenzeshabbychic.it\/es\/producto\/blanc-mariclo-mantel-gala-rococo-180x260-cm\/","title":{"rendered":"Blanc MariClo Mantel Rococ\u00f3 con Gala 180&#215;260 cm"},"content":{"rendered":"<p>Haz que tu mesa sea \u00fanica con el mantel Blanc MariClo de la <strong>Colecci\u00f3n Rococ\u00f3<\/strong>, aqu\u00ed propuesto en la versi\u00f3n <strong>gala de 10 cm<\/strong>. Fabricado en algod\u00f3n 100%, este mantel llama la atenci\u00f3n con un <strong>estampado inspirado en la est\u00e9tica del siglo XVIII<\/strong>: globos aerost\u00e1ticos pintados, paisajes rom\u00e1nticos y adorables personajes de cuento. <\/p>\n<p>El borde con volantes a\u00f1ade volumen y suavidad, por lo que es perfecta para una puesta en escena refinada, desayunos primaverales o brunchs Country Chic.<\/p>\n<ul>\n<li>Gala rizada de 10 cm para un efecto espectacular<\/li>\n<li>Estampado rococ\u00f3 con detalles de cuento de hadas<\/li>\n<li>Algod\u00f3n de alta calidad, duradero y natural<\/li>\n<li>Delicados tonos pastel: rosa, polvo, marfil, azul claro<\/li>\n<li>Perfecto para mesas elegantes o ambientes Shabby Chic<\/li>\n<\/ul>\n","protected":false},"excerpt":{"rendered":"<p>Mantel con volante de algod\u00f3n, estampado rococ\u00f3 de cuento de hadas y borde de gala de 10 cm.<\/p>\n<p>\ud83d\udccf 180 x 260 cm<\/p>\n","protected":false},"featured_media":220902,"comment_status":"open","ping_status":"closed","template":"","meta":{"_joinchat":[]},"pwb-brand":[1561],"product_brand":[],"product_cat":[2338,2377,2369],"product_tag":[3383,1379],"class_list":{"0":"post-220912","1":"product","2":"type-product","3":"status-publish","4":"has-post-thumbnail","6":"pwb-brand-blanc-mariclo-fr","7":"product_cat-manteles","8":"product_cat-la-mesa","9":"product_cat-pascua","10":"product_tag-colection-rococo-blanc-mariclo","11":"product_tag-lapins","13":"first","14":"instock","15":"sale","16":"taxable","17":"shipping-taxable","18":"purchasable","19":"product-type-simple"},"brands":[{"id":2076,"name":"Blanc Mariclo","slug":"blanc-mariclo-es"}],"_links":{"self":[{"href":"https:\/\/www.tendenzeshabbychic.it\/es\/wp-json\/wp\/v2\/product\/220912","targetHints":{"allow":["GET"]}}],"collection":[{"href":"https:\/\/www.tendenzeshabbychic.it\/es\/wp-json\/wp\/v2\/product"}],"about":[{"href":"https:\/\/www.tendenzeshabbychic.it\/es\/wp-json\/wp\/v2\/types\/product"}],"replies":[{"embeddable":true,"href":"https:\/\/www.tendenzeshabbychic.it\/es\/wp-json\/wp\/v2\/comments?post=220912"}],"wp:featuredmedia":[{"embeddable":true,"href":"https:\/\/www.tendenzeshabbychic.it\/es\/wp-json\/wp\/v2\/media\/220902"}],"wp:attachment":[{"href":"https:\/\/www.tendenzeshabbychic.it\/es\/wp-json\/wp\/v2\/media?parent=220912"}],"wp:term":[{"taxonomy":"pwb-brand","embeddable":true,"href":"https:\/\/www.tendenzeshabbychic.it\/es\/wp-json\/wp\/v2\/pwb-brand?post=220912"},{"taxonomy":"product_brand","embeddable":true,"href":"https:\/\/www.tendenzeshabbychic.it\/es\/wp-json\/wp\/v2\/product_brand?post=220912"},{"taxonomy":"product_cat","embeddable":true,"href":"https:\/\/www.tendenzeshabbychic.it\/es\/wp-json\/wp\/v2\/product_cat?post=220912"},{"taxonomy":"product_tag","embeddable":true,"href":"https:\/\/www.tendenzeshabbychic.it\/es\/wp-json\/wp\/v2\/product_tag?post=220912"}],"curies":[{"name":"wp","href":"https:\/\/api.w.org\/{rel}","templated":true}]}}