{"id":220796,"date":"2026-01-23T09:50:54","date_gmt":"2026-01-23T08:50:54","guid":{"rendered":"https:\/\/www.tendenzeshabbychic.it\/prodotto\/blanc-mariclo-colcha-doble-bordada-algodon-rosa-2-fundas-de-almohada\/"},"modified":"2025-12-09T21:59:54","modified_gmt":"2025-12-09T20:59:54","slug":"blanc-mariclo-colcha-doble-bordada-algodon-rosa-2-fundas-de-almohada","status":"publish","type":"product","link":"https:\/\/www.tendenzeshabbychic.it\/es\/producto\/blanc-mariclo-colcha-doble-bordada-algodon-rosa-2-fundas-de-almohada\/","title":{"rendered":"Blanc MariCl\u00f2 Colcha Doble Bordada Algod\u00f3n Rosa + 2 fundas de almohada"},"content":{"rendered":"<p>Calienta las noches de invierno con elegancia con la colcha doble Blanc MariCl\u00f2 de la colecci\u00f3n <em>Bordados de Algod\u00f3n<\/em>. Confeccionada en un delicado tono rosa empolvado, presenta un refinado estampado de damasco en relieve que a\u00f1ade un toque rom\u00e1ntico al dormitorio. La textura suave y aterciopelada combina la comodidad del algod\u00f3n con la durabilidad de la microfibra. Su dise\u00f1o atemporal encaja perfectamente en interiores Shabby Chic o cl\u00e1sicos. Ideal para amueblar con gusto y hacer la habitaci\u00f3n acogedora y sofisticada.    <\/p>\n<ul>\n<li>Colecci\u00f3n: Bordado de algod\u00f3n<\/li>\n<li>Suave y duradero: 50% algod\u00f3n, 50% microfibra<\/li>\n<li>Dise\u00f1o damasco elegante y atemporal<\/li>\n<li>Color rosa empolvado, perfecto para ambientes rom\u00e1nticos<\/li>\n<li>Ideal en combinaci\u00f3n con cojines y cabeceros tapizados<\/li>\n<\/ul>\n","protected":false},"excerpt":{"rendered":"<p>Colcha rosa empolvado con elegante motivo de acolchado en relieve, efecto damasco, completa con dos fundas de almohada. Colecci\u00f3n Algod\u00f3n Bordado, perfecta para habitaciones rom\u00e1nticas.<br \/>\n\ud83d\udccf Alto 260 x Ancho 260 cm &#8211; 2 fundas de almohada 50 x 80 cm<\/p>\n","protected":false},"featured_media":220794,"comment_status":"open","ping_status":"closed","template":"","meta":{"_joinchat":[]},"pwb-brand":[2076],"product_brand":[],"product_cat":[2380,2381,2327],"product_tag":[3372],"class_list":{"0":"post-220796","1":"product","2":"type-product","3":"status-publish","4":"has-post-thumbnail","6":"pwb-brand-blanc-mariclo-es","7":"product_cat-edredones-de-boda","8":"product_cat-edredones","9":"product_cat-la-cama","10":"product_tag-coleccion-primavera-verano","12":"first","13":"instock","14":"taxable","15":"shipping-taxable","16":"purchasable","17":"product-type-simple"},"brands":[{"id":2076,"name":"Blanc Mariclo","slug":"blanc-mariclo-es"}],"_links":{"self":[{"href":"https:\/\/www.tendenzeshabbychic.it\/es\/wp-json\/wp\/v2\/product\/220796","targetHints":{"allow":["GET"]}}],"collection":[{"href":"https:\/\/www.tendenzeshabbychic.it\/es\/wp-json\/wp\/v2\/product"}],"about":[{"href":"https:\/\/www.tendenzeshabbychic.it\/es\/wp-json\/wp\/v2\/types\/product"}],"replies":[{"embeddable":true,"href":"https:\/\/www.tendenzeshabbychic.it\/es\/wp-json\/wp\/v2\/comments?post=220796"}],"wp:featuredmedia":[{"embeddable":true,"href":"https:\/\/www.tendenzeshabbychic.it\/es\/wp-json\/wp\/v2\/media\/220794"}],"wp:attachment":[{"href":"https:\/\/www.tendenzeshabbychic.it\/es\/wp-json\/wp\/v2\/media?parent=220796"}],"wp:term":[{"taxonomy":"pwb-brand","embeddable":true,"href":"https:\/\/www.tendenzeshabbychic.it\/es\/wp-json\/wp\/v2\/pwb-brand?post=220796"},{"taxonomy":"product_brand","embeddable":true,"href":"https:\/\/www.tendenzeshabbychic.it\/es\/wp-json\/wp\/v2\/product_brand?post=220796"},{"taxonomy":"product_cat","embeddable":true,"href":"https:\/\/www.tendenzeshabbychic.it\/es\/wp-json\/wp\/v2\/product_cat?post=220796"},{"taxonomy":"product_tag","embeddable":true,"href":"https:\/\/www.tendenzeshabbychic.it\/es\/wp-json\/wp\/v2\/product_tag?post=220796"}],"curies":[{"name":"wp","href":"https:\/\/api.w.org\/{rel}","templated":true}]}}