{"id":220529,"date":"2026-01-15T21:59:17","date_gmt":"2026-01-15T20:59:17","guid":{"rendered":"https:\/\/www.tendenzeshabbychic.it\/?post_type=product&#038;p=220529"},"modified":"2026-02-01T12:40:33","modified_gmt":"2026-02-01T11:40:33","slug":"cesta-blanc-mariclo-con-dos-panos-de-cocina-coco-sin-foto-ni-descripcion","status":"publish","type":"product","link":"https:\/\/www.tendenzeshabbychic.it\/es\/producto\/cesta-blanc-mariclo-con-dos-panos-de-cocina-coco-sin-foto-ni-descripcion\/","title":{"rendered":"Cesta Blanc MariCl\u00f2 con dos pa\u00f1os de cocina Coco"},"content":{"rendered":"","protected":false},"excerpt":{"rendered":"<p>Cesta con dos pa\u00f1os de cocina de la colecci\u00f3n Coco de Blanc MariClo<\/p>\n","protected":false},"featured_media":220525,"comment_status":"open","ping_status":"closed","template":"","meta":{"_joinchat":[]},"pwb-brand":[2076],"product_brand":[],"product_cat":[2390,2324,2369],"product_tag":[3365,2202],"class_list":{"0":"post-220529","1":"product","2":"type-product","3":"status-publish","4":"has-post-thumbnail","6":"pwb-brand-blanc-mariclo-es","7":"product_cat-textiles-de-cocina","8":"product_cat-cocina","9":"product_cat-pascua","10":"product_tag-coleccion-coco-blanc-mariclo","11":"product_tag-gallinas","13":"first","14":"instock","15":"sale","16":"taxable","17":"shipping-taxable","18":"purchasable","19":"product-type-simple"},"brands":[{"id":2076,"name":"Blanc Mariclo","slug":"blanc-mariclo-es"}],"_links":{"self":[{"href":"https:\/\/www.tendenzeshabbychic.it\/es\/wp-json\/wp\/v2\/product\/220529","targetHints":{"allow":["GET"]}}],"collection":[{"href":"https:\/\/www.tendenzeshabbychic.it\/es\/wp-json\/wp\/v2\/product"}],"about":[{"href":"https:\/\/www.tendenzeshabbychic.it\/es\/wp-json\/wp\/v2\/types\/product"}],"replies":[{"embeddable":true,"href":"https:\/\/www.tendenzeshabbychic.it\/es\/wp-json\/wp\/v2\/comments?post=220529"}],"wp:featuredmedia":[{"embeddable":true,"href":"https:\/\/www.tendenzeshabbychic.it\/es\/wp-json\/wp\/v2\/media\/220525"}],"wp:attachment":[{"href":"https:\/\/www.tendenzeshabbychic.it\/es\/wp-json\/wp\/v2\/media?parent=220529"}],"wp:term":[{"taxonomy":"pwb-brand","embeddable":true,"href":"https:\/\/www.tendenzeshabbychic.it\/es\/wp-json\/wp\/v2\/pwb-brand?post=220529"},{"taxonomy":"product_brand","embeddable":true,"href":"https:\/\/www.tendenzeshabbychic.it\/es\/wp-json\/wp\/v2\/product_brand?post=220529"},{"taxonomy":"product_cat","embeddable":true,"href":"https:\/\/www.tendenzeshabbychic.it\/es\/wp-json\/wp\/v2\/product_cat?post=220529"},{"taxonomy":"product_tag","embeddable":true,"href":"https:\/\/www.tendenzeshabbychic.it\/es\/wp-json\/wp\/v2\/product_tag?post=220529"}],"curies":[{"name":"wp","href":"https:\/\/api.w.org\/{rel}","templated":true}]}}