{"id":220054,"date":"2026-01-22T10:00:42","date_gmt":"2026-01-22T09:00:42","guid":{"rendered":"https:\/\/www.tendenzeshabbychic.it\/prodotto\/edg-lampara-de-sobremesa-lily-blanca-h175-cm\/"},"modified":"2026-01-14T17:46:42","modified_gmt":"2026-01-14T16:46:42","slug":"edg-lampara-de-sobremesa-lily-blanca-h175-cm","status":"publish","type":"product","link":"https:\/\/www.tendenzeshabbychic.it\/es\/producto\/edg-lampara-de-sobremesa-lily-blanca-h175-cm\/","title":{"rendered":"EDG L\u00e1mpara de Sobremesa Lily Blanca H17,5 cm"},"content":{"rendered":"<p>La l\u00e1mpara de mesa Lily blanca de Enzo de Gasperi es un mueble refinado con un dise\u00f1o floral y luminoso. La pantalla de cristal esmerilado transparente, modelada como una flor con p\u00e9talos suaves y envolventes, difunde una luz delicada y acogedora. El tallo central de metal con acabado dorado crea un elegante contraste con la base blanca, ligeramente acampanada. Recargable por USB, con pila de litio incluida y hasta 30 horas de autonom\u00eda, es ideal para mesillas de noche, mesas de centro y rincones de relax. Completo con caja de regalo, tambi\u00e9n es perfecto como idea de regalo con clase.    <\/p>\n<p><strong>Ideas y calidad del mobiliario<\/strong><\/p>\n<ul>\n<li>Pantalla floral de vidrio esmerilado transparente<\/li>\n<li>Detalles met\u00e1licos con acabado dorado<\/li>\n<li>Bater\u00eda de litio incluida, autonom\u00eda de hasta 30 horas<\/li>\n<li>Recargable c\u00f3modamente por USB<\/li>\n<li>Ideal para ambientes elegantes, rom\u00e1nticos y modernos<\/li>\n<\/ul>\n","protected":false},"excerpt":{"rendered":"<p>Elegante l\u00e1mpara de sobremesa con pantalla de flores de cristal blanco y base a juego. Recargable por USB, con pila incluida y caja de regalo.<br \/>\n\ud83d\udccf Alto 17,5 x Ancho 11 x Fondo 11 cm<\/p>\n","protected":false},"featured_media":220038,"comment_status":"open","ping_status":"closed","template":"","meta":{"_joinchat":[]},"pwb-brand":[2084],"product_brand":[],"product_cat":[2337],"product_tag":[],"class_list":{"0":"post-220054","1":"product","2":"type-product","3":"status-publish","4":"has-post-thumbnail","6":"pwb-brand-edg-enzo-de-gasperi","7":"product_cat-candelabros-y-lamparas","9":"first","10":"instock","11":"taxable","12":"shipping-taxable","13":"purchasable","14":"product-type-simple"},"brands":[{"id":2084,"name":"EDG - Enzo De Gasperi","slug":"edg-enzo-de-gasperi"}],"_links":{"self":[{"href":"https:\/\/www.tendenzeshabbychic.it\/es\/wp-json\/wp\/v2\/product\/220054","targetHints":{"allow":["GET"]}}],"collection":[{"href":"https:\/\/www.tendenzeshabbychic.it\/es\/wp-json\/wp\/v2\/product"}],"about":[{"href":"https:\/\/www.tendenzeshabbychic.it\/es\/wp-json\/wp\/v2\/types\/product"}],"replies":[{"embeddable":true,"href":"https:\/\/www.tendenzeshabbychic.it\/es\/wp-json\/wp\/v2\/comments?post=220054"}],"wp:featuredmedia":[{"embeddable":true,"href":"https:\/\/www.tendenzeshabbychic.it\/es\/wp-json\/wp\/v2\/media\/220038"}],"wp:attachment":[{"href":"https:\/\/www.tendenzeshabbychic.it\/es\/wp-json\/wp\/v2\/media?parent=220054"}],"wp:term":[{"taxonomy":"pwb-brand","embeddable":true,"href":"https:\/\/www.tendenzeshabbychic.it\/es\/wp-json\/wp\/v2\/pwb-brand?post=220054"},{"taxonomy":"product_brand","embeddable":true,"href":"https:\/\/www.tendenzeshabbychic.it\/es\/wp-json\/wp\/v2\/product_brand?post=220054"},{"taxonomy":"product_cat","embeddable":true,"href":"https:\/\/www.tendenzeshabbychic.it\/es\/wp-json\/wp\/v2\/product_cat?post=220054"},{"taxonomy":"product_tag","embeddable":true,"href":"https:\/\/www.tendenzeshabbychic.it\/es\/wp-json\/wp\/v2\/product_tag?post=220054"}],"curies":[{"name":"wp","href":"https:\/\/api.w.org\/{rel}","templated":true}]}}