{"id":219791,"date":"2026-03-04T13:45:22","date_gmt":"2026-03-04T12:45:22","guid":{"rendered":"https:\/\/www.tendenzeshabbychic.it\/prodotto\/latelier-17-alfombra-bloom-beige-2-tamanos\/"},"modified":"2026-03-06T02:42:46","modified_gmt":"2026-03-06T01:42:46","slug":"latelier-17-alfombra-bloom-beige-2-tamanos","status":"publish","type":"product","link":"https:\/\/www.tendenzeshabbychic.it\/es\/producto\/latelier-17-alfombra-bloom-beige-2-tamanos\/","title":{"rendered":"L&#8217;Atelier 17 Alfombra Bloom Beige &#8211; 3 tama\u00f1os"},"content":{"rendered":"<p>La <strong>alfombra Bloom Beige<\/strong> de <strong>L&#8217;Atelier<\/strong> 17 es la elecci\u00f3n perfecta para quienes desean amueblar con delicadeza y personalidad. La base de terciopelo beige de efecto vintage se combina con una refinada composici\u00f3n floral: flores empolvadas, toques de \u00f3xido y tonos naturales que evocan una belleza intemporal. <\/p>\n<p>Los <strong>sutiles flecos gris perla<\/strong> de los laterales le confieren equilibrio y sofisticaci\u00f3n, realzando cada detalle con sobriedad. Gracias a su paleta neutra y sofisticada, combina f\u00e1cilmente con sof\u00e1s de colores claros, muebles de madera natural o ambientes Shabby Chic y rom\u00e1nticos. <\/p>\n<p>Compuesta por <strong>un 84% de poli\u00e9ster y un 16% de algod\u00f3n<\/strong>, combina suavidad, durabilidad y practicidad. Es <strong>lavable a m\u00e1quina a 30 \u00b0C<\/strong>, ideal para espacios din\u00e1micos o habitados. <\/p>\n<p>Disponible en <strong>dos tama\u00f1os vers\u00e1tiles<\/strong>, es perfecta para cualquier rinc\u00f3n de la casa:<\/p>\n<ul>\n<li>67&#215;110 cm para entradas, rincones de lectura o junto a la cama.<\/li>\n<li>67&#215;180 cm ideal para pasillos y bajo fregaderos<\/li>\n<li>80&#215;150 cm para salones, pasillos o dormitorios grandes.<\/li>\n<\/ul>\n<p><strong>Fortalezas:<\/strong><\/p>\n<ul>\n<li>Terciopelo estampado con elegante efecto vintage<\/li>\n<li>Tono beige neutro con flores c\u00e1lidas y delicadas<\/li>\n<li>Los refinados flecos realzan el dise\u00f1o<\/li>\n<li>Lavable a m\u00e1quina a 30\u00b0C<\/li>\n<li>Disponible en dos tama\u00f1os para adaptarse a cualquier espacio<\/li>\n<\/ul>\n","protected":false},"excerpt":{"rendered":"<p>Una alfombra sublime de terciopelo beige c\u00e1lido, decorada con un estampado floral en tonos polvo, \u00f3xido y arena. Los flecos gris perla completan el look con un toque rom\u00e1ntico. Disponible en dos tama\u00f1os para que encaje perfectamente en cualquier habitaci\u00f3n de la casa.  <\/p>\n<p>Disponible en tres variantes:<\/p>\n<ul>\n<li>67 x 110 cm<\/li>\n<li>67 x 180 cm<\/li>\n<li>80 x 150 cm<\/li>\n<\/ul>\n","protected":false},"featured_media":219787,"comment_status":"open","ping_status":"closed","template":"","meta":{"_joinchat":[]},"pwb-brand":[2086],"product_brand":[],"product_cat":[2351],"product_tag":[],"class_list":{"0":"post-219791","1":"product","2":"type-product","3":"status-publish","4":"has-post-thumbnail","6":"pwb-brand-latelier-17","7":"product_cat-alfombras","9":"first","10":"instock","11":"taxable","12":"shipping-taxable","13":"purchasable","14":"product-type-variable"},"brands":[{"id":2086,"name":"L'Atelier 17","slug":"latelier-17"}],"_links":{"self":[{"href":"https:\/\/www.tendenzeshabbychic.it\/es\/wp-json\/wp\/v2\/product\/219791","targetHints":{"allow":["GET"]}}],"collection":[{"href":"https:\/\/www.tendenzeshabbychic.it\/es\/wp-json\/wp\/v2\/product"}],"about":[{"href":"https:\/\/www.tendenzeshabbychic.it\/es\/wp-json\/wp\/v2\/types\/product"}],"replies":[{"embeddable":true,"href":"https:\/\/www.tendenzeshabbychic.it\/es\/wp-json\/wp\/v2\/comments?post=219791"}],"wp:featuredmedia":[{"embeddable":true,"href":"https:\/\/www.tendenzeshabbychic.it\/es\/wp-json\/wp\/v2\/media\/219787"}],"wp:attachment":[{"href":"https:\/\/www.tendenzeshabbychic.it\/es\/wp-json\/wp\/v2\/media?parent=219791"}],"wp:term":[{"taxonomy":"pwb-brand","embeddable":true,"href":"https:\/\/www.tendenzeshabbychic.it\/es\/wp-json\/wp\/v2\/pwb-brand?post=219791"},{"taxonomy":"product_brand","embeddable":true,"href":"https:\/\/www.tendenzeshabbychic.it\/es\/wp-json\/wp\/v2\/product_brand?post=219791"},{"taxonomy":"product_cat","embeddable":true,"href":"https:\/\/www.tendenzeshabbychic.it\/es\/wp-json\/wp\/v2\/product_cat?post=219791"},{"taxonomy":"product_tag","embeddable":true,"href":"https:\/\/www.tendenzeshabbychic.it\/es\/wp-json\/wp\/v2\/product_tag?post=219791"}],"curies":[{"name":"wp","href":"https:\/\/api.w.org\/{rel}","templated":true}]}}