{"id":219486,"date":"2026-01-09T14:57:13","date_gmt":"2026-01-09T13:57:13","guid":{"rendered":"https:\/\/www.tendenzeshabbychic.it\/prodotto\/blanc-mariclo-jarra-vitra-15-l\/"},"modified":"2026-01-09T14:57:13","modified_gmt":"2026-01-09T13:57:13","slug":"blanc-mariclo-jarra-vitra-15-l","status":"publish","type":"product","link":"https:\/\/www.tendenzeshabbychic.it\/es\/producto\/blanc-mariclo-jarra-vitra-15-l\/","title":{"rendered":"Blanc MariClo Jarra Vitra 1,5 L"},"content":{"rendered":"<p>La jarra Blanc MariClo de la colecci\u00f3n Vitra est\u00e1 hecha de cristal transparente adornado con peque\u00f1os lunares dorados aplicados, que aportan luz y refinamiento a su forma limpia y esencial. Equipada con asa ergon\u00f3mica y pico vertedor, combina practicidad y elegancia. Perfecta para servir agua, zumos o bebidas fr\u00edas, es ideal para completar una mesa Shabby Chic o rom\u00e1ntica, sobre todo si se combina con los vasos a juego de la misma colecci\u00f3n.  <\/p>\n<p><strong>Fortalezas:<\/strong><\/p>\n<ul>\n<li>Cristal transparente con decoraci\u00f3n dorada<\/li>\n<li>Dise\u00f1o elegante y atemporal<\/li>\n<li>Pr\u00e1ctico pico para verter f\u00e1cilmente<\/li>\n<li>Empu\u00f1adura c\u00f3moda y equilibrada<\/li>\n<li>Coordina con gafas Vitra<\/li>\n<\/ul>\n","protected":false},"excerpt":{"rendered":"<p>Jarra de cristal transparente con delicados lunares dorados y l\u00edneas esenciales. Elegante y luminosa, perfecta para la mesa de la colecci\u00f3n Vitra. <\/p>\n<p>\ud83d\udccf 9 x 11 x 25 cm<\/p>\n","protected":false},"featured_media":219485,"comment_status":"open","ping_status":"closed","template":"","meta":{"_joinchat":[]},"pwb-brand":[456],"product_brand":[],"product_cat":[2938,2944],"product_tag":[],"class_list":{"0":"post-219486","1":"product","2":"type-product","3":"status-publish","4":"has-post-thumbnail","6":"pwb-brand-blanc-mariclo","7":"product_cat-jarras-y-garrafas","8":"product_cat-vajilla","10":"first","11":"instock","12":"taxable","13":"shipping-taxable","14":"purchasable","15":"product-type-simple"},"brands":[{"id":2076,"name":"Blanc Mariclo","slug":"blanc-mariclo-es"}],"_links":{"self":[{"href":"https:\/\/www.tendenzeshabbychic.it\/es\/wp-json\/wp\/v2\/product\/219486","targetHints":{"allow":["GET"]}}],"collection":[{"href":"https:\/\/www.tendenzeshabbychic.it\/es\/wp-json\/wp\/v2\/product"}],"about":[{"href":"https:\/\/www.tendenzeshabbychic.it\/es\/wp-json\/wp\/v2\/types\/product"}],"replies":[{"embeddable":true,"href":"https:\/\/www.tendenzeshabbychic.it\/es\/wp-json\/wp\/v2\/comments?post=219486"}],"wp:featuredmedia":[{"embeddable":true,"href":"https:\/\/www.tendenzeshabbychic.it\/es\/wp-json\/wp\/v2\/media\/219485"}],"wp:attachment":[{"href":"https:\/\/www.tendenzeshabbychic.it\/es\/wp-json\/wp\/v2\/media?parent=219486"}],"wp:term":[{"taxonomy":"pwb-brand","embeddable":true,"href":"https:\/\/www.tendenzeshabbychic.it\/es\/wp-json\/wp\/v2\/pwb-brand?post=219486"},{"taxonomy":"product_brand","embeddable":true,"href":"https:\/\/www.tendenzeshabbychic.it\/es\/wp-json\/wp\/v2\/product_brand?post=219486"},{"taxonomy":"product_cat","embeddable":true,"href":"https:\/\/www.tendenzeshabbychic.it\/es\/wp-json\/wp\/v2\/product_cat?post=219486"},{"taxonomy":"product_tag","embeddable":true,"href":"https:\/\/www.tendenzeshabbychic.it\/es\/wp-json\/wp\/v2\/product_tag?post=219486"}],"curies":[{"name":"wp","href":"https:\/\/api.w.org\/{rel}","templated":true}]}}