{"id":219086,"date":"2026-01-15T21:28:30","date_gmt":"2026-01-15T20:28:30","guid":{"rendered":"https:\/\/www.tendenzeshabbychic.it\/prodotto\/blanc-mariclo-camino-de-mesa-coleccion-linda-45x150-cm\/"},"modified":"2025-12-16T11:01:30","modified_gmt":"2025-12-16T10:01:30","slug":"blanc-mariclo-camino-de-mesa-coleccion-linda-45x150-cm","status":"publish","type":"product","link":"https:\/\/www.tendenzeshabbychic.it\/es\/producto\/blanc-mariclo-camino-de-mesa-coleccion-linda-45x150-cm\/","title":{"rendered":"Blanc MariCl\u00f2 Camino de mesa Colecci\u00f3n Linda 45&#215;150 cm"},"content":{"rendered":"<p>El Camino de mesa Blanc MariCl\u00f2 de la <strong>Colecci\u00f3n Linda<\/strong> aporta un toque de encanto r\u00fastico a la mesa. Fabricado con una mezcla de algod\u00f3n (70% algod\u00f3n, 30% fibra sint\u00e9tica), se distingue por un elegante estampado de grandes cuadros azules y blancos, rematado con un refinado borde fruncido de delicadas flores en tonos rosa, azul y beige. <\/p>\n<p>Perfecto para crear un ambiente acogedor en la cocina o el comedor, se adapta a la mise en place Country Chic, tambi\u00e9n es ideal para brunchs al aire libre o desayunos en la veranda.<\/p>\n<p>Un detalle textil que embellece la mesa con sencillez y gusto, realzando los platos de cer\u00e1mica blanca o los accesorios vintage.<\/p>\n<ul>\n<li>Cl\u00e1sico estampado de cuadros con borde floral en contraste<\/li>\n<li>De suave tejido de mezcla de algod\u00f3n<\/li>\n<li>Ideal para una puesta en escena Country Chic o r\u00fastica<\/li>\n<li>F\u00e1cil de combinar con otros elementos textiles de la Colecci\u00f3n Linda<\/li>\n<li>Ideal para el uso diario o para ocasiones especiales<\/li>\n<\/ul>\n","protected":false},"excerpt":{"rendered":"<p>Camino de mesa en tela de cuadros blancos y azules con un borde de volantes florales, perfecto para una mesa Country Chic.<\/p>\n<p>\ud83d\udccf 45 x 150 cm<\/p>\n","protected":false},"featured_media":219073,"comment_status":"open","ping_status":"closed","template":"","meta":{"_joinchat":[]},"pwb-brand":[2076],"product_brand":[],"product_cat":[2373,2377],"product_tag":[2845,3380],"class_list":{"0":"post-219086","1":"product","2":"type-product","3":"status-publish","4":"has-post-thumbnail","6":"pwb-brand-blanc-mariclo-es","7":"product_cat-camino-de-mesa","8":"product_cat-la-mesa","9":"product_tag-comedor","10":"product_tag-linda-collection","12":"first","13":"instock","14":"taxable","15":"shipping-taxable","16":"purchasable","17":"product-type-simple"},"brands":[{"id":2076,"name":"Blanc Mariclo","slug":"blanc-mariclo-es"}],"_links":{"self":[{"href":"https:\/\/www.tendenzeshabbychic.it\/es\/wp-json\/wp\/v2\/product\/219086","targetHints":{"allow":["GET"]}}],"collection":[{"href":"https:\/\/www.tendenzeshabbychic.it\/es\/wp-json\/wp\/v2\/product"}],"about":[{"href":"https:\/\/www.tendenzeshabbychic.it\/es\/wp-json\/wp\/v2\/types\/product"}],"replies":[{"embeddable":true,"href":"https:\/\/www.tendenzeshabbychic.it\/es\/wp-json\/wp\/v2\/comments?post=219086"}],"wp:featuredmedia":[{"embeddable":true,"href":"https:\/\/www.tendenzeshabbychic.it\/es\/wp-json\/wp\/v2\/media\/219073"}],"wp:attachment":[{"href":"https:\/\/www.tendenzeshabbychic.it\/es\/wp-json\/wp\/v2\/media?parent=219086"}],"wp:term":[{"taxonomy":"pwb-brand","embeddable":true,"href":"https:\/\/www.tendenzeshabbychic.it\/es\/wp-json\/wp\/v2\/pwb-brand?post=219086"},{"taxonomy":"product_brand","embeddable":true,"href":"https:\/\/www.tendenzeshabbychic.it\/es\/wp-json\/wp\/v2\/product_brand?post=219086"},{"taxonomy":"product_cat","embeddable":true,"href":"https:\/\/www.tendenzeshabbychic.it\/es\/wp-json\/wp\/v2\/product_cat?post=219086"},{"taxonomy":"product_tag","embeddable":true,"href":"https:\/\/www.tendenzeshabbychic.it\/es\/wp-json\/wp\/v2\/product_tag?post=219086"}],"curies":[{"name":"wp","href":"https:\/\/api.w.org\/{rel}","templated":true}]}}