{"id":218960,"date":"2026-01-15T19:01:09","date_gmt":"2026-01-15T18:01:09","guid":{"rendered":"https:\/\/www.tendenzeshabbychic.it\/prodotto\/blanc-mariclo-par-de-esponjas-de-moka-40x60-60x100\/"},"modified":"2025-12-15T15:32:09","modified_gmt":"2025-12-15T14:32:09","slug":"blanc-mariclo-par-de-esponjas-de-moka-40x60-60x100","status":"publish","type":"product","link":"https:\/\/www.tendenzeshabbychic.it\/es\/producto\/blanc-mariclo-par-de-esponjas-de-moka-40x60-60x100\/","title":{"rendered":"Blanc MariCl\u00f2 Par de esponjas de moka 40&#215;60 &#8211; 60&#215;100"},"content":{"rendered":"<p>La pareja de esponjas <em style=\"font-size: 14.4px;\">Moca Mousse<\/em><span style=\"font-size: 14.4px;\">  de Blanc MariCl\u00f2 es un sofisticado juego compuesto por una toalla para la cara y otra para invitados, fabricadas en algod\u00f3n 100% de alto gramaje (420 g\/m\u00b2). Caracterizadas por su elaboraci\u00f3n compacta y absorbente, est\u00e1n disponibles en 3 sofisticados tonos y se venden individualmente. <\/span><\/p>\n<p>Sus pr\u00e1cticas dimensiones y su discreto dise\u00f1o las hacen ideales para el ba\u00f1o de cada d\u00eda, pero tambi\u00e9n perfectas como elegante idea de regalo o complemento para B&amp;B y casas de vacaciones Country Chic.<\/p>\n<ul>\n<li>Tejido de rizo de 420 g\/m\u00b2 100% algod\u00f3n: suave, absorbente y duradero<\/li>\n<li>Disponible en 3 colores neutros y elegantes<\/li>\n<li>Combinaci\u00f3n perfecta de cara y hu\u00e9sped<\/li>\n<li>Dise\u00f1o sencillo y vers\u00e1til para cualquier cuarto de ba\u00f1o<\/li>\n<li>Colecci\u00f3n <em>Mocha Mousse<\/em> de Blanc MariCl\u00f2<\/li>\n<\/ul>\n","protected":false},"excerpt":{"rendered":"<p>Conjunto de cara y hu\u00e9sped en rizo de algod\u00f3n 100% de 420 gsm. Colecci\u00f3n Mocha Mousse, en 3 elegantes variaciones. <\/p>\n<p>\ud83d\udccf 40 x 60 cm (invitados)<br \/>\n\ud83d\udccf 60 x 100 cm (cara)<\/p>\n","protected":false},"featured_media":218958,"comment_status":"open","ping_status":"closed","template":"","meta":{"_joinchat":[]},"pwb-brand":[2076],"product_brand":[],"product_cat":[2325,2384],"product_tag":[],"class_list":{"0":"post-218960","1":"product","2":"type-product","3":"status-publish","4":"has-post-thumbnail","6":"pwb-brand-blanc-mariclo-es","7":"product_cat-toallas","8":"product_cat-el-bano","9":"pa_colore-beige-es","10":"pa_colore-gris-tortola","11":"pa_colore-verde-es","13":"first","14":"instock","15":"taxable","16":"shipping-taxable","17":"purchasable","18":"product-type-variable"},"brands":[{"id":2076,"name":"Blanc Mariclo","slug":"blanc-mariclo-es"}],"_links":{"self":[{"href":"https:\/\/www.tendenzeshabbychic.it\/es\/wp-json\/wp\/v2\/product\/218960","targetHints":{"allow":["GET"]}}],"collection":[{"href":"https:\/\/www.tendenzeshabbychic.it\/es\/wp-json\/wp\/v2\/product"}],"about":[{"href":"https:\/\/www.tendenzeshabbychic.it\/es\/wp-json\/wp\/v2\/types\/product"}],"replies":[{"embeddable":true,"href":"https:\/\/www.tendenzeshabbychic.it\/es\/wp-json\/wp\/v2\/comments?post=218960"}],"wp:featuredmedia":[{"embeddable":true,"href":"https:\/\/www.tendenzeshabbychic.it\/es\/wp-json\/wp\/v2\/media\/218958"}],"wp:attachment":[{"href":"https:\/\/www.tendenzeshabbychic.it\/es\/wp-json\/wp\/v2\/media?parent=218960"}],"wp:term":[{"taxonomy":"pwb-brand","embeddable":true,"href":"https:\/\/www.tendenzeshabbychic.it\/es\/wp-json\/wp\/v2\/pwb-brand?post=218960"},{"taxonomy":"product_brand","embeddable":true,"href":"https:\/\/www.tendenzeshabbychic.it\/es\/wp-json\/wp\/v2\/product_brand?post=218960"},{"taxonomy":"product_cat","embeddable":true,"href":"https:\/\/www.tendenzeshabbychic.it\/es\/wp-json\/wp\/v2\/product_cat?post=218960"},{"taxonomy":"product_tag","embeddable":true,"href":"https:\/\/www.tendenzeshabbychic.it\/es\/wp-json\/wp\/v2\/product_tag?post=218960"}],"curies":[{"name":"wp","href":"https:\/\/api.w.org\/{rel}","templated":true}]}}