{"id":218947,"date":"2026-01-15T19:24:49","date_gmt":"2026-01-15T18:24:49","guid":{"rendered":"https:\/\/www.tendenzeshabbychic.it\/prodotto\/blanc-mariclo-colcha-doble-natural-260x260-sangallo-verano-2-fundas-de-almohada\/"},"modified":"2026-04-06T11:11:44","modified_gmt":"2026-04-06T09:11:44","slug":"blanc-mariclo-colcha-doble-natural-260x260-sangallo-verano-2-fundas-de-almohada","status":"publish","type":"product","link":"https:\/\/www.tendenzeshabbychic.it\/es\/producto\/blanc-mariclo-colcha-doble-natural-260x260-sangallo-verano-2-fundas-de-almohada\/","title":{"rendered":"Blanc MariClo&#8217; colcha doble natural 260&#215;260 Sangallo Verano + 2 fundas de almohada"},"content":{"rendered":"<p>La colcha doble Blanc MariClo Estate de Sangallo confiere a la cama una elegancia fresca y luminosa. Fabricada en 100% microfibra, es ligera y suave, ideal para entretiempo gracias al relleno de 200 g\/m\u00b2 que calienta sin apelmazar. El acolchado de rombos aporta orden y volumen, mientras que la generosa gala de encaje sangallo, con borde festoneado y peque\u00f1os calados, define el per\u00edmetro con un delicado motivo rom\u00e1ntico. Las dos fundas de almohada a juego completan el conjunto y crean un efecto \u00absuite\u00bb perfecto en habitaciones Shabby Chic o cl\u00e1sicas contempor\u00e1neas. Comb\u00ednala con s\u00e1banas lisas, almohadas decorativas y Plaids tono sobre tono para tener una cama siempre cuidada.    <\/p>\n<ul>\n<li>Conjunto doble: colcha 260&#215;260 cm + 2 fundas de almohada a juego<\/li>\n<li>Tejido 100% microfibra: suave, ligero y f\u00e1cil de lavar<\/li>\n<li>Acolchado de 200 g\/m\u00b2, ideal para primavera y verano<\/li>\n<li>Acolchado de rombos con elegante gala de encaje sangallo festoneado<\/li>\n<li>Perfecto para habitaciones rom\u00e1nticas, Shabby Chic y luminosas<\/li>\n<\/ul>\n<p>Completa la cama con nuestras <a href=\"https:\/\/www.tendenzeshabbychic.it\/es\/categoria-producto\/la-cama\/hojas\/sabanas-matrimoniales\/\">s\u00e1banas dobles<\/a> y a\u00f1ade <a href=\"https:\/\/www.tendenzeshabbychic.it\/es\/categoria-producto\/cojines\/\">almohadas decorativas<\/a> para conseguir un dormitorio de ensue\u00f1o.<\/p>\n","protected":false},"excerpt":{"rendered":"<p>Colcha doble acolchada con rombos naturales y borde de encaje sangallo festoneado, con dos fundas de almohada a juego.<br \/>\n\ud83d\udccf Colcha 260 x 260 cm &#8211; 2 fundas de almohada 50 x 80 cm<\/p>\n","protected":false},"featured_media":218944,"comment_status":"open","ping_status":"closed","template":"","meta":{"_joinchat":[]},"pwb-brand":[2076],"product_brand":[],"product_cat":[2380,2381,2327],"product_tag":[3372,2848],"class_list":{"0":"post-218947","1":"product","2":"type-product","3":"status-publish","4":"has-post-thumbnail","6":"pwb-brand-blanc-mariclo-es","7":"product_cat-edredones-de-boda","8":"product_cat-edredones","9":"product_cat-la-cama","10":"product_tag-coleccion-primavera-verano","11":"product_tag-dormitorio","13":"first","14":"instock","15":"taxable","16":"shipping-taxable","17":"purchasable","18":"product-type-simple"},"brands":[{"id":2076,"name":"Blanc Mariclo","slug":"blanc-mariclo-es"}],"_links":{"self":[{"href":"https:\/\/www.tendenzeshabbychic.it\/es\/wp-json\/wp\/v2\/product\/218947","targetHints":{"allow":["GET"]}}],"collection":[{"href":"https:\/\/www.tendenzeshabbychic.it\/es\/wp-json\/wp\/v2\/product"}],"about":[{"href":"https:\/\/www.tendenzeshabbychic.it\/es\/wp-json\/wp\/v2\/types\/product"}],"replies":[{"embeddable":true,"href":"https:\/\/www.tendenzeshabbychic.it\/es\/wp-json\/wp\/v2\/comments?post=218947"}],"wp:featuredmedia":[{"embeddable":true,"href":"https:\/\/www.tendenzeshabbychic.it\/es\/wp-json\/wp\/v2\/media\/218944"}],"wp:attachment":[{"href":"https:\/\/www.tendenzeshabbychic.it\/es\/wp-json\/wp\/v2\/media?parent=218947"}],"wp:term":[{"taxonomy":"pwb-brand","embeddable":true,"href":"https:\/\/www.tendenzeshabbychic.it\/es\/wp-json\/wp\/v2\/pwb-brand?post=218947"},{"taxonomy":"product_brand","embeddable":true,"href":"https:\/\/www.tendenzeshabbychic.it\/es\/wp-json\/wp\/v2\/product_brand?post=218947"},{"taxonomy":"product_cat","embeddable":true,"href":"https:\/\/www.tendenzeshabbychic.it\/es\/wp-json\/wp\/v2\/product_cat?post=218947"},{"taxonomy":"product_tag","embeddable":true,"href":"https:\/\/www.tendenzeshabbychic.it\/es\/wp-json\/wp\/v2\/product_tag?post=218947"}],"curies":[{"name":"wp","href":"https:\/\/api.w.org\/{rel}","templated":true}]}}