{"id":218937,"date":"2026-01-15T19:22:03","date_gmt":"2026-01-15T18:22:03","guid":{"rendered":"https:\/\/www.tendenzeshabbychic.it\/prodotto\/blanc-mariclo-alfombra-de-bano-beige-1400-gsm-50x110\/"},"modified":"2025-12-12T14:17:03","modified_gmt":"2025-12-12T13:17:03","slug":"blanc-mariclo-alfombra-de-bano-beige-1400-gsm-50x110","status":"publish","type":"product","link":"https:\/\/www.tendenzeshabbychic.it\/es\/producto\/blanc-mariclo-alfombra-de-bano-beige-1400-gsm-50x110\/","title":{"rendered":"Blanc MariCl\u00f2 Alfombra de ba\u00f1o beige 1400 GSM 50&#215;110"},"content":{"rendered":"<p>La alfombrilla de ba\u00f1o Blanc MariCl\u00f2 de la colecci\u00f3n Bagno Segreto est\u00e1 hecha de algod\u00f3n 100% con un alto gramaje de 1400 GSM, ideal para ofrecer comodidad, suavidad y una excelente capacidad de absorci\u00f3n. El tono beige, c\u00e1lido y neutro, se realza con un elegante ribete claro que define su forma con estilo sobrio y refinado.<br \/>\nPerfecta delante del lavabo, la ducha o la ba\u00f1era, se integra armoniosamente en ba\u00f1os de estilo Shabby Chic, cl\u00e1sico o natural, a\u00f1adiendo un toque de elegancia discreta y acogedora. <\/p>\n<ul>\n<li>100% algod\u00f3n natural, suave y duradero<\/li>\n<li>Alto gramaje 1400 GSM para un m\u00e1ximo confort<\/li>\n<li>Color beige neutro y f\u00e1cil de combinar<\/li>\n<li>Elegante borde decorativo en contraste<\/li>\n<\/ul>\n","protected":false},"excerpt":{"rendered":"<p>Alfombrilla de ba\u00f1o de algod\u00f3n 100% de 1400 GSM, suave y muy absorbente, de color beige con borde decorativo en contraste. Colecci\u00f3n Bagno Segreto. <\/p>\n<p>\ud83d\udccf 110 x 50 cm<\/p>\n","protected":false},"featured_media":218920,"comment_status":"open","ping_status":"closed","template":"","meta":{"_joinchat":[]},"pwb-brand":[2076],"product_brand":[],"product_cat":[2326,2384],"product_tag":[],"class_list":{"0":"post-218937","1":"product","2":"type-product","3":"status-publish","4":"has-post-thumbnail","6":"pwb-brand-blanc-mariclo-es","7":"product_cat-alfombras-de-bano","8":"product_cat-el-bano","10":"first","11":"instock","12":"taxable","13":"shipping-taxable","14":"purchasable","15":"product-type-simple"},"brands":[{"id":2076,"name":"Blanc Mariclo","slug":"blanc-mariclo-es"}],"_links":{"self":[{"href":"https:\/\/www.tendenzeshabbychic.it\/es\/wp-json\/wp\/v2\/product\/218937","targetHints":{"allow":["GET"]}}],"collection":[{"href":"https:\/\/www.tendenzeshabbychic.it\/es\/wp-json\/wp\/v2\/product"}],"about":[{"href":"https:\/\/www.tendenzeshabbychic.it\/es\/wp-json\/wp\/v2\/types\/product"}],"replies":[{"embeddable":true,"href":"https:\/\/www.tendenzeshabbychic.it\/es\/wp-json\/wp\/v2\/comments?post=218937"}],"wp:featuredmedia":[{"embeddable":true,"href":"https:\/\/www.tendenzeshabbychic.it\/es\/wp-json\/wp\/v2\/media\/218920"}],"wp:attachment":[{"href":"https:\/\/www.tendenzeshabbychic.it\/es\/wp-json\/wp\/v2\/media?parent=218937"}],"wp:term":[{"taxonomy":"pwb-brand","embeddable":true,"href":"https:\/\/www.tendenzeshabbychic.it\/es\/wp-json\/wp\/v2\/pwb-brand?post=218937"},{"taxonomy":"product_brand","embeddable":true,"href":"https:\/\/www.tendenzeshabbychic.it\/es\/wp-json\/wp\/v2\/product_brand?post=218937"},{"taxonomy":"product_cat","embeddable":true,"href":"https:\/\/www.tendenzeshabbychic.it\/es\/wp-json\/wp\/v2\/product_cat?post=218937"},{"taxonomy":"product_tag","embeddable":true,"href":"https:\/\/www.tendenzeshabbychic.it\/es\/wp-json\/wp\/v2\/product_tag?post=218937"}],"curies":[{"name":"wp","href":"https:\/\/api.w.org\/{rel}","templated":true}]}}