{"id":218860,"date":"2026-01-15T19:18:28","date_gmt":"2026-01-15T18:18:28","guid":{"rendered":"https:\/\/www.tendenzeshabbychic.it\/prodotto\/blanc-mariclo-elevador-3-estantes-artemisia-h-60-cm\/"},"modified":"2025-12-12T11:27:28","modified_gmt":"2025-12-12T10:27:28","slug":"blanc-mariclo-elevador-3-estantes-artemisia-h-60-cm","status":"publish","type":"product","link":"https:\/\/www.tendenzeshabbychic.it\/es\/producto\/blanc-mariclo-elevador-3-estantes-artemisia-h-60-cm\/","title":{"rendered":"Blanc MariCl\u00f2 Elevador 3 Estantes Artemisia h 60 cm"},"content":{"rendered":"<p>La<strong>contrahuella de 3 pisos Blanc MariCl\u00f2 de la colecci\u00f3n Artemisia<\/strong> es un elemento de gran impacto visual, ideal para realzar mesas elegantes y ambientes refinados. Fabricada con placas de cristal transparente trabajado y una estructura de lat\u00f3n finamente decorada, presenta l\u00edneas sinuosas, rizos ornamentales y detalles florales que recuerdan el estilo rom\u00e1ntico cl\u00e1sico. Su esbelta estructura con asa superior hace que la contrahuella sea pr\u00e1ctica de mover y perfecta para servir pasteles, boller\u00eda, fruta o comida para picar, pero tambi\u00e9n como centro decorativo para ocasiones especiales. Una pieza ic\u00f3nica que puede coordinarse con todos los dem\u00e1s art\u00edculos de la colecci\u00f3n Artemisia.   <\/p>\n<ul>\n<li>Marco de lat\u00f3n con elegantes rizos decorativos<\/li>\n<li>Tres tapas de cristal transparente trabajado<\/li>\n<li>Dise\u00f1o elegante y esc\u00e9nico<\/li>\n<li>Ideal para postres, buffets y mise en place refinados<\/li>\n<li>Perfecto en ambientes Shabby Chic y cl\u00e1sicos<\/li>\n<\/ul>\n","protected":false},"excerpt":{"rendered":"<p>Esc\u00e9nico elevador de cristal y lat\u00f3n de tres pisos con decoraciones cl\u00e1sicas. Perfecta para servir y decorar con elegancia. <\/p>\n<p>\ud83d\udccf 35 x 35 x H 60 cm<\/p>\n","protected":false},"featured_media":218858,"comment_status":"open","ping_status":"closed","template":"","meta":{"_joinchat":[]},"pwb-brand":[1561],"product_brand":[],"product_cat":[2360,2944],"product_tag":[3370],"class_list":{"0":"post-218860","1":"product","2":"type-product","3":"status-publish","4":"has-post-thumbnail","6":"pwb-brand-blanc-mariclo-fr","7":"product_cat-bandejas","8":"product_cat-vajilla","9":"product_tag-collection-artemisia","11":"first","12":"instock","13":"taxable","14":"shipping-taxable","15":"purchasable","16":"product-type-simple"},"brands":[{"id":2076,"name":"Blanc Mariclo","slug":"blanc-mariclo-es"}],"_links":{"self":[{"href":"https:\/\/www.tendenzeshabbychic.it\/es\/wp-json\/wp\/v2\/product\/218860","targetHints":{"allow":["GET"]}}],"collection":[{"href":"https:\/\/www.tendenzeshabbychic.it\/es\/wp-json\/wp\/v2\/product"}],"about":[{"href":"https:\/\/www.tendenzeshabbychic.it\/es\/wp-json\/wp\/v2\/types\/product"}],"replies":[{"embeddable":true,"href":"https:\/\/www.tendenzeshabbychic.it\/es\/wp-json\/wp\/v2\/comments?post=218860"}],"wp:featuredmedia":[{"embeddable":true,"href":"https:\/\/www.tendenzeshabbychic.it\/es\/wp-json\/wp\/v2\/media\/218858"}],"wp:attachment":[{"href":"https:\/\/www.tendenzeshabbychic.it\/es\/wp-json\/wp\/v2\/media?parent=218860"}],"wp:term":[{"taxonomy":"pwb-brand","embeddable":true,"href":"https:\/\/www.tendenzeshabbychic.it\/es\/wp-json\/wp\/v2\/pwb-brand?post=218860"},{"taxonomy":"product_brand","embeddable":true,"href":"https:\/\/www.tendenzeshabbychic.it\/es\/wp-json\/wp\/v2\/product_brand?post=218860"},{"taxonomy":"product_cat","embeddable":true,"href":"https:\/\/www.tendenzeshabbychic.it\/es\/wp-json\/wp\/v2\/product_cat?post=218860"},{"taxonomy":"product_tag","embeddable":true,"href":"https:\/\/www.tendenzeshabbychic.it\/es\/wp-json\/wp\/v2\/product_tag?post=218860"}],"curies":[{"name":"wp","href":"https:\/\/api.w.org\/{rel}","templated":true}]}}