{"id":218804,"date":"2026-01-15T19:16:02","date_gmt":"2026-01-15T18:16:02","guid":{"rendered":"https:\/\/www.tendenzeshabbychic.it\/prodotto\/blanc-mariclo-portavelas-andromeda-h-20-cm\/"},"modified":"2025-12-12T10:04:02","modified_gmt":"2025-12-12T09:04:02","slug":"blanc-mariclo-portavelas-andromeda-h-20-cm","status":"publish","type":"product","link":"https:\/\/www.tendenzeshabbychic.it\/es\/producto\/blanc-mariclo-portavelas-andromeda-h-20-cm\/","title":{"rendered":"Blanc MariCl\u00f2 Portavelas Andr\u00f3meda H 20 cm"},"content":{"rendered":"<p>Este portavelas Blanc MariCl\u00f2 de la colecci\u00f3n Andr\u00f3meda es de metal con un refinado acabado bru\u00f1ido ligeramente mate. Su l\u00ednea sutil y elegante se ve realzada por una base redonda estable y un portavelas con forma, que acoge con gracia las velas de tallo. Perfecto para crear ambientes c\u00e1lidos y sofisticados, es ideal en mesas de sal\u00f3n, consolas, chimeneas o como elemento decorativo en composiciones rom\u00e1nticas y Shabby Chic.  <\/p>\n<ul>\n<li>Metal bru\u00f1ido con efecto c\u00e1lido y texturizado<\/li>\n<li>Dise\u00f1o estilizado y elegante<\/li>\n<li>Base ancha y estable<\/li>\n<li>Ideal para velas de tallo<\/li>\n<li>Estilo atemporal Blanc MariCl\u00f2<\/li>\n<\/ul>\n","protected":false},"excerpt":{"rendered":"<p>Portavelas de metal bru\u00f1ido con un dise\u00f1o elegante, un acabado c\u00e1lido y una base estable. Un cl\u00e1sico elegante de la colecci\u00f3n Andr\u00f3meda. <\/p>\n<p>\ud83d\udccf 6 x 6 x H 20 cm<\/p>\n","protected":false},"featured_media":218799,"comment_status":"open","ping_status":"closed","template":"","meta":{"_joinchat":[]},"pwb-brand":[2076],"product_brand":[],"product_cat":[2951,2320],"product_tag":[],"class_list":{"0":"post-218804","1":"product","2":"type-product","3":"status-publish","4":"has-post-thumbnail","6":"pwb-brand-blanc-mariclo-es","7":"product_cat-candelabro","8":"product_cat-candelabros-y-portavelas","10":"first","11":"instock","12":"taxable","13":"shipping-taxable","14":"purchasable","15":"product-type-simple"},"brands":[{"id":2076,"name":"Blanc Mariclo","slug":"blanc-mariclo-es"}],"_links":{"self":[{"href":"https:\/\/www.tendenzeshabbychic.it\/es\/wp-json\/wp\/v2\/product\/218804","targetHints":{"allow":["GET"]}}],"collection":[{"href":"https:\/\/www.tendenzeshabbychic.it\/es\/wp-json\/wp\/v2\/product"}],"about":[{"href":"https:\/\/www.tendenzeshabbychic.it\/es\/wp-json\/wp\/v2\/types\/product"}],"replies":[{"embeddable":true,"href":"https:\/\/www.tendenzeshabbychic.it\/es\/wp-json\/wp\/v2\/comments?post=218804"}],"wp:featuredmedia":[{"embeddable":true,"href":"https:\/\/www.tendenzeshabbychic.it\/es\/wp-json\/wp\/v2\/media\/218799"}],"wp:attachment":[{"href":"https:\/\/www.tendenzeshabbychic.it\/es\/wp-json\/wp\/v2\/media?parent=218804"}],"wp:term":[{"taxonomy":"pwb-brand","embeddable":true,"href":"https:\/\/www.tendenzeshabbychic.it\/es\/wp-json\/wp\/v2\/pwb-brand?post=218804"},{"taxonomy":"product_brand","embeddable":true,"href":"https:\/\/www.tendenzeshabbychic.it\/es\/wp-json\/wp\/v2\/product_brand?post=218804"},{"taxonomy":"product_cat","embeddable":true,"href":"https:\/\/www.tendenzeshabbychic.it\/es\/wp-json\/wp\/v2\/product_cat?post=218804"},{"taxonomy":"product_tag","embeddable":true,"href":"https:\/\/www.tendenzeshabbychic.it\/es\/wp-json\/wp\/v2\/product_tag?post=218804"}],"curies":[{"name":"wp","href":"https:\/\/api.w.org\/{rel}","templated":true}]}}