{"id":218746,"date":"2026-03-05T18:15:39","date_gmt":"2026-03-05T17:15:39","guid":{"rendered":"https:\/\/www.tendenzeshabbychic.it\/prodotto\/blanc-mariclo-percha-6-ganchos-andromeda-13-cm\/"},"modified":"2026-03-06T02:36:33","modified_gmt":"2026-03-06T01:36:33","slug":"blanc-mariclo-percha-6-ganchos-andromeda-13-cm","status":"publish","type":"product","link":"https:\/\/www.tendenzeshabbychic.it\/es\/producto\/blanc-mariclo-percha-6-ganchos-andromeda-13-cm\/","title":{"rendered":"Blanc MariCl\u00f2 Percha 6 Ganchos Andr\u00f3meda 13 cm"},"content":{"rendered":"<p>El colgador de pared <strong>Blanc MariCl\u00f2 Andr\u00f3meda<\/strong> es de peltre con un refinado acabado dorado bru\u00f1ido envejecido. La placa de pared est\u00e1 ricamente decorada con motivos barrocos y un detalle de cerradura central, mientras que los seis ganchos curvados terminan en pr\u00e1cticos y decorativos pomos esf\u00e9ricos. Perfecto para colgar llaves, accesorios, pa\u00f1os de cocina o peque\u00f1os objetos decorativos, confiere car\u00e1cter a entradas, cocinas o ba\u00f1os en un estilo rom\u00e1ntico y Shabby Chic.  <\/p>\n<p><strong>Fortalezas:<\/strong><\/p>\n<ul>\n<li>Peltre con elegante acabado antiguo<\/li>\n<li>Placa decorativa con motivo barroco<\/li>\n<li>6 ganchos fuertes con forma<\/li>\n<li>Ideal para el recibidor, la cocina o el cuarto de ba\u00f1o<\/li>\n<li>Dise\u00f1o cl\u00e1sico de Blanc MariCl\u00f2<\/li>\n<\/ul>\n","protected":false},"excerpt":{"rendered":"<p>Percha de pared de esta\u00f1o con 6 ganchos moldeados y placa decorada de efecto envejecido. Elegante y funcional, en perfecto estilo Shabby Chic. <\/p>\n<p>\ud83d\udccf Al 13 x An 9 x Pr 12 cm<\/p>\n","protected":false},"featured_media":218738,"comment_status":"open","ping_status":"closed","template":"","meta":{"_joinchat":[]},"pwb-brand":[2076],"product_brand":[],"product_cat":[2396],"product_tag":[],"class_list":{"0":"post-218746","1":"product","2":"type-product","3":"status-publish","4":"has-post-thumbnail","6":"pwb-brand-blanc-mariclo-es","7":"product_cat-objetos","9":"first","10":"instock","11":"taxable","12":"shipping-taxable","13":"purchasable","14":"product-type-simple"},"brands":[{"id":2076,"name":"Blanc Mariclo","slug":"blanc-mariclo-es"}],"_links":{"self":[{"href":"https:\/\/www.tendenzeshabbychic.it\/es\/wp-json\/wp\/v2\/product\/218746","targetHints":{"allow":["GET"]}}],"collection":[{"href":"https:\/\/www.tendenzeshabbychic.it\/es\/wp-json\/wp\/v2\/product"}],"about":[{"href":"https:\/\/www.tendenzeshabbychic.it\/es\/wp-json\/wp\/v2\/types\/product"}],"replies":[{"embeddable":true,"href":"https:\/\/www.tendenzeshabbychic.it\/es\/wp-json\/wp\/v2\/comments?post=218746"}],"wp:featuredmedia":[{"embeddable":true,"href":"https:\/\/www.tendenzeshabbychic.it\/es\/wp-json\/wp\/v2\/media\/218738"}],"wp:attachment":[{"href":"https:\/\/www.tendenzeshabbychic.it\/es\/wp-json\/wp\/v2\/media?parent=218746"}],"wp:term":[{"taxonomy":"pwb-brand","embeddable":true,"href":"https:\/\/www.tendenzeshabbychic.it\/es\/wp-json\/wp\/v2\/pwb-brand?post=218746"},{"taxonomy":"product_brand","embeddable":true,"href":"https:\/\/www.tendenzeshabbychic.it\/es\/wp-json\/wp\/v2\/product_brand?post=218746"},{"taxonomy":"product_cat","embeddable":true,"href":"https:\/\/www.tendenzeshabbychic.it\/es\/wp-json\/wp\/v2\/product_cat?post=218746"},{"taxonomy":"product_tag","embeddable":true,"href":"https:\/\/www.tendenzeshabbychic.it\/es\/wp-json\/wp\/v2\/product_tag?post=218746"}],"curies":[{"name":"wp","href":"https:\/\/api.w.org\/{rel}","templated":true}]}}