{"id":210857,"date":"2025-11-18T08:35:17","date_gmt":"2025-11-18T07:35:17","guid":{"rendered":"https:\/\/www.tendenzeshabbychic.it\/prodotto\/blanc-mariclo-vaso-bellota-11x11x13-valse-des-neiges-2-tamanos\/"},"modified":"2025-11-18T08:35:17","modified_gmt":"2025-11-18T07:35:17","slug":"blanc-mariclo-vaso-bellota-11x11x13-valse-des-neiges-2-tamanos","status":"publish","type":"product","link":"https:\/\/www.tendenzeshabbychic.it\/es\/producto\/blanc-mariclo-vaso-bellota-11x11x13-valse-des-neiges-2-tamanos\/","title":{"rendered":"Blanc MariCl\u00f2 Vaso Bellota 11x11x13 Valse des Neiges &#8211; 2 tama\u00f1os"},"content":{"rendered":"<p>Esta vela perfumada de Blanc MariCl\u00f2, de la colecci\u00f3n <em>Valse des Neiges<\/em>, adopta la forma de una bellota de cristal con tonos \u00e1mbar y reflejos cobrizos. La tapa, finamente tallada con efecto diamante, a\u00f1ade un toque sofisticado y chispeante a la composici\u00f3n. La llama difunde una luz c\u00e1lida, creando ambientes \u00edntimos y acogedores, perfectos para las estaciones de invierno y oto\u00f1o.<br \/>\nIdeal como centro de mesa, accesorio de decoraci\u00f3n en aparadores o para embellecer rincones relajantes, est\u00e1 disponible en dos tama\u00f1os, que se venden por separado.  <\/p>\n<ul>\n<li>Dise\u00f1o en forma de bellota con acabado de cristal \u00e1mbar<\/li>\n<li>Tapa decorativa de cristal facetado con efecto diamante<\/li>\n<li>Fragancia intensa para una atm\u00f3sfera envolvente<\/li>\n<li>Idea de regalo elegante y esc\u00e9nica<\/li>\n<li>Perfecto para decorar en oto\u00f1o y Navidad<\/li>\n<\/ul>\n","protected":false},"excerpt":{"rendered":"<p>Una vela perfumada de vidrio \u00e1mbar en forma de bellota con un tap\u00f3n facetado de color cobre, elegante y atmosf\u00e9rica. Colecci\u00f3n Valse des Neiges.<br \/>\n\ud83d\udccf 11 x 11 x 13 cm<\/p>\n\n\t<section class=\"section dark\" id=\"section_838525985\">\n\t\t<div class=\"section-bg fill\" >\n\t\t\t<img width=\"400\" height=\"400\" src=\"https:\/\/www.tendenzeshabbychic.it\/wp-content\/uploads\/2025\/06\/A38369-1-400x400.jpg\" class=\"bg attachment-medium size-medium\" alt=\"\" decoding=\"async\" loading=\"lazy\" \/>\t\t\t\t\t\t<div class=\"section-bg-overlay absolute fill\"><\/div>\n\t\t\t\n\n\t\t<\/div>\n\n\t\t\n\n\t\t<div class=\"section-content relative\">\n\t\t\t\n\n\t<div id=\"gap-341238765\" class=\"gap-element clearfix\" style=\"display:block; height:auto;\">\n\t\t\n<style>\n#gap-341238765 {\n  padding-top: 30px;\n}\n<\/style>\n\t<\/div>\n\t\n\n<div class=\"row align-center\"  id=\"row-752004595\">\n\n\n\t<div id=\"col-1251147289\" class=\"col medium-12 small-12 large-9\"  >\n\t\t\t\t<div class=\"col-inner text-center\"  >\n\t\t\t\n\t<div class=\"is-border\"\n\t\tstyle=\"border-color:rgb(255, 255, 255);border-width:4px 4px 4px 4px;\">\n\t<\/div>\n\t\t\t\n\n\t<div id=\"gap-543275936\" class=\"gap-element clearfix\" style=\"display:block; height:auto;\">\n\t\t\n<style>\n#gap-543275936 {\n  padding-top: 30px;\n}\n<\/style>\n\t<\/div>\n\t\n\n\t<div id=\"text-2259727847\" class=\"text\">\n\t\t\n\n<h4 class=\"uppercase\">NUEVA COLECCI\u00d3N<\/h4>\n\t\t\n<style>\n#text-2259727847 {\n  font-size: 1rem;\n}\n<\/style>\n\t<\/div>\n\t\n\t<div id=\"gap-226852750\" class=\"gap-element clearfix\" style=\"display:block; height:auto;\">\n\t\t\n<style>\n#gap-226852750 {\n  padding-top: 10px;\n}\n<\/style>\n\t<\/div>\n\t\n\n\t<div id=\"text-2314716653\" class=\"text\">\n\t\t\n\n<h3>OTO\u00d1O<\/h3>\n\n\t\t\n<style>\n#text-2314716653 {\n  font-size: 2.5rem;\n  line-height: 1;\n}\n@media (min-width:550px) {\n  #text-2314716653 {\n    font-size: 4rem;\n    line-height: 0.75;\n  }\n}\n<\/style>\n\t<\/div>\n\t\n\t<div id=\"text-1252536684\" class=\"text\">\n\t\t\n\n<h3 class=\"uppercase\">INSP\u00cdRATE<\/h3>\n\n\t\t\n<style>\n#text-1252536684 {\n  font-size: 1rem;\n  line-height: 0.75;\n}\n<\/style>\n\t<\/div>\n\t\n\t<div id=\"gap-505637511\" class=\"gap-element clearfix\" style=\"display:block; height:auto;\">\n\t\t\n<style>\n#gap-505637511 {\n  padding-top: 20px;\n}\n<\/style>\n\t<\/div>\n\t\n\n<a href=\"https:\/\/www.tendenzeshabbychic.it\/es\/etiqueta-producto\/otono\/\" class=\"button white\" style=\"padding:5px 20px 5px 20px;\">\n\t\t<span>TODA LA COLECCI\u00d3N \ud83c\udf83<\/span>\n\t<\/a>\n\n\n\n\t\t<\/div>\n\t\t\t\t\n<style>\n#col-1251147289 > .col-inner {\n  padding: 10% 10% 10% 10%;\n}\n<\/style>\n\t<\/div>\n\n\t\n\n<\/div>\n\n\t\t<\/div>\n\n\t\t\n<style>\n#section_838525985 {\n  padding-top: 30px;\n  padding-bottom: 30px;\n  min-height: 400px;\n}\n#section_838525985 .section-bg-overlay {\n  background-color: rgba(14, 0, 0, 0.43);\n}\n#section_838525985 .section-bg img {\n  object-position: 55% 78%;\n}\n@media (min-width:550px) {\n  #section_838525985 {\n    min-height: 600px;\n  }\n}\n@media (min-width:850px) {\n  #section_838525985 {\n    min-height: 700px;\n  }\n}\n<\/style>\n\t<\/section>\n\t\n","protected":false},"featured_media":188725,"comment_status":"open","ping_status":"closed","template":"","meta":{"_joinchat":[]},"pwb-brand":[2076],"product_brand":[],"product_cat":[2343,2344],"product_tag":[2118],"class_list":{"0":"post-210857","1":"product","2":"type-product","3":"status-publish","4":"has-post-thumbnail","6":"pwb-brand-blanc-mariclo-es","7":"product_cat-velas-perfumadas","8":"product_cat-perfumistas","9":"product_tag-otono","11":"first","12":"instock","13":"taxable","14":"shipping-taxable","15":"purchasable","16":"product-type-variable"},"brands":[{"id":2076,"name":"Blanc Mariclo","slug":"blanc-mariclo-es"}],"_links":{"self":[{"href":"https:\/\/www.tendenzeshabbychic.it\/es\/wp-json\/wp\/v2\/product\/210857","targetHints":{"allow":["GET"]}}],"collection":[{"href":"https:\/\/www.tendenzeshabbychic.it\/es\/wp-json\/wp\/v2\/product"}],"about":[{"href":"https:\/\/www.tendenzeshabbychic.it\/es\/wp-json\/wp\/v2\/types\/product"}],"replies":[{"embeddable":true,"href":"https:\/\/www.tendenzeshabbychic.it\/es\/wp-json\/wp\/v2\/comments?post=210857"}],"wp:featuredmedia":[{"embeddable":true,"href":"https:\/\/www.tendenzeshabbychic.it\/es\/wp-json\/wp\/v2\/media\/188725"}],"wp:attachment":[{"href":"https:\/\/www.tendenzeshabbychic.it\/es\/wp-json\/wp\/v2\/media?parent=210857"}],"wp:term":[{"taxonomy":"pwb-brand","embeddable":true,"href":"https:\/\/www.tendenzeshabbychic.it\/es\/wp-json\/wp\/v2\/pwb-brand?post=210857"},{"taxonomy":"product_brand","embeddable":true,"href":"https:\/\/www.tendenzeshabbychic.it\/es\/wp-json\/wp\/v2\/product_brand?post=210857"},{"taxonomy":"product_cat","embeddable":true,"href":"https:\/\/www.tendenzeshabbychic.it\/es\/wp-json\/wp\/v2\/product_cat?post=210857"},{"taxonomy":"product_tag","embeddable":true,"href":"https:\/\/www.tendenzeshabbychic.it\/es\/wp-json\/wp\/v2\/product_tag?post=210857"}],"curies":[{"name":"wp","href":"https:\/\/api.w.org\/{rel}","templated":true}]}}