{"id":210830,"date":"2025-08-01T01:00:01","date_gmt":"2025-07-31T23:00:01","guid":{"rendered":"https:\/\/www.tendenzeshabbychic.it\/prodotto\/latelier-17-juego-de-6-posavasos-de-cuentas-para-el-arbol-de-navidad\/"},"modified":"2025-11-21T00:09:09","modified_gmt":"2025-11-20T23:09:09","slug":"latelier-17-juego-de-6-posavasos-de-cuentas-para-el-arbol-de-navidad","status":"publish","type":"product","link":"https:\/\/www.tendenzeshabbychic.it\/es\/producto\/latelier-17-juego-de-6-posavasos-de-cuentas-para-el-arbol-de-navidad\/","title":{"rendered":"L&#8217;Atelier 17 Juego de 6 posavasos de cuentas para el \u00e1rbol de Navidad"},"content":{"rendered":"<p>Estos posavasos con forma son aut\u00e9nticas <strong>joyas decorativas para la mesa<\/strong>. Cada pieza representa un estilizado \u00e1rbol de Navidad, compuesto por cuentas cil\u00edndricas verdes ricamente trabajadas y peque\u00f1as esferas rojas que simulan adornos, bordeadas por microperlas doradas que definen la forma. El resultado es un elemento funcional con un fuerte impacto visual, ideal para embellecer la mise en place festiva.  <\/p>\n<p>Un accesorio imprescindible para los que les gusta recibir con estilo o una idea de regalo <strong>original y espectacular<\/strong> para los amantes de la Navidad.<\/p>\n<p><strong>Fortalezas:<\/strong><\/p>\n<ul>\n<li>Hecho a mano con cuentas bordadas a mano<\/li>\n<li>Dise\u00f1o en forma de \u00e1rbol de Navidad con finos detalles<\/li>\n<li>Juego de 6 posavasos, perfectos para mesas navide\u00f1as o aperitivos<\/li>\n<li>Colores vivos y estructura duradera<\/li>\n<li>Ideal como regalo creativo y elegante<\/li>\n<\/ul>\n","protected":false},"excerpt":{"rendered":"<p>A\u00f1ade un toque <strong>alegre y festivo<\/strong> a tu mesa con este encantador juego de 6 posavasos con forma de \u00e1rbol de Navidad de L&#8217;Atelier 17. Hechos totalmente a mano con cuentas verdes, rojas y doradas, son perfectos para quienes adoran cuidar cada detalle de las fiestas. <\/p>\n<p>\ud83d\udccf Dimensiones: aprox. 11 x 9 cm (forma moldeada)<\/p>\n","protected":false},"featured_media":210815,"comment_status":"open","ping_status":"closed","template":"","meta":{"_joinchat":[]},"pwb-brand":[449],"product_brand":[],"product_cat":[2371,2376],"product_tag":[],"class_list":{"0":"post-210830","1":"product","2":"type-product","3":"status-publish","4":"has-post-thumbnail","6":"pwb-brand-atelier-17","7":"product_cat-navidad","8":"product_cat-anteojos","10":"first","11":"instock","12":"taxable","13":"shipping-taxable","14":"purchasable","15":"product-type-simple"},"brands":[{"id":2086,"name":"L'Atelier 17","slug":"latelier-17"}],"_links":{"self":[{"href":"https:\/\/www.tendenzeshabbychic.it\/es\/wp-json\/wp\/v2\/product\/210830","targetHints":{"allow":["GET"]}}],"collection":[{"href":"https:\/\/www.tendenzeshabbychic.it\/es\/wp-json\/wp\/v2\/product"}],"about":[{"href":"https:\/\/www.tendenzeshabbychic.it\/es\/wp-json\/wp\/v2\/types\/product"}],"replies":[{"embeddable":true,"href":"https:\/\/www.tendenzeshabbychic.it\/es\/wp-json\/wp\/v2\/comments?post=210830"}],"wp:featuredmedia":[{"embeddable":true,"href":"https:\/\/www.tendenzeshabbychic.it\/es\/wp-json\/wp\/v2\/media\/210815"}],"wp:attachment":[{"href":"https:\/\/www.tendenzeshabbychic.it\/es\/wp-json\/wp\/v2\/media?parent=210830"}],"wp:term":[{"taxonomy":"pwb-brand","embeddable":true,"href":"https:\/\/www.tendenzeshabbychic.it\/es\/wp-json\/wp\/v2\/pwb-brand?post=210830"},{"taxonomy":"product_brand","embeddable":true,"href":"https:\/\/www.tendenzeshabbychic.it\/es\/wp-json\/wp\/v2\/product_brand?post=210830"},{"taxonomy":"product_cat","embeddable":true,"href":"https:\/\/www.tendenzeshabbychic.it\/es\/wp-json\/wp\/v2\/product_cat?post=210830"},{"taxonomy":"product_tag","embeddable":true,"href":"https:\/\/www.tendenzeshabbychic.it\/es\/wp-json\/wp\/v2\/product_tag?post=210830"}],"curies":[{"name":"wp","href":"https:\/\/api.w.org\/{rel}","templated":true}]}}