{"id":210813,"date":"2025-11-21T00:37:02","date_gmt":"2025-11-20T23:37:02","guid":{"rendered":"https:\/\/www.tendenzeshabbychic.it\/prodotto\/latelier-17-mantel-de-resina-verde-flor-con-gala-155x360\/"},"modified":"2025-11-21T00:37:02","modified_gmt":"2025-11-20T23:37:02","slug":"latelier-17-mantel-de-resina-verde-flor-con-gala-155x360","status":"publish","type":"product","link":"https:\/\/www.tendenzeshabbychic.it\/es\/producto\/latelier-17-mantel-de-resina-verde-flor-con-gala-155x360\/","title":{"rendered":"L&#8217;Atelier 17 Mantel de Resina Verde Flor con Gala 155&#215;360"},"content":{"rendered":"<p>Mantel de algod\u00f3n resinado verde con estampado floral en tonos rosa y crema, rematado con una gala de volantes en el borde.<\/p>\n<p>Perfecto para el d\u00eda a d\u00eda o para ocasiones especiales, este mantel combina la <strong>practicidad del algod\u00f3n resinado<\/strong>, que lo hace resistente a las manchas y f\u00e1cilmente lavable, con la belleza de un rom\u00e1ntico dise\u00f1o floral. El estampado est\u00e1 compuesto por delicadas ramas y flores, impresas sobre un fondo verde que recuerda el ambiente de la campi\u00f1a toscana. El borde de gala a\u00f1ade movimiento y un toque decorativo que realza cualquier mesa, en interiores o exteriores.  <\/p>\n<p>Ideal para quienes desean un accesorio textil <strong>funcional pero sofisticado<\/strong>, perfecto en ambientes r\u00fasticos, Country Chic o shabby.<\/p>\n<p><strong>Fortalezas:<\/strong><\/p>\n<ul>\n<li>Algod\u00f3n resinado resistente a las manchas, f\u00e1cil de limpiar<\/li>\n<li>Elegante estampado floral en tonos naturales<\/li>\n<li>Gala rizada para un bonito efecto decorativo<\/li>\n<li>Perfecto para ambientes campestres, provenzales o Shabby Chic<\/li>\n<\/ul>\n","protected":false},"excerpt":{"rendered":"<p>Haz de cada comida una experiencia acogedora y chic con el mantel <strong>Bloom verde con gala<\/strong> de L&#8217;Atelier 17. Fabricado en algod\u00f3n resinado, est\u00e1 adornado con un elegante estampado floral en tonos empolvados de rosa y marfil sobre un fondo verde salvia para un efecto visual <strong>refinado y armonioso<\/strong>. <\/p>\n<p>\ud83d\udccf 155 x 270 cm<\/p>\n","protected":false},"featured_media":210772,"comment_status":"open","ping_status":"closed","template":"","meta":{"_joinchat":[]},"pwb-brand":[449],"product_brand":[],"product_cat":[2338,2377],"product_tag":[],"class_list":{"0":"post-210813","1":"product","2":"type-product","3":"status-publish","4":"has-post-thumbnail","6":"pwb-brand-atelier-17","7":"product_cat-manteles","8":"product_cat-la-mesa","10":"first","11":"instock","12":"taxable","13":"shipping-taxable","14":"purchasable","15":"product-type-simple"},"brands":[{"id":2086,"name":"L'Atelier 17","slug":"latelier-17"}],"_links":{"self":[{"href":"https:\/\/www.tendenzeshabbychic.it\/es\/wp-json\/wp\/v2\/product\/210813","targetHints":{"allow":["GET"]}}],"collection":[{"href":"https:\/\/www.tendenzeshabbychic.it\/es\/wp-json\/wp\/v2\/product"}],"about":[{"href":"https:\/\/www.tendenzeshabbychic.it\/es\/wp-json\/wp\/v2\/types\/product"}],"replies":[{"embeddable":true,"href":"https:\/\/www.tendenzeshabbychic.it\/es\/wp-json\/wp\/v2\/comments?post=210813"}],"wp:featuredmedia":[{"embeddable":true,"href":"https:\/\/www.tendenzeshabbychic.it\/es\/wp-json\/wp\/v2\/media\/210772"}],"wp:attachment":[{"href":"https:\/\/www.tendenzeshabbychic.it\/es\/wp-json\/wp\/v2\/media?parent=210813"}],"wp:term":[{"taxonomy":"pwb-brand","embeddable":true,"href":"https:\/\/www.tendenzeshabbychic.it\/es\/wp-json\/wp\/v2\/pwb-brand?post=210813"},{"taxonomy":"product_brand","embeddable":true,"href":"https:\/\/www.tendenzeshabbychic.it\/es\/wp-json\/wp\/v2\/product_brand?post=210813"},{"taxonomy":"product_cat","embeddable":true,"href":"https:\/\/www.tendenzeshabbychic.it\/es\/wp-json\/wp\/v2\/product_cat?post=210813"},{"taxonomy":"product_tag","embeddable":true,"href":"https:\/\/www.tendenzeshabbychic.it\/es\/wp-json\/wp\/v2\/product_tag?post=210813"}],"curies":[{"name":"wp","href":"https:\/\/api.w.org\/{rel}","templated":true}]}}