{"id":210367,"date":"2025-11-18T17:07:49","date_gmt":"2025-11-18T16:07:49","guid":{"rendered":"https:\/\/www.tendenzeshabbychic.it\/prodotto\/blanc-mariclo-cesta-de-picnic-de-ratan-43x29x22-cm\/"},"modified":"2025-11-18T17:07:49","modified_gmt":"2025-11-18T16:07:49","slug":"blanc-mariclo-cesta-de-picnic-de-ratan-43x29x22-cm","status":"publish","type":"product","link":"https:\/\/www.tendenzeshabbychic.it\/es\/producto\/blanc-mariclo-cesta-de-picnic-de-ratan-43x29x22-cm\/","title":{"rendered":"Blanc MariCl\u00f2 Cesta de picnic de rat\u00e1n 43x29x22 cm"},"content":{"rendered":"<p>La cesta de picnic de la colecci\u00f3n <em>D\u00e9jeuner sur l&#8217;herbe<\/em> de Blanc MariCl\u00f2 es el accesorio perfecto para picnics elegantes y rom\u00e1nticos. Fabricada en rat\u00e1n natural tejido, se distingue por su interior forrado de algod\u00f3n con un estampado de Tartan rojo y verde que evoca un ambiente navide\u00f1o o country-chic. <\/p>\n<p>Dividida en pr\u00e1cticos compartimentos para una organizaci\u00f3n perfecta. Los cuidados detalles, como las hebillas met\u00e1licas y el cierre de clip, completan un dise\u00f1o funcional y refinado. <\/p>\n<p>Ideal para regalar momentos especiales al aire libre o como idea de regalo festivo.<\/p>\n<ul>\n<li>Rat\u00e1n natural tejido a mano<\/li>\n<li>Elegante interior a cuadros<\/li>\n<li>Totalmente equipada para 2 personas<\/li>\n<li>Cierre seguro con hebillas y compartimentos funcionales<\/li>\n<li>Firmado Blanc MariCl\u00f2, perfecto para momentos especiales<\/li>\n<\/ul>\n","protected":false},"excerpt":{"rendered":"<p>Cesta de picnic de rat\u00e1n con interior de cuadros rojos y accesorios incluidos. Elegancia y practicidad para comer al aire libre.<br \/>\n\ud83d\udccf 43 x 29 x 22 cm<\/p>\n<p>En el conjunto encontrar\u00e1s:<\/p>\n<ul>\n<li>1 bolsa nevera<\/li>\n<li>2 platillos<\/li>\n<li>2 copas<\/li>\n<li>1 abrebotellas<\/li>\n<\/ul>\n","protected":false},"featured_media":188603,"comment_status":"open","ping_status":"closed","template":"","meta":{"_joinchat":[]},"pwb-brand":[456],"product_brand":[],"product_cat":[2324],"product_tag":[2816],"class_list":{"0":"post-210367","1":"product","2":"type-product","3":"status-publish","4":"has-post-thumbnail","6":"pwb-brand-blanc-mariclo","7":"product_cat-cocina","8":"product_tag-vimini-e-rattan","10":"first","11":"instock","12":"taxable","13":"shipping-taxable","14":"purchasable","15":"product-type-simple"},"brands":[{"id":2076,"name":"Blanc Mariclo","slug":"blanc-mariclo-es"}],"_links":{"self":[{"href":"https:\/\/www.tendenzeshabbychic.it\/es\/wp-json\/wp\/v2\/product\/210367","targetHints":{"allow":["GET"]}}],"collection":[{"href":"https:\/\/www.tendenzeshabbychic.it\/es\/wp-json\/wp\/v2\/product"}],"about":[{"href":"https:\/\/www.tendenzeshabbychic.it\/es\/wp-json\/wp\/v2\/types\/product"}],"replies":[{"embeddable":true,"href":"https:\/\/www.tendenzeshabbychic.it\/es\/wp-json\/wp\/v2\/comments?post=210367"}],"wp:featuredmedia":[{"embeddable":true,"href":"https:\/\/www.tendenzeshabbychic.it\/es\/wp-json\/wp\/v2\/media\/188603"}],"wp:attachment":[{"href":"https:\/\/www.tendenzeshabbychic.it\/es\/wp-json\/wp\/v2\/media?parent=210367"}],"wp:term":[{"taxonomy":"pwb-brand","embeddable":true,"href":"https:\/\/www.tendenzeshabbychic.it\/es\/wp-json\/wp\/v2\/pwb-brand?post=210367"},{"taxonomy":"product_brand","embeddable":true,"href":"https:\/\/www.tendenzeshabbychic.it\/es\/wp-json\/wp\/v2\/product_brand?post=210367"},{"taxonomy":"product_cat","embeddable":true,"href":"https:\/\/www.tendenzeshabbychic.it\/es\/wp-json\/wp\/v2\/product_cat?post=210367"},{"taxonomy":"product_tag","embeddable":true,"href":"https:\/\/www.tendenzeshabbychic.it\/es\/wp-json\/wp\/v2\/product_tag?post=210367"}],"curies":[{"name":"wp","href":"https:\/\/api.w.org\/{rel}","templated":true}]}}