{"id":209970,"date":"2025-11-18T08:49:07","date_gmt":"2025-11-18T07:49:07","guid":{"rendered":"https:\/\/www.tendenzeshabbychic.it\/prodotto\/blanc-mariclo-mantel-individual-vinilo-redondo-o38-cm-fresas-lorto\/"},"modified":"2025-11-15T14:11:07","modified_gmt":"2025-11-15T13:11:07","slug":"blanc-mariclo-mantel-individual-vinilo-redondo-o38-cm-fresas-lorto","status":"publish","type":"product","link":"https:\/\/www.tendenzeshabbychic.it\/es\/producto\/blanc-mariclo-mantel-individual-vinilo-redondo-o38-cm-fresas-lorto\/","title":{"rendered":"Blanc MariClo Mantel Individual Vinilo Redondo \u00d838 cm Fresas L&#8217;Orto"},"content":{"rendered":"<p>Aporta dulzura y color a la mesa con el mantel individual redondo de vinilo Blanc MariClo de la colecci\u00f3n <em>L&#8217;Orto<\/em>. En el centro, dos fresas rojas brillantes con hojas verdes destacan sobre un delicado fondo vichy beige. El borde verde, adornado con peque\u00f1os corazones blancos y las palabras \u00aba la mesa con amor y fresas\u00bb, a\u00f1ade un toque rom\u00e1ntico y juguet\u00f3n. Fabricado en vinilo lavable y antideslizante, es ideal para animar desayunos, brunchs o meriendas con estilo Country Chic.   <\/p>\n<ul>\n<li>Estampado de frutas vivo y rom\u00e1ntico<\/li>\n<li>Vinilo lavable, flexible y antideslizante<\/li>\n<li>Frase decorativa que enriquece el equipamiento<\/li>\n<li>Ideal para la mise en place de primavera o verano<\/li>\n<li>Colecci\u00f3n L&#8217;Orto Blanc MariClo<\/li>\n<\/ul>\n","protected":false},"excerpt":{"rendered":"<p>Mantel individual de vinilo con fresas sobre fondo vichy beige, borde verde con corazones blancos y la frase \u00aba la mesa con amor y fresas\u00bb.<\/p>\n<p>\ud83d\udccf \u00d8 38 cm<\/p>\n","protected":false},"featured_media":209956,"comment_status":"open","ping_status":"closed","template":"","meta":{"_joinchat":[]},"pwb-brand":[2076],"product_brand":[],"product_cat":[2339,2377],"product_tag":[],"class_list":{"0":"post-209970","1":"product","2":"type-product","3":"status-publish","4":"has-post-thumbnail","6":"pwb-brand-blanc-mariclo-es","7":"product_cat-manteles-individuales","8":"product_cat-la-mesa","10":"first","11":"instock","12":"taxable","13":"shipping-taxable","14":"purchasable","15":"product-type-simple"},"brands":[{"id":2076,"name":"Blanc Mariclo","slug":"blanc-mariclo-es"}],"_links":{"self":[{"href":"https:\/\/www.tendenzeshabbychic.it\/es\/wp-json\/wp\/v2\/product\/209970","targetHints":{"allow":["GET"]}}],"collection":[{"href":"https:\/\/www.tendenzeshabbychic.it\/es\/wp-json\/wp\/v2\/product"}],"about":[{"href":"https:\/\/www.tendenzeshabbychic.it\/es\/wp-json\/wp\/v2\/types\/product"}],"replies":[{"embeddable":true,"href":"https:\/\/www.tendenzeshabbychic.it\/es\/wp-json\/wp\/v2\/comments?post=209970"}],"wp:featuredmedia":[{"embeddable":true,"href":"https:\/\/www.tendenzeshabbychic.it\/es\/wp-json\/wp\/v2\/media\/209956"}],"wp:attachment":[{"href":"https:\/\/www.tendenzeshabbychic.it\/es\/wp-json\/wp\/v2\/media?parent=209970"}],"wp:term":[{"taxonomy":"pwb-brand","embeddable":true,"href":"https:\/\/www.tendenzeshabbychic.it\/es\/wp-json\/wp\/v2\/pwb-brand?post=209970"},{"taxonomy":"product_brand","embeddable":true,"href":"https:\/\/www.tendenzeshabbychic.it\/es\/wp-json\/wp\/v2\/product_brand?post=209970"},{"taxonomy":"product_cat","embeddable":true,"href":"https:\/\/www.tendenzeshabbychic.it\/es\/wp-json\/wp\/v2\/product_cat?post=209970"},{"taxonomy":"product_tag","embeddable":true,"href":"https:\/\/www.tendenzeshabbychic.it\/es\/wp-json\/wp\/v2\/product_tag?post=209970"}],"curies":[{"name":"wp","href":"https:\/\/api.w.org\/{rel}","templated":true}]}}