{"id":209959,"date":"2025-11-18T08:49:50","date_gmt":"2025-11-18T07:49:50","guid":{"rendered":"https:\/\/www.tendenzeshabbychic.it\/prodotto\/blanc-mariclo-mantel-individual-vinilo-redondo-o38-cm-cerezas-lorto\/"},"modified":"2025-11-15T12:31:50","modified_gmt":"2025-11-15T11:31:50","slug":"blanc-mariclo-mantel-individual-vinilo-redondo-o38-cm-cerezas-lorto","status":"publish","type":"product","link":"https:\/\/www.tendenzeshabbychic.it\/es\/producto\/blanc-mariclo-mantel-individual-vinilo-redondo-o38-cm-cerezas-lorto\/","title":{"rendered":"Blanc MariClo Mantel Individual Vinilo Redondo \u00d838 cm Cerezas L&#8217;Orto"},"content":{"rendered":"<p>Alegre e ingenioso, el mantel individual redondo de vinilo de la colecci\u00f3n <em>L&#8217;Orto<\/em> de Blanc MariClo llama la atenci\u00f3n por su dise\u00f1o inspirado en los picnics campestres. El fondo de cuadros vichy azules est\u00e1 adornado con un racimo de cerezas rojas, mientras que el borde rojo brillante con corazones blancos y las palabras \u00abuno tira del otro como la risa\u00bb transmiten alegr\u00eda y cordialidad. Fabricado en vinilo, es lavable, flexible y perfecto para a\u00f1adir color y car\u00e1cter a la mesa de cada d\u00eda o a los momentos especiales.  <\/p>\n<ul>\n<li>Motivo vichy y gr\u00e1ficos frutales<\/li>\n<li>Vinilo pr\u00e1ctico, antideslizante y lavable<\/li>\n<li>Frase decorativa que transmite alegr\u00eda<\/li>\n<li>Ideal para mesas de verano o de estilo r\u00fastico<\/li>\n<li>Colecci\u00f3n L&#8217;Orto Blanc MariClo<\/li>\n<\/ul>\n","protected":false},"excerpt":{"rendered":"<p>Mantel individual de vinilo con cerezas sobre fondo azul vichy, borde rojo decorado con corazones y letras l\u00fadicas. Colecci\u00f3n L&#8217;Orto. <\/p>\n<p>\ud83d\udccf \u00d8 38 cm<\/p>\n","protected":false},"featured_media":209952,"comment_status":"open","ping_status":"closed","template":"","meta":{"_joinchat":[]},"pwb-brand":[2076],"product_brand":[],"product_cat":[2339,2377],"product_tag":[],"class_list":{"0":"post-209959","1":"product","2":"type-product","3":"status-publish","4":"has-post-thumbnail","6":"pwb-brand-blanc-mariclo-es","7":"product_cat-manteles-individuales","8":"product_cat-la-mesa","10":"first","11":"instock","12":"taxable","13":"shipping-taxable","14":"purchasable","15":"product-type-simple"},"brands":[{"id":2076,"name":"Blanc Mariclo","slug":"blanc-mariclo-es"}],"_links":{"self":[{"href":"https:\/\/www.tendenzeshabbychic.it\/es\/wp-json\/wp\/v2\/product\/209959","targetHints":{"allow":["GET"]}}],"collection":[{"href":"https:\/\/www.tendenzeshabbychic.it\/es\/wp-json\/wp\/v2\/product"}],"about":[{"href":"https:\/\/www.tendenzeshabbychic.it\/es\/wp-json\/wp\/v2\/types\/product"}],"replies":[{"embeddable":true,"href":"https:\/\/www.tendenzeshabbychic.it\/es\/wp-json\/wp\/v2\/comments?post=209959"}],"wp:featuredmedia":[{"embeddable":true,"href":"https:\/\/www.tendenzeshabbychic.it\/es\/wp-json\/wp\/v2\/media\/209952"}],"wp:attachment":[{"href":"https:\/\/www.tendenzeshabbychic.it\/es\/wp-json\/wp\/v2\/media?parent=209959"}],"wp:term":[{"taxonomy":"pwb-brand","embeddable":true,"href":"https:\/\/www.tendenzeshabbychic.it\/es\/wp-json\/wp\/v2\/pwb-brand?post=209959"},{"taxonomy":"product_brand","embeddable":true,"href":"https:\/\/www.tendenzeshabbychic.it\/es\/wp-json\/wp\/v2\/product_brand?post=209959"},{"taxonomy":"product_cat","embeddable":true,"href":"https:\/\/www.tendenzeshabbychic.it\/es\/wp-json\/wp\/v2\/product_cat?post=209959"},{"taxonomy":"product_tag","embeddable":true,"href":"https:\/\/www.tendenzeshabbychic.it\/es\/wp-json\/wp\/v2\/product_tag?post=209959"}],"curies":[{"name":"wp","href":"https:\/\/api.w.org\/{rel}","templated":true}]}}