{"id":207398,"date":"2025-10-28T10:51:18","date_gmt":"2025-10-28T09:51:18","guid":{"rendered":"https:\/\/www.tendenzeshabbychic.it\/prodotto\/rama-de-hortensia-con-hojas-50-cm-enzo-de-gasperi\/"},"modified":"2025-10-28T10:51:18","modified_gmt":"2025-10-28T09:51:18","slug":"rama-de-hortensia-con-hojas-50-cm-enzo-de-gasperi","status":"publish","type":"product","link":"https:\/\/www.tendenzeshabbychic.it\/es\/producto\/rama-de-hortensia-con-hojas-50-cm-enzo-de-gasperi\/","title":{"rendered":"Rama de Hortensia con Hojas 50 cm Enzo De Gasperi"},"content":{"rendered":"<ul>\n<li>\ud83c\udf3f <strong>Altura total:<\/strong> 50 cm<\/li>\n<li>\ud83c\udf38 <strong>Flores y hojas realistas<\/strong> al tacto y a la vista<\/li>\n<li>\ud83c\udfa8 <strong>Coloraci\u00f3n difuminada<\/strong> para un efecto natural<\/li>\n<li>\ud83c\udfe1 <strong>Ideal para interiores<\/strong>: salones, entradas, comedores, tiendas o eventos<\/li>\n<li>\ud83d\udca7 <strong>Mantenimiento cero<\/strong>: no necesita agua ni luz solar<\/li>\n<li>\ud83d\udcab <strong>Compatible<\/strong> con jarrones y adornos de diferentes estilos<\/li>\n<\/ul>\n<h4><strong>C\u00f3mo emparejarlo<\/strong><\/h4>\n<p>Comb\u00ednala con otras flores artificiales EDG para crear arreglos \u00fanicos o comb\u00ednala con ramas verdes y follaje para conseguir un efecto a\u00fan m\u00e1s natural. Encaja perfectamente en jarrones de cristal, cer\u00e1mica o metal. <\/p>\n<h4><strong>Por qu\u00e9 elegir EDG<\/strong><\/h4>\n<p>EDG &#8211; Enzo de Gasperi es sin\u00f3nimo de elegancia, calidad y estilo en el mundo de la decoraci\u00f3n. Cada creaci\u00f3n se elabora cuidadosamente hasta el m\u00e1s m\u00ednimo detalle para garantizar un resultado est\u00e9tico refinado y duradero. <\/p>\n","protected":false},"excerpt":{"rendered":"<p>A\u00f1ade un toque de elegancia y sofisticaci\u00f3n a tu entorno con la <strong>Rama de Hortensia con Hojas EDG<\/strong>.<\/p>\n<p>Fabricada con materiales de alta calidad, esta flor artificial reproduce fielmente la belleza natural de la hortensia, con p\u00e9talos de color p\u00farpura y hojas realistas de color marr\u00f3n intenso.<\/p>\n<p>Perfecta para crear arreglos florales, decorar jarrones, centros de mesa o estancias con un gusto contempor\u00e1neo y refinado.<\/p>\n","protected":false},"featured_media":207391,"comment_status":"open","ping_status":"closed","template":"","meta":{"_joinchat":[]},"pwb-brand":[2084],"product_brand":[],"product_cat":[2773,2387],"product_tag":[],"class_list":{"0":"post-207398","1":"product","2":"type-product","3":"status-publish","4":"has-post-thumbnail","6":"pwb-brand-edg-enzo-de-gasperi","7":"product_cat-flores-en-maceta","8":"product_cat-flores-y-plantas-artificiales","10":"first","11":"outofstock","12":"taxable","13":"shipping-taxable","14":"purchasable","15":"product-type-simple"},"brands":[{"id":2084,"name":"EDG - Enzo De Gasperi","slug":"edg-enzo-de-gasperi"}],"_links":{"self":[{"href":"https:\/\/www.tendenzeshabbychic.it\/es\/wp-json\/wp\/v2\/product\/207398","targetHints":{"allow":["GET"]}}],"collection":[{"href":"https:\/\/www.tendenzeshabbychic.it\/es\/wp-json\/wp\/v2\/product"}],"about":[{"href":"https:\/\/www.tendenzeshabbychic.it\/es\/wp-json\/wp\/v2\/types\/product"}],"replies":[{"embeddable":true,"href":"https:\/\/www.tendenzeshabbychic.it\/es\/wp-json\/wp\/v2\/comments?post=207398"}],"wp:featuredmedia":[{"embeddable":true,"href":"https:\/\/www.tendenzeshabbychic.it\/es\/wp-json\/wp\/v2\/media\/207391"}],"wp:attachment":[{"href":"https:\/\/www.tendenzeshabbychic.it\/es\/wp-json\/wp\/v2\/media?parent=207398"}],"wp:term":[{"taxonomy":"pwb-brand","embeddable":true,"href":"https:\/\/www.tendenzeshabbychic.it\/es\/wp-json\/wp\/v2\/pwb-brand?post=207398"},{"taxonomy":"product_brand","embeddable":true,"href":"https:\/\/www.tendenzeshabbychic.it\/es\/wp-json\/wp\/v2\/product_brand?post=207398"},{"taxonomy":"product_cat","embeddable":true,"href":"https:\/\/www.tendenzeshabbychic.it\/es\/wp-json\/wp\/v2\/product_cat?post=207398"},{"taxonomy":"product_tag","embeddable":true,"href":"https:\/\/www.tendenzeshabbychic.it\/es\/wp-json\/wp\/v2\/product_tag?post=207398"}],"curies":[{"name":"wp","href":"https:\/\/api.w.org\/{rel}","templated":true}]}}