{"id":207218,"date":"2025-10-25T08:40:27","date_gmt":"2025-10-25T06:40:27","guid":{"rendered":"https:\/\/www.tendenzeshabbychic.it\/prodotto\/edg-decoracion-magnolia-con-hojas-doradas-h75-cm\/"},"modified":"2025-10-25T08:40:27","modified_gmt":"2025-10-25T06:40:27","slug":"edg-decoracion-magnolia-con-hojas-doradas-h75-cm","status":"publish","type":"product","link":"https:\/\/www.tendenzeshabbychic.it\/es\/producto\/edg-decoracion-magnolia-con-hojas-doradas-h75-cm\/","title":{"rendered":"EDG Decoraci\u00f3n Magnolia con Hojas Doradas H75 cm"},"content":{"rendered":"<p>Esta decoraci\u00f3n de pared de <strong>Enzo De Gasperi<\/strong> a\u00f1ade un toque esc\u00e9nico y sofisticado a cualquier habitaci\u00f3n. Fabricada con p\u00e9talos de magnolia de tela blanca enriquecidos con detalles de purpurina dorada, presenta grandes hojas con efecto met\u00e1lico dorado-bronce, trabajadas en relieve para conseguir una textura realista y refinada. La rama es flexible, dise\u00f1ada para ser colgada gracias al pr\u00e1ctico gancho superior, ideal para puertas, paredes o como elegante acento navide\u00f1o.  <\/p>\n<p>Perfecto para estancias refinadas de estilo cl\u00e1sico o contempor\u00e1neo, es un elemento decorativo que llama la atenci\u00f3n por su brillo y delicadeza.<\/p>\n<ul>\n<li>P\u00e9talos blancos con purpurina dorada para un efecto brillante<\/li>\n<li>Hojas metalizadas con relieves realistas<\/li>\n<li>Marco flexible con gancho para colgar f\u00e1cilmente<\/li>\n<li>Ideal para Navidad, primavera o decoraciones de Luxury<\/li>\n<li>Elegante dise\u00f1o de Enzo De Gasperi<\/li>\n<\/ul>\n","protected":false},"excerpt":{"rendered":"<p>Decoraci\u00f3n floral colgante con magnolias de purpurina blanca y hojas doradas met\u00e1licas. Elegancia luminosa para cualquier pared. <\/p>\n<p>\ud83d\udccf 75 x 30 x 15 cm<\/p>\n","protected":false},"featured_media":207212,"comment_status":"open","ping_status":"closed","template":"","meta":{"_joinchat":[]},"pwb-brand":[2084],"product_brand":[],"product_cat":[2387],"product_tag":[3138],"class_list":{"0":"post-207218","1":"product","2":"type-product","3":"status-publish","4":"has-post-thumbnail","6":"pwb-brand-edg-enzo-de-gasperi","7":"product_cat-flores-y-plantas-artificiales","8":"product_tag-adornos-y-guirnaldas","10":"first","11":"instock","12":"sale","13":"taxable","14":"shipping-taxable","15":"purchasable","16":"product-type-simple"},"brands":[{"id":2084,"name":"EDG - Enzo De Gasperi","slug":"edg-enzo-de-gasperi"}],"_links":{"self":[{"href":"https:\/\/www.tendenzeshabbychic.it\/es\/wp-json\/wp\/v2\/product\/207218","targetHints":{"allow":["GET"]}}],"collection":[{"href":"https:\/\/www.tendenzeshabbychic.it\/es\/wp-json\/wp\/v2\/product"}],"about":[{"href":"https:\/\/www.tendenzeshabbychic.it\/es\/wp-json\/wp\/v2\/types\/product"}],"replies":[{"embeddable":true,"href":"https:\/\/www.tendenzeshabbychic.it\/es\/wp-json\/wp\/v2\/comments?post=207218"}],"wp:featuredmedia":[{"embeddable":true,"href":"https:\/\/www.tendenzeshabbychic.it\/es\/wp-json\/wp\/v2\/media\/207212"}],"wp:attachment":[{"href":"https:\/\/www.tendenzeshabbychic.it\/es\/wp-json\/wp\/v2\/media?parent=207218"}],"wp:term":[{"taxonomy":"pwb-brand","embeddable":true,"href":"https:\/\/www.tendenzeshabbychic.it\/es\/wp-json\/wp\/v2\/pwb-brand?post=207218"},{"taxonomy":"product_brand","embeddable":true,"href":"https:\/\/www.tendenzeshabbychic.it\/es\/wp-json\/wp\/v2\/product_brand?post=207218"},{"taxonomy":"product_cat","embeddable":true,"href":"https:\/\/www.tendenzeshabbychic.it\/es\/wp-json\/wp\/v2\/product_cat?post=207218"},{"taxonomy":"product_tag","embeddable":true,"href":"https:\/\/www.tendenzeshabbychic.it\/es\/wp-json\/wp\/v2\/product_tag?post=207218"}],"curies":[{"name":"wp","href":"https:\/\/api.w.org\/{rel}","templated":true}]}}