{"id":206932,"date":"2025-10-24T20:13:12","date_gmt":"2025-10-24T18:13:12","guid":{"rendered":"https:\/\/www.tendenzeshabbychic.it\/prodotto\/edg-car-perfumer-cuir-flor-de-olivo-con-2-recambios\/"},"modified":"2025-10-24T20:20:52","modified_gmt":"2025-10-24T18:20:52","slug":"edg-car-perfumer-cuir-flor-de-olivo-con-2-recambios","status":"publish","type":"product","link":"https:\/\/www.tendenzeshabbychic.it\/es\/producto\/edg-car-perfumer-cuir-flor-de-olivo-con-2-recambios\/","title":{"rendered":"EDG Car Perfumer Cuir Flor de Olivo con 2 recambios"},"content":{"rendered":"<p>El perfumador de coche <strong>Enzo De Gasperi<\/strong> Cuir Olive Flower es un accesorio refinado que combina est\u00e9tica, funcionalidad y una fragancia fresca y envolvente.<\/p>\n<p>El difusor, de piel sint\u00e9tica verde oliva, se fija f\u00e1cilmente a la rejilla de ventilaci\u00f3n del coche mediante un clip magn\u00e9tico.<br \/>\nEn el paquete se incluye un juego con <strong>2 recambios perfumados<\/strong> para una fragancia duradera y constante.<\/p>\n<p><strong>Fortalezas:<\/strong><\/p>\n<ul>\n<li>Elegante y relajante fragancia floral y c\u00edtrica<\/li>\n<li>Dise\u00f1o sofisticado en piel sint\u00e9tica verde oliva<\/li>\n<li>Clip magn\u00e9tico para una sujeci\u00f3n pr\u00e1ctica y segura<\/li>\n<li>Incluye 2 recambios de larga duraci\u00f3n<\/li>\n<li>Idea de regalo refinada de Enzo De Gasperi<\/li>\n<\/ul>\n","protected":false},"excerpt":{"rendered":"<p>Perfumador para coche de piel sint\u00e9tica verde oliva con 2 recambios incluidos. Fragancia floral y c\u00edtrica. <\/p>\n<p>\ud83d\udccf A 6 x P 5,5 cm<\/p>\n","protected":false},"featured_media":206923,"comment_status":"open","ping_status":"closed","template":"","meta":{"_joinchat":[]},"pwb-brand":[2084],"product_brand":[],"product_cat":[2344],"product_tag":[2283],"class_list":{"0":"post-206932","1":"product","2":"type-product","3":"status-publish","4":"has-post-thumbnail","6":"pwb-brand-edg-enzo-de-gasperi","7":"product_cat-perfumistas","8":"product_tag-idea-de-regalo","10":"first","11":"instock","12":"taxable","13":"shipping-taxable","14":"purchasable","15":"product-type-simple"},"brands":[{"id":2084,"name":"EDG - Enzo De Gasperi","slug":"edg-enzo-de-gasperi"}],"_links":{"self":[{"href":"https:\/\/www.tendenzeshabbychic.it\/es\/wp-json\/wp\/v2\/product\/206932","targetHints":{"allow":["GET"]}}],"collection":[{"href":"https:\/\/www.tendenzeshabbychic.it\/es\/wp-json\/wp\/v2\/product"}],"about":[{"href":"https:\/\/www.tendenzeshabbychic.it\/es\/wp-json\/wp\/v2\/types\/product"}],"replies":[{"embeddable":true,"href":"https:\/\/www.tendenzeshabbychic.it\/es\/wp-json\/wp\/v2\/comments?post=206932"}],"wp:featuredmedia":[{"embeddable":true,"href":"https:\/\/www.tendenzeshabbychic.it\/es\/wp-json\/wp\/v2\/media\/206923"}],"wp:attachment":[{"href":"https:\/\/www.tendenzeshabbychic.it\/es\/wp-json\/wp\/v2\/media?parent=206932"}],"wp:term":[{"taxonomy":"pwb-brand","embeddable":true,"href":"https:\/\/www.tendenzeshabbychic.it\/es\/wp-json\/wp\/v2\/pwb-brand?post=206932"},{"taxonomy":"product_brand","embeddable":true,"href":"https:\/\/www.tendenzeshabbychic.it\/es\/wp-json\/wp\/v2\/product_brand?post=206932"},{"taxonomy":"product_cat","embeddable":true,"href":"https:\/\/www.tendenzeshabbychic.it\/es\/wp-json\/wp\/v2\/product_cat?post=206932"},{"taxonomy":"product_tag","embeddable":true,"href":"https:\/\/www.tendenzeshabbychic.it\/es\/wp-json\/wp\/v2\/product_tag?post=206932"}],"curies":[{"name":"wp","href":"https:\/\/api.w.org\/{rel}","templated":true}]}}