{"id":206917,"date":"2025-10-24T20:13:50","date_gmt":"2025-10-24T18:13:50","guid":{"rendered":"https:\/\/www.tendenzeshabbychic.it\/prodotto\/edg-perfumador-de-coches-clavo-de-tonka-6x55-cm-cuir\/"},"modified":"2025-10-24T20:19:53","modified_gmt":"2025-10-24T18:19:53","slug":"edg-perfumador-de-coches-clavo-de-tonka-6x55-cm-cuir","status":"publish","type":"product","link":"https:\/\/www.tendenzeshabbychic.it\/es\/producto\/edg-perfumador-de-coches-clavo-de-tonka-6x55-cm-cuir\/","title":{"rendered":"EDG Perfumador de Coches Clavo de Tonka 6&#215;5,5 cm &#8211; Cuir"},"content":{"rendered":"<p>El perfumador para coche <em>Cuir<\/em> de <strong>Enzo De Gasperi<\/strong> es el accesorio refinado para embellecer el interior del coche con un toque de estilo y una fragancia envolvente. Fabricado en polipiel marr\u00f3n con detalles dorados, se presenta en un elegante estuche de regalo con 2 recargas perfumadas de Clavo de Tonka. <\/p>\n<p>El soporte gris con efecto cuero y ribete met\u00e1lico permite una fijaci\u00f3n estable a la rejilla de ventilaci\u00f3n, gracias al clip incluido. Dise\u00f1o compacto, pulcro y masculino, tambi\u00e9n perfecto como idea de regalo. <\/p>\n<ul>\n<li>Material de polipiel con elegante acabado mate<\/li>\n<li>Fragancia c\u00e1lida y especiada Tonka Clavo<\/li>\n<li>Soporte t\u00e9cnico con tornillos y clips para una instalaci\u00f3n estable<\/li>\n<li>Caja de regalo premium incluida<\/li>\n<li>2 recambios perfumados incluidos<\/li>\n<\/ul>\n","protected":false},"excerpt":{"rendered":"<p>Elegante perfumador de coche de polipiel marr\u00f3n con esencia de Clavo de Tonka, con clip y 2 recambios.<\/p>\n<p>\ud83d\udccf 6 x 5,5 x 3 cm<\/p>\n<p><strong>Ideal para quienes buscan una fragancia intensa pero sofisticada, con un fuerte car\u00e1cter.<\/strong><\/p>\n","protected":false},"featured_media":206904,"comment_status":"open","ping_status":"closed","template":"","meta":{"_joinchat":[]},"pwb-brand":[2084],"product_brand":[],"product_cat":[2344],"product_tag":[2283],"class_list":{"0":"post-206917","1":"product","2":"type-product","3":"status-publish","4":"has-post-thumbnail","6":"pwb-brand-edg-enzo-de-gasperi","7":"product_cat-perfumistas","8":"product_tag-idea-de-regalo","10":"first","11":"instock","12":"taxable","13":"shipping-taxable","14":"purchasable","15":"product-type-simple"},"brands":[{"id":2084,"name":"EDG - Enzo De Gasperi","slug":"edg-enzo-de-gasperi"}],"_links":{"self":[{"href":"https:\/\/www.tendenzeshabbychic.it\/es\/wp-json\/wp\/v2\/product\/206917","targetHints":{"allow":["GET"]}}],"collection":[{"href":"https:\/\/www.tendenzeshabbychic.it\/es\/wp-json\/wp\/v2\/product"}],"about":[{"href":"https:\/\/www.tendenzeshabbychic.it\/es\/wp-json\/wp\/v2\/types\/product"}],"replies":[{"embeddable":true,"href":"https:\/\/www.tendenzeshabbychic.it\/es\/wp-json\/wp\/v2\/comments?post=206917"}],"wp:featuredmedia":[{"embeddable":true,"href":"https:\/\/www.tendenzeshabbychic.it\/es\/wp-json\/wp\/v2\/media\/206904"}],"wp:attachment":[{"href":"https:\/\/www.tendenzeshabbychic.it\/es\/wp-json\/wp\/v2\/media?parent=206917"}],"wp:term":[{"taxonomy":"pwb-brand","embeddable":true,"href":"https:\/\/www.tendenzeshabbychic.it\/es\/wp-json\/wp\/v2\/pwb-brand?post=206917"},{"taxonomy":"product_brand","embeddable":true,"href":"https:\/\/www.tendenzeshabbychic.it\/es\/wp-json\/wp\/v2\/product_brand?post=206917"},{"taxonomy":"product_cat","embeddable":true,"href":"https:\/\/www.tendenzeshabbychic.it\/es\/wp-json\/wp\/v2\/product_cat?post=206917"},{"taxonomy":"product_tag","embeddable":true,"href":"https:\/\/www.tendenzeshabbychic.it\/es\/wp-json\/wp\/v2\/product_tag?post=206917"}],"curies":[{"name":"wp","href":"https:\/\/api.w.org\/{rel}","templated":true}]}}