{"id":206821,"date":"2025-08-03T01:00:01","date_gmt":"2025-08-02T23:00:01","guid":{"rendered":"https:\/\/www.tendenzeshabbychic.it\/?post_type=product&#038;p=206821"},"modified":"2025-10-24T19:05:02","modified_gmt":"2025-10-24T17:05:02","slug":"edg-lazo-de-terciopelo-burdeos-con-pinza-h30-x-a13-cm-copia","status":"publish","type":"product","link":"https:\/\/www.tendenzeshabbychic.it\/es\/producto\/edg-lazo-de-terciopelo-burdeos-con-pinza-h30-x-a13-cm-copia\/","title":{"rendered":"EDG Plum\u00edn de terciopelo dorado con pinza H30"},"content":{"rendered":"<p>El lazo de terciopelo dorado <strong>Enzo De Gasperi<\/strong> es un refinado accesorio ideal para embellecer adornos navide\u00f1os, coronas o paquetes de regalo.<br \/>\nFabricado en suave terciopelo de textura lisa y luminosa, aporta un toque elegante y c\u00e1lido al ambiente.<br \/>\nPerfecto para quienes desean un detalle sofisticado y atemporal en sus decoraciones.<\/p>\n<p><strong>Fortalezas:<\/strong><\/p>\n<ul>\n<li>Suave terciopelo dorado con efecto luminoso<\/li>\n<li>Clip met\u00e1lico para facilitar la aplicaci\u00f3n<\/li>\n<li>Dise\u00f1o elegante y refinado<\/li>\n<li>Reutilizable en diferentes decoraciones navide\u00f1as<\/li>\n<li>Perfecto para \u00e1rboles, coronas o envolver regalos<\/li>\n<\/ul>\n\n\t<section class=\"section linkified dark\" id=\"section_1221648567\">\n\t\t<div class=\"section-bg fill\" >\n\t\t\t<img loading=\"lazy\" decoding=\"async\" width=\"800\" height=\"213\" src=\"https:\/\/www.tendenzeshabbychic.it\/wp-content\/uploads\/2021\/09\/natale-hero-1-800x213.jpg\" class=\"bg attachment-medium size-medium\" alt=\"\" \/>\t\t\t\t\t\t<div class=\"section-bg-overlay absolute fill\"><\/div>\n\t\t\t\n\n\t\t<\/div>\n\n\t\t\n\n\t\t<div class=\"section-content relative\">\n\t\t\t\n\n<div class=\"row\"  id=\"row-955582623\">\n\n\n\t<div id=\"col-1535218966\" class=\"col small-12 large-12\"  >\n\t\t\t\t<div class=\"col-inner text-center\"  >\n\t\t\t\n\t\t\t\n\n<h3><span style=\"font-size: 180%;\">Navidad<\/span><\/h3>\n<p>Descubre la amplia selecci\u00f3n de productos para decorar tu hogar en Navidad.<\/p>\n<a href=\"https:\/\/www.tendenzeshabbychic.it\/es\/categoria-producto\/navidad\/\" class=\"button alert is-shade box-shadow-3 box-shadow-5-hover\" style=\"border-radius:5px;\">\n\t\t<span>haga clic aqu\u00ed<\/span>\n\t<\/a>\n\n\n\n\t\t<\/div>\n\t\t\t\t\t<\/div>\n\n\t\n\n<\/div>\n\n\t\t<\/div>\n\n\t\t\n<style>\n#section_1221648567 {\n  padding-top: 12px;\n  padding-bottom: 12px;\n}\n#section_1221648567 .section-bg-overlay {\n  background-color: rgba(0, 0, 0, 0.419);\n}\n#section_1221648567 .section-bg img {\n  object-position: 21% 51%;\n}\n@media (min-width:550px) {\n  #section_1221648567 {\n    padding-top: 57px;\n    padding-bottom: 57px;\n  }\n}\n<\/style>\n\t<\/section>\n\t\n","protected":false},"excerpt":{"rendered":"<p>Elegante lazo de terciopelo dorado con pinza trasera, perfecto para decoraciones navide\u00f1as o florales.<\/p>\n<p>\ud83d\udccf Alto 30 x Ancho 13 cm<\/p>\n<p>La pinza met\u00e1lica trasera permite una sujeci\u00f3n pr\u00e1ctica y segura a ramas, coronas o telas, lo que lo hace vers\u00e1til y reutilizable.<\/p>\n","protected":false},"featured_media":206825,"comment_status":"open","ping_status":"closed","template":"","meta":{"_joinchat":[]},"pwb-brand":[2084],"product_brand":[],"product_cat":[2466,2371],"product_tag":[2172],"class_list":{"0":"post-206821","1":"product","2":"type-product","3":"status-publish","4":"has-post-thumbnail","6":"pwb-brand-edg-enzo-de-gasperi","7":"product_cat-bolas-y-decoraciones-arbol-de-navidad","8":"product_cat-navidad","9":"product_tag-escama","10":"pa_colore-oro-es","12":"first","13":"instock","14":"sale","15":"taxable","16":"shipping-taxable","17":"purchasable","18":"product-type-simple"},"brands":[{"id":2084,"name":"EDG - Enzo De Gasperi","slug":"edg-enzo-de-gasperi"}],"_links":{"self":[{"href":"https:\/\/www.tendenzeshabbychic.it\/es\/wp-json\/wp\/v2\/product\/206821","targetHints":{"allow":["GET"]}}],"collection":[{"href":"https:\/\/www.tendenzeshabbychic.it\/es\/wp-json\/wp\/v2\/product"}],"about":[{"href":"https:\/\/www.tendenzeshabbychic.it\/es\/wp-json\/wp\/v2\/types\/product"}],"replies":[{"embeddable":true,"href":"https:\/\/www.tendenzeshabbychic.it\/es\/wp-json\/wp\/v2\/comments?post=206821"}],"wp:featuredmedia":[{"embeddable":true,"href":"https:\/\/www.tendenzeshabbychic.it\/es\/wp-json\/wp\/v2\/media\/206825"}],"wp:attachment":[{"href":"https:\/\/www.tendenzeshabbychic.it\/es\/wp-json\/wp\/v2\/media?parent=206821"}],"wp:term":[{"taxonomy":"pwb-brand","embeddable":true,"href":"https:\/\/www.tendenzeshabbychic.it\/es\/wp-json\/wp\/v2\/pwb-brand?post=206821"},{"taxonomy":"product_brand","embeddable":true,"href":"https:\/\/www.tendenzeshabbychic.it\/es\/wp-json\/wp\/v2\/product_brand?post=206821"},{"taxonomy":"product_cat","embeddable":true,"href":"https:\/\/www.tendenzeshabbychic.it\/es\/wp-json\/wp\/v2\/product_cat?post=206821"},{"taxonomy":"product_tag","embeddable":true,"href":"https:\/\/www.tendenzeshabbychic.it\/es\/wp-json\/wp\/v2\/product_tag?post=206821"}],"curies":[{"name":"wp","href":"https:\/\/api.w.org\/{rel}","templated":true}]}}