{"id":206789,"date":"2025-10-24T00:56:57","date_gmt":"2025-10-23T22:56:57","guid":{"rendered":"https:\/\/www.tendenzeshabbychic.it\/prodotto\/edg-set-de-6-tazas-de-postre-verde-riga-h10-cm\/"},"modified":"2025-10-29T19:28:39","modified_gmt":"2025-10-29T18:28:39","slug":"edg-set-de-6-tazas-de-postre-verde-riga-h10-cm","status":"publish","type":"product","link":"https:\/\/www.tendenzeshabbychic.it\/es\/producto\/edg-set-de-6-tazas-de-postre-verde-riga-h10-cm\/","title":{"rendered":"EDG Set de 4 Tazas de Postre Verde Riga H10 cm"},"content":{"rendered":"<p>El juego de 4 copas de postre Enzo de Gasperi es perfecto para servir con estilo helados, mousse o macedonias. Fabricadas en cristal verde transparente, presentan un refinado dise\u00f1o estriado vertical en toda la superficie, realzado por un tallo con nudo central y base estriada. <\/p>\n<p>Su forma ancha y baja permite una presentaci\u00f3n elegante de los postres, por lo que son ideales tanto para el uso diario como para las mesas festivas. Combinan perfectamente con los dem\u00e1s art\u00edculos a rayas de la misma l\u00ednea para una puesta en escena coordinada. <\/p>\n<ul>\n<li>Cristal rayado verde con encanto retro<\/li>\n<li>V\u00e1stago con nudo decorativo y base estable<\/li>\n<li>Gran abertura ideal para postres de cuchara<\/li>\n<li>Combinable con copas y vasos de la misma l\u00ednea<\/li>\n<li>Elegante y pr\u00e1ctico para cualquier ocasi\u00f3n<\/li>\n<\/ul>\n","protected":false},"excerpt":{"rendered":"<p>Juego de 4 cuencos de cristal verde con elegante trabajo estriado y pie redondeado decorativo.<br \/>\n\ud83d\udccf H10 x \u00d812 cm<\/p>\n","protected":false},"featured_media":207767,"comment_status":"open","ping_status":"closed","template":"","meta":{"_joinchat":[]},"pwb-brand":[2084],"product_brand":[],"product_cat":[2376,2944],"product_tag":[],"class_list":{"0":"post-206789","1":"product","2":"type-product","3":"status-publish","4":"has-post-thumbnail","6":"pwb-brand-edg-enzo-de-gasperi","7":"product_cat-anteojos","8":"product_cat-vajilla","9":"pa_colore-verde-es","11":"first","12":"instock","13":"taxable","14":"shipping-taxable","15":"purchasable","16":"product-type-simple"},"brands":[{"id":2084,"name":"EDG - Enzo De Gasperi","slug":"edg-enzo-de-gasperi"}],"_links":{"self":[{"href":"https:\/\/www.tendenzeshabbychic.it\/es\/wp-json\/wp\/v2\/product\/206789","targetHints":{"allow":["GET"]}}],"collection":[{"href":"https:\/\/www.tendenzeshabbychic.it\/es\/wp-json\/wp\/v2\/product"}],"about":[{"href":"https:\/\/www.tendenzeshabbychic.it\/es\/wp-json\/wp\/v2\/types\/product"}],"replies":[{"embeddable":true,"href":"https:\/\/www.tendenzeshabbychic.it\/es\/wp-json\/wp\/v2\/comments?post=206789"}],"wp:featuredmedia":[{"embeddable":true,"href":"https:\/\/www.tendenzeshabbychic.it\/es\/wp-json\/wp\/v2\/media\/207767"}],"wp:attachment":[{"href":"https:\/\/www.tendenzeshabbychic.it\/es\/wp-json\/wp\/v2\/media?parent=206789"}],"wp:term":[{"taxonomy":"pwb-brand","embeddable":true,"href":"https:\/\/www.tendenzeshabbychic.it\/es\/wp-json\/wp\/v2\/pwb-brand?post=206789"},{"taxonomy":"product_brand","embeddable":true,"href":"https:\/\/www.tendenzeshabbychic.it\/es\/wp-json\/wp\/v2\/product_brand?post=206789"},{"taxonomy":"product_cat","embeddable":true,"href":"https:\/\/www.tendenzeshabbychic.it\/es\/wp-json\/wp\/v2\/product_cat?post=206789"},{"taxonomy":"product_tag","embeddable":true,"href":"https:\/\/www.tendenzeshabbychic.it\/es\/wp-json\/wp\/v2\/product_tag?post=206789"}],"curies":[{"name":"wp","href":"https:\/\/api.w.org\/{rel}","templated":true}]}}