{"id":206651,"date":"2025-08-01T01:00:01","date_gmt":"2025-07-31T23:00:01","guid":{"rendered":"https:\/\/www.tendenzeshabbychic.it\/prodotto\/latelier-17-par-de-panos-de-cocina-de-rizo-renne\/"},"modified":"2025-11-26T23:43:55","modified_gmt":"2025-11-26T22:43:55","slug":"latelier-17-par-de-panos-de-cocina-de-rizo-renne","status":"publish","type":"product","link":"https:\/\/www.tendenzeshabbychic.it\/es\/producto\/latelier-17-par-de-panos-de-cocina-de-rizo-renne\/","title":{"rendered":"L&#8217;Atelier 17 Par de pa\u00f1os de cocina de rizo \u00abRENNE"},"content":{"rendered":"<p>\ud83c\udf84 <strong>Colecci\u00f3n:<\/strong> I Natalini<br \/>\n\ud83e\uddf5 <strong>Material:<\/strong> 100% algod\u00f3n &#8211; calidad rizo<br \/>\n\ud83d\udccf <strong>Tama\u00f1o:<\/strong> 60\u00d7100 cm + 60\u00d740 cm<\/p>\n<p><strong>\ud83e\uddfc Cuidado:<\/strong> Lavable a m\u00e1quina &#8211; sigue las instrucciones de la etiqueta.<\/p>\n","protected":false},"excerpt":{"rendered":"<p>Set navide\u00f1o compuesto por <strong>2 toallas de rizo 100% algod\u00f3n<\/strong>, de color verde esmeralda, con bordado <strong>de renos navide\u00f1os<\/strong> y bordado \u00abPara ti y tu familia\u00bb.<\/p>\n<p>&#8211; <strong>Toalla de cara<\/strong>: 60\u00d7100 cm<br \/>\n&#8211; <strong>Toalla de invitados<\/strong>: 60\u00d740 cm<\/p>\n<p>El simp\u00e1tico reno con gafas y gorro rojo a\u00f1ade un toque original y alegre al ambiente del cuarto de ba\u00f1o durante las Navidades. Una idea de regalo perfecta, o un detalle elegante para dar la bienvenida a los invitados. <iframe loading=\"lazy\" title=\"Toallas de Navidad L'Atelier 17\" src=\"https:\/\/www.youtube.com\/embed\/yREBSU2NkUM\" width=\"458\" height=\"815\" frameborder=\"0\" allowfullscreen=\"allowfullscreen\"><\/iframe><\/p>\n","protected":false},"featured_media":206189,"comment_status":"open","ping_status":"closed","template":"","meta":{"_joinchat":[]},"pwb-brand":[2086],"product_brand":[],"product_cat":[2325,2384,2371],"product_tag":[2283],"class_list":{"0":"post-206651","1":"product","2":"type-product","3":"status-publish","4":"has-post-thumbnail","6":"pwb-brand-latelier-17","7":"product_cat-toallas","8":"product_cat-el-bano","9":"product_cat-navidad","10":"product_tag-idea-de-regalo","12":"first","13":"instock","14":"sale","15":"taxable","16":"shipping-taxable","17":"purchasable","18":"product-type-simple"},"brands":[{"id":2086,"name":"L'Atelier 17","slug":"latelier-17"}],"_links":{"self":[{"href":"https:\/\/www.tendenzeshabbychic.it\/es\/wp-json\/wp\/v2\/product\/206651","targetHints":{"allow":["GET"]}}],"collection":[{"href":"https:\/\/www.tendenzeshabbychic.it\/es\/wp-json\/wp\/v2\/product"}],"about":[{"href":"https:\/\/www.tendenzeshabbychic.it\/es\/wp-json\/wp\/v2\/types\/product"}],"replies":[{"embeddable":true,"href":"https:\/\/www.tendenzeshabbychic.it\/es\/wp-json\/wp\/v2\/comments?post=206651"}],"wp:featuredmedia":[{"embeddable":true,"href":"https:\/\/www.tendenzeshabbychic.it\/es\/wp-json\/wp\/v2\/media\/206189"}],"wp:attachment":[{"href":"https:\/\/www.tendenzeshabbychic.it\/es\/wp-json\/wp\/v2\/media?parent=206651"}],"wp:term":[{"taxonomy":"pwb-brand","embeddable":true,"href":"https:\/\/www.tendenzeshabbychic.it\/es\/wp-json\/wp\/v2\/pwb-brand?post=206651"},{"taxonomy":"product_brand","embeddable":true,"href":"https:\/\/www.tendenzeshabbychic.it\/es\/wp-json\/wp\/v2\/product_brand?post=206651"},{"taxonomy":"product_cat","embeddable":true,"href":"https:\/\/www.tendenzeshabbychic.it\/es\/wp-json\/wp\/v2\/product_cat?post=206651"},{"taxonomy":"product_tag","embeddable":true,"href":"https:\/\/www.tendenzeshabbychic.it\/es\/wp-json\/wp\/v2\/product_tag?post=206651"}],"curies":[{"name":"wp","href":"https:\/\/api.w.org\/{rel}","templated":true}]}}