{"id":206377,"date":"2025-10-22T16:15:11","date_gmt":"2025-10-22T14:15:11","guid":{"rendered":"https:\/\/www.tendenzeshabbychic.it\/prodotto\/latelier-17-cojin-caballo-balancin-rojo-45cm\/"},"modified":"2025-10-22T16:15:11","modified_gmt":"2025-10-22T14:15:11","slug":"latelier-17-cojin-caballo-balancin-rojo-45cm","status":"publish","type":"product","link":"https:\/\/www.tendenzeshabbychic.it\/es\/producto\/latelier-17-cojin-caballo-balancin-rojo-45cm\/","title":{"rendered":"L&#8217;Atelier 17 Coj\u00edn Caballo Balanc\u00edn Rojo 45cm"},"content":{"rendered":"<p>Este caballo balanc\u00edn decorativo de <em>L&#8217;Atelier<\/em> 17 es un mueble suave y evocador, perfecto para evocar el ambiente c\u00e1lido y familiar de las vacaciones o para decorar con gusto un cuarto infantil. El cuerpo de color rojo vivo contrasta con la crin blanca de efecto lana y la base acolchada, mientras que la silla de montar verde de Tartan a\u00f1ade un toque cl\u00e1sico y acogedor. <\/p>\n<p>Su cuidada elaboraci\u00f3n lo convierte no s\u00f3lo en un objeto decorativo, sino tambi\u00e9n en una idea de regalo original y memorable. Colocado en contextos invernales o navide\u00f1os, aporta car\u00e1cter y calidez con sencillez. <\/p>\n<p><strong>Fortalezas:<\/strong><\/p>\n<ul>\n<li>Irresistible dise\u00f1o navide\u00f1o de estilo r\u00fastico<\/li>\n<li>Tejido suave con melena efecto felpa<\/li>\n<li>Estampado Tartan para un toque cl\u00e1sico y c\u00e1lido<\/li>\n<li>Ideal para habitaciones infantiles o ambientes de monta\u00f1a<\/li>\n<li>Calidad artesanal L&#8217;Atelier 17<\/li>\n<\/ul>\n","protected":false},"excerpt":{"rendered":"<p>Coj\u00edn decorativo con forma de caballo balanc\u00edn en c\u00e1lido tejido rojo con detalles de Tartan verde y crin con efecto afelpado.<\/p>\n<p>La base acolchada en marr\u00f3n oscuro se complementa con inserciones con estampado de cuadros escoceses, para un resultado encantador perfecto para ambientes navide\u00f1os o de estilo chal\u00e9.<\/p>\n<p>\ud83d\udccf 45 x 38 x 12 cm<\/p>\n","protected":false},"featured_media":206075,"comment_status":"open","ping_status":"closed","template":"","meta":{"_joinchat":[]},"pwb-brand":[2086],"product_brand":[],"product_cat":[2389],"product_tag":[2283],"class_list":{"0":"post-206377","1":"product","2":"type-product","3":"status-publish","4":"has-post-thumbnail","6":"pwb-brand-latelier-17","7":"product_cat-cojines","8":"product_tag-idea-de-regalo","10":"first","11":"instock","12":"taxable","13":"shipping-taxable","14":"purchasable","15":"product-type-simple"},"brands":[{"id":2086,"name":"L'Atelier 17","slug":"latelier-17"}],"_links":{"self":[{"href":"https:\/\/www.tendenzeshabbychic.it\/es\/wp-json\/wp\/v2\/product\/206377","targetHints":{"allow":["GET"]}}],"collection":[{"href":"https:\/\/www.tendenzeshabbychic.it\/es\/wp-json\/wp\/v2\/product"}],"about":[{"href":"https:\/\/www.tendenzeshabbychic.it\/es\/wp-json\/wp\/v2\/types\/product"}],"replies":[{"embeddable":true,"href":"https:\/\/www.tendenzeshabbychic.it\/es\/wp-json\/wp\/v2\/comments?post=206377"}],"wp:featuredmedia":[{"embeddable":true,"href":"https:\/\/www.tendenzeshabbychic.it\/es\/wp-json\/wp\/v2\/media\/206075"}],"wp:attachment":[{"href":"https:\/\/www.tendenzeshabbychic.it\/es\/wp-json\/wp\/v2\/media?parent=206377"}],"wp:term":[{"taxonomy":"pwb-brand","embeddable":true,"href":"https:\/\/www.tendenzeshabbychic.it\/es\/wp-json\/wp\/v2\/pwb-brand?post=206377"},{"taxonomy":"product_brand","embeddable":true,"href":"https:\/\/www.tendenzeshabbychic.it\/es\/wp-json\/wp\/v2\/product_brand?post=206377"},{"taxonomy":"product_cat","embeddable":true,"href":"https:\/\/www.tendenzeshabbychic.it\/es\/wp-json\/wp\/v2\/product_cat?post=206377"},{"taxonomy":"product_tag","embeddable":true,"href":"https:\/\/www.tendenzeshabbychic.it\/es\/wp-json\/wp\/v2\/product_tag?post=206377"}],"curies":[{"name":"wp","href":"https:\/\/api.w.org\/{rel}","templated":true}]}}