{"id":206000,"date":"2025-10-21T11:58:02","date_gmt":"2025-10-21T09:58:02","guid":{"rendered":"https:\/\/www.tendenzeshabbychic.it\/prodotto\/mathilde-m-flor-perfumada-fete-nacree-53-cm\/"},"modified":"2025-10-21T11:58:02","modified_gmt":"2025-10-21T09:58:02","slug":"mathilde-m-flor-perfumada-fete-nacree-53-cm","status":"publish","type":"product","link":"https:\/\/www.tendenzeshabbychic.it\/es\/producto\/mathilde-m-flor-perfumada-fete-nacree-53-cm\/","title":{"rendered":"Mathilde M Flor Perfumada F\u00eate Nacr\u00e9e 5,3 cm"},"content":{"rendered":"<p>Esta encantadora flor perfumada de la colecci\u00f3n <em>F\u00eate Nacr\u00e9e<\/em> de Mathilde M es una peque\u00f1a obra de arte artesanal, ideal para a\u00f1adir un toque de elegancia y fragancia a tus espacios m\u00e1s \u00edntimos. Totalmente hecha a mano en escayola blanca, la flor presenta una perla central engastada y p\u00e9talos finamente trabajados. El lazo de sat\u00e9n verde azulado a\u00f1ade un toque de sofisticaci\u00f3n a la francesa.  <\/p>\n<p>Perfumada con la fragancia <em>Sapin Givr\u00e9<\/em>, evoca la atm\u00f3sfera encantada de un paseo por el bosque nevado: frescas notas de salida de eucalipto y cipr\u00e9s se mezclan con el coraz\u00f3n bals\u00e1mico del abeto y un fondo c\u00e1lido y persistente de madera de cedro y pachul\u00ed. Una fragancia pura e invernal, ideal para cajones, armarios o maletas. <\/p>\n<p>\ud83d\udca1 Cuando la fragancia se desvanece, se puede reavivar con el concentrado de fragancia Mathilde M de la misma l\u00ednea.<\/p>\n<p><strong>Fortalezas:<\/strong><\/p>\n<ul>\n<li>Hecho a mano en los talleres de Mathilde M con cuidado artesanal<\/li>\n<li>Elegante dise\u00f1o con cinta verde azulado y flor de perlas<\/li>\n<li>Fragancia intensa y vigorizante inspirada en los bosques de invierno<\/li>\n<li>Perfecto para perfumar habitaciones peque\u00f1as<\/li>\n<li>Recargable con concentrado de perfume para una larga duraci\u00f3n<\/li>\n<\/ul>\n","protected":false},"excerpt":{"rendered":"<p>Refinada decoraci\u00f3n perfumada de escayola en forma de flor con detalles en relieve y una perla central, enriquecida con una elegante cinta de sat\u00e9n verde azulado. De la colecci\u00f3n navide\u00f1a F\u00eate Nacr\u00e9e, desprende una fragancia fresca y amaderada con notas de eucalipto, abeto y pachul\u00ed. Perfecto para espacios peque\u00f1os como armarios, cajones o maletas.  <\/p>\n<p>\ud83d\udccf 5,3 x 5,4 x 1,7 cm<\/p>\n","protected":false},"featured_media":205949,"comment_status":"open","ping_status":"closed","template":"","meta":{"_joinchat":[]},"pwb-brand":[2089],"product_brand":[],"product_cat":[2363,2344],"product_tag":[2283],"class_list":{"0":"post-206000","1":"product","2":"type-product","3":"status-publish","4":"has-post-thumbnail","6":"pwb-brand-mathilde-m-es","7":"product_cat-tizas-perfumadas","8":"product_cat-perfumistas","9":"product_tag-idea-de-regalo","11":"first","12":"instock","13":"taxable","14":"shipping-taxable","15":"purchasable","16":"product-type-simple"},"brands":[{"id":2089,"name":"Mathilde M.","slug":"mathilde-m-es"}],"_links":{"self":[{"href":"https:\/\/www.tendenzeshabbychic.it\/es\/wp-json\/wp\/v2\/product\/206000","targetHints":{"allow":["GET"]}}],"collection":[{"href":"https:\/\/www.tendenzeshabbychic.it\/es\/wp-json\/wp\/v2\/product"}],"about":[{"href":"https:\/\/www.tendenzeshabbychic.it\/es\/wp-json\/wp\/v2\/types\/product"}],"replies":[{"embeddable":true,"href":"https:\/\/www.tendenzeshabbychic.it\/es\/wp-json\/wp\/v2\/comments?post=206000"}],"wp:featuredmedia":[{"embeddable":true,"href":"https:\/\/www.tendenzeshabbychic.it\/es\/wp-json\/wp\/v2\/media\/205949"}],"wp:attachment":[{"href":"https:\/\/www.tendenzeshabbychic.it\/es\/wp-json\/wp\/v2\/media?parent=206000"}],"wp:term":[{"taxonomy":"pwb-brand","embeddable":true,"href":"https:\/\/www.tendenzeshabbychic.it\/es\/wp-json\/wp\/v2\/pwb-brand?post=206000"},{"taxonomy":"product_brand","embeddable":true,"href":"https:\/\/www.tendenzeshabbychic.it\/es\/wp-json\/wp\/v2\/product_brand?post=206000"},{"taxonomy":"product_cat","embeddable":true,"href":"https:\/\/www.tendenzeshabbychic.it\/es\/wp-json\/wp\/v2\/product_cat?post=206000"},{"taxonomy":"product_tag","embeddable":true,"href":"https:\/\/www.tendenzeshabbychic.it\/es\/wp-json\/wp\/v2\/product_tag?post=206000"}],"curies":[{"name":"wp","href":"https:\/\/api.w.org\/{rel}","templated":true}]}}