{"id":205995,"date":"2025-10-21T12:03:53","date_gmt":"2025-10-21T10:03:53","guid":{"rendered":"https:\/\/www.tendenzeshabbychic.it\/prodotto\/mathilde-m-flor-perfumada-fete-nacree-53-cm-the-de-fete\/"},"modified":"2025-10-21T12:03:53","modified_gmt":"2025-10-21T10:03:53","slug":"mathilde-m-flor-perfumada-fete-nacree-53-cm-the-de-fete","status":"publish","type":"product","link":"https:\/\/www.tendenzeshabbychic.it\/es\/producto\/mathilde-m-flor-perfumada-fete-nacree-53-cm-the-de-fete\/","title":{"rendered":"Mathilde M Flor Perfumada F\u00eate Nacr\u00e9e 5,3 cm Th\u00e9 de F\u00eate"},"content":{"rendered":"<p>Un objeto decorativo que es tambi\u00e9n una refinada experiencia sensorial: la flor perfumada <em>F\u00eate Nacr\u00e9e Th\u00e9 de F\u00eate<\/em> de Mathilde M est\u00e1 hecha a mano en escayola y adornada con detalles en relieve y una bonita perla central. La cinta de sat\u00e9n rosa empolvado le da un toque de delicadeza femenina, inspirada en el encanto regio de Mar\u00eda Antonieta. <\/p>\n<p>La fragancia Th\u00e9 de F\u00eate encanta con una apertura chispeante y especiada de t\u00e9 negro y cardamomo, seguida de un coraz\u00f3n envolvente de jengibre y miel, que termina en una estela golosa de vainilla y madera de guayaco. Perfecta para perfumar peque\u00f1as estancias como armarios, cajones o maletas, esta flor decorativa es una verdadera caricia olfativa y visual. <\/p>\n<p>\ud83d\udca1 Se puede reactivar con el Concentrado de Sala Matilde M.<\/p>\n<p><strong>Fortalezas:<\/strong><\/p>\n<ul>\n<li>Hecho a mano en yeso con acabados meticulosos<\/li>\n<li>La cinta de sat\u00e9n rosa empolvado a\u00f1ade elegancia y sofisticaci\u00f3n<\/li>\n<li>Fragancia c\u00e1lida y golosa ideal para el invierno<\/li>\n<li>Perfecto para perfumar espacios peque\u00f1os como cajones y armarios<\/li>\n<li>Recargable con un solo pulverizador de concentrado para una fragancia duradera<\/li>\n<\/ul>\n","protected":false},"excerpt":{"rendered":"<p>Una elegante flor perfumada de escayola blanca decorada con perlas en relieve y adornada con una delicada cinta de sat\u00e9n rosa empolvado. Forma parte de la colecci\u00f3n F\u00eate Nacr\u00e9e y difunde una fragancia envolvente y golosa con notas especiadas de t\u00e9 y cardamomo, miel y vainilla. Ideal para cajones, armarios o maletas.  <\/p>\n<p>\ud83d\udccf 5,3 x 5,4 x 1,7 cm<\/p>\n<div class=\"row row-solid\"  id=\"row-5704878\">\n\n\n\t<div id=\"col-1529277859\" class=\"col small-12 large-12\"  >\n\t\t\t\t<div class=\"col-inner\"  >\n\t\t\t\n\t\t\t\n\n\n\t\t<div class=\"icon-box featured-box icon-box-center text-center\"  >\n\t\t\t\t<div class=\"icon-box-text last-reset\">\n\t\t\t<h5 class=\"uppercase\">El t\u00e9 de fiesta<\/h5>\t\t\t\t\t\t\n\n<p>Las celebraciones navide\u00f1as que unen a las personas, los momentos de compartir donde el mundo se sienta alrededor de una taza de t\u00e9...<\/p>\n<p>Revive estos preciosos momentos con la deliciosa fragancia <strong>Th\u00e9 de F\u00eate<\/strong> .<\/p>\n<p>D\u00e9jate llevar por los aromas especiados del t\u00e9 y el cardamomo, con un toque chispeante del jengibre. Luego hace su entrada la envolvente miel, uni\u00e9ndose a la vainilla en una exquisita estela dulce. <\/p>\n\n\t\t<\/div>\n\t<\/div>\n\t\n\t\n\n\t\t<\/div>\n\t\t\t\t\t<\/div>\n\n\t\n\n\t<div id=\"col-1778156034\" class=\"col small-12 large-12\"  >\n\t\t\t\t<div class=\"col-inner\"  >\n\t\t\t\n\t\t\t\n\n\n\t\t<div class=\"icon-box featured-box icon-box-left text-left\"  >\n\t\t\t\t\t<div class=\"icon-box-img\" style=\"width: 60px\">\n\t\t\t\t<div class=\"icon\">\n\t\t\t\t\t<div class=\"icon-inner\" style=\"color:rgb(235, 212, 178);\">\n\t\t\t\t\t\t<?xml version=\"1.0\" encoding=\"utf-8\"?><!-- Uploaded to: SVG Repo, www.svgrepo.com, Generator: SVG Repo Mixer Tools -->\r\n<svg fill=\"#000000\" width=\"800px\" height=\"800px\" viewBox=\"0 0 32 32\" xmlns=\"http:\/\/www.w3.org\/2000\/svg\">\r\n    <circle cx=\"16\" cy=\"16\" r=\"16\"\/>\r\n<\/svg>\t\t\t\t\t<\/div>\n\t\t\t\t<\/div>\n\t\t\t<\/div>\n\t\t\t\t<div class=\"icon-box-text last-reset\">\n\t\t\t\t\t\t\t\t\t\n\n\t<div id=\"text-2818163487\" class=\"text\">\n\t\t\n\n<h3>Notas altas<\/h3>  T\u00fa y cardamomo\n\t\t\n<style>\n#text-2818163487 {\n  line-height: 1;\n}\n<\/style>\n\t<\/div>\n\t\n\n\t\t<\/div>\n\t<\/div>\n\t\n\t\n\n\t\t<div class=\"icon-box featured-box icon-box-left text-left\"  >\n\t\t\t\t\t<div class=\"icon-box-img\" style=\"width: 60px\">\n\t\t\t\t<div class=\"icon\">\n\t\t\t\t\t<div class=\"icon-inner\" style=\"color:rgb(235, 212, 178);\">\n\t\t\t\t\t\t<?xml version=\"1.0\" encoding=\"utf-8\"?><!-- Uploaded to: SVG Repo, www.svgrepo.com, Generator: SVG Repo Mixer Tools -->\r\n<svg width=\"800px\" height=\"800px\" viewBox=\"0 0 24 24\" fill=\"none\" xmlns=\"http:\/\/www.w3.org\/2000\/svg\">\r\n<path d=\"M2 9.1371C2 14 6.01943 16.5914 8.96173 18.9109C10 19.7294 11 20.5 12 20.5C13 20.5 14 19.7294 15.0383 18.9109C17.9806 16.5914 22 14 22 9.1371C22 4.27416 16.4998 0.825464 12 5.50063C7.50016 0.825464 2 4.27416 2 9.1371Z\" fill=\"#1C274C\"\/>\r\n<\/svg>\t\t\t\t\t<\/div>\n\t\t\t\t<\/div>\n\t\t\t<\/div>\n\t\t\t\t<div class=\"icon-box-text last-reset\">\n\t\t\t\t\t\t\t\t\t\n\n\t<div id=\"text-1436352186\" class=\"text\">\n\t\t\n\n<h3>notas de corazon<\/h3>  jengibre y miel\n\t\t\n<style>\n#text-1436352186 {\n  line-height: 1;\n}\n<\/style>\n\t<\/div>\n\t\n\n\t\t<\/div>\n\t<\/div>\n\t\n\t\n\n\t\t<div class=\"icon-box featured-box icon-box-left text-left\"  >\n\t\t\t\t\t<div class=\"icon-box-img\" style=\"width: 60px\">\n\t\t\t\t<div class=\"icon\">\n\t\t\t\t\t<div class=\"icon-inner\" style=\"color:rgb(235, 212, 178);\">\n\t\t\t\t\t\t<?xml version=\"1.0\" encoding=\"UTF-8\" standalone=\"no\"?>\r\n<!-- Uploaded to: SVG Repo, www.svgrepo.com, Generator: SVG Repo Mixer Tools -->\r\n<svg width=\"800px\" height=\"800px\" viewBox=\"0 -12 32 32\" version=\"1.1\" xmlns=\"http:\/\/www.w3.org\/2000\/svg\" xmlns:xlink=\"http:\/\/www.w3.org\/1999\/xlink\" xmlns:sketch=\"http:\/\/www.bohemiancoding.com\/sketch\/ns\">\r\n    \r\n    <title>minus<\/title>\r\n    <desc>Created with Sketch Beta.<\/desc>\r\n    <defs>\r\n\r\n<\/defs>\r\n    <g id=\"Page-1\" stroke=\"none\" stroke-width=\"1\" fill=\"none\" fill-rule=\"evenodd\" sketch:type=\"MSPage\">\r\n        <g id=\"Icon-Set-Filled\" sketch:type=\"MSLayerGroup\" transform=\"translate(-414.000000, -1049.000000)\" fill=\"#000000\">\r\n            <path d=\"M442,1049 L418,1049 C415.791,1049 414,1050.79 414,1053 C414,1055.21 415.791,1057 418,1057 L442,1057 C444.209,1057 446,1055.21 446,1053 C446,1050.79 444.209,1049 442,1049\" id=\"minus\" sketch:type=\"MSShapeGroup\">\r\n\r\n<\/path>\r\n        <\/g>\r\n    <\/g>\r\n<\/svg>\t\t\t\t\t<\/div>\n\t\t\t\t<\/div>\n\t\t\t<\/div>\n\t\t\t\t<div class=\"icon-box-text last-reset\">\n\t\t\t\t\t\t\t\t\t\n\n\t<div id=\"text-3305556156\" class=\"text\">\n\t\t\n\n<h3>Notas de fondo<\/h3>  Madera de vainilla y gaiac\n\t\t\n<style>\n#text-3305556156 {\n  line-height: 1;\n}\n<\/style>\n\t<\/div>\n\t\n\n\t\t<\/div>\n\t<\/div>\n\t\n\t\n\n\t\t<\/div>\n\t\t\t\t\t<\/div>\n\n\t\n\n\t<div id=\"col-815713183\" class=\"col small-12 large-12\"  >\n\t\t\t\t<div class=\"col-inner text-center\"  >\n\t\t\t\n\t\t\t\n\n<p style=\"text-align: center;\"><span style=\"font-size: 120%;\"><em>Descubre todos los productos con esencia Th\u00e9 de F\u00eate<\/em><\/span><\/p>\n<a href=\"https:\/\/www.tendenzeshabbychic.it\/es\/etiqueta-producto\/the-de-fete-es\/\" class=\"button white is-gloss box-shadow-2\" >\n\t\t<span>El t\u00e9 de fiesta<\/span>\n\t<\/a>\n\n\n\n\t\t<\/div>\n\t\t\t\t\t<\/div>\n\n\t\n\n<\/div>\n","protected":false},"featured_media":205959,"comment_status":"open","ping_status":"closed","template":"","meta":{"_joinchat":[]},"pwb-brand":[2089],"product_brand":[],"product_cat":[2363,2344],"product_tag":[2283,3057],"class_list":{"0":"post-205995","1":"product","2":"type-product","3":"status-publish","4":"has-post-thumbnail","6":"pwb-brand-mathilde-m-es","7":"product_cat-tizas-perfumadas","8":"product_cat-perfumistas","9":"product_tag-idea-de-regalo","10":"product_tag-the-de-fete-es","12":"first","13":"instock","14":"taxable","15":"shipping-taxable","16":"purchasable","17":"product-type-simple"},"brands":[{"id":2089,"name":"Mathilde M.","slug":"mathilde-m-es"}],"_links":{"self":[{"href":"https:\/\/www.tendenzeshabbychic.it\/es\/wp-json\/wp\/v2\/product\/205995","targetHints":{"allow":["GET"]}}],"collection":[{"href":"https:\/\/www.tendenzeshabbychic.it\/es\/wp-json\/wp\/v2\/product"}],"about":[{"href":"https:\/\/www.tendenzeshabbychic.it\/es\/wp-json\/wp\/v2\/types\/product"}],"replies":[{"embeddable":true,"href":"https:\/\/www.tendenzeshabbychic.it\/es\/wp-json\/wp\/v2\/comments?post=205995"}],"wp:featuredmedia":[{"embeddable":true,"href":"https:\/\/www.tendenzeshabbychic.it\/es\/wp-json\/wp\/v2\/media\/205959"}],"wp:attachment":[{"href":"https:\/\/www.tendenzeshabbychic.it\/es\/wp-json\/wp\/v2\/media?parent=205995"}],"wp:term":[{"taxonomy":"pwb-brand","embeddable":true,"href":"https:\/\/www.tendenzeshabbychic.it\/es\/wp-json\/wp\/v2\/pwb-brand?post=205995"},{"taxonomy":"product_brand","embeddable":true,"href":"https:\/\/www.tendenzeshabbychic.it\/es\/wp-json\/wp\/v2\/product_brand?post=205995"},{"taxonomy":"product_cat","embeddable":true,"href":"https:\/\/www.tendenzeshabbychic.it\/es\/wp-json\/wp\/v2\/product_cat?post=205995"},{"taxonomy":"product_tag","embeddable":true,"href":"https:\/\/www.tendenzeshabbychic.it\/es\/wp-json\/wp\/v2\/product_tag?post=205995"}],"curies":[{"name":"wp","href":"https:\/\/api.w.org\/{rel}","templated":true}]}}