{"id":205864,"date":"2025-10-23T07:37:32","date_gmt":"2025-10-23T05:37:32","guid":{"rendered":"https:\/\/www.tendenzeshabbychic.it\/prodotto\/blanc-mariclo-cojin-de-terciopelo-verde-60x40-petalos-de-terciopelo\/"},"modified":"2025-06-25T11:37:32","modified_gmt":"2025-06-25T09:37:32","slug":"blanc-mariclo-cojin-de-terciopelo-verde-60x40-petalos-de-terciopelo","status":"publish","type":"product","link":"https:\/\/www.tendenzeshabbychic.it\/es\/producto\/blanc-mariclo-cojin-de-terciopelo-verde-60x40-petalos-de-terciopelo\/","title":{"rendered":"Blanc MariCl\u00f2 Coj\u00edn de terciopelo verde 60&#215;40 P\u00e9talos de terciopelo"},"content":{"rendered":"<p>El coj\u00edn rectangular de la colecci\u00f3n <em>Petali Velluto<\/em> de Blanc MariCl\u00f2 combina sobriedad y sofisticaci\u00f3n en un dise\u00f1o elegante. Totalmente de algod\u00f3n aterciopelado, impresiona por su color verde oliva intenso y su refinado borde festoneado que realza su forma alargada. <\/p>\n<p>Perfecto para combinar con una cama o un sof\u00e1, crea una base elegante y sofisticada, ideal para superponer con otros cojines estampados o lisos de la misma colecci\u00f3n.<\/p>\n<ul>\n<li>Terciopelo 100% algod\u00f3n: suave, duradero y natural<\/li>\n<li>Borde festoneado, elegante y decorativo<\/li>\n<li>Color verde oliva intenso, adecuado para interiores cl\u00e1sicos o Country Chic<\/li>\n<li>Forma rectangular vers\u00e1til para cama o sof\u00e1<\/li>\n<li>Perfecto en combinaci\u00f3n con otros elementos P\u00e9talos de Terciopelo<\/li>\n<\/ul>\n","protected":false},"excerpt":{"rendered":"<p>Coj\u00edn rectangular de terciopelo verde oliva con borde festoneado. Elegancia monocrom\u00e1tica y acabado suave. Colecci\u00f3n P\u00e9talos de Terciopelo.<br \/>\n\ud83d\udccf 60 x 40 cm<\/p>\n","protected":false},"featured_media":216340,"comment_status":"open","ping_status":"closed","template":"","meta":{"_joinchat":[]},"pwb-brand":[2076],"product_brand":[],"product_cat":[2389],"product_tag":[],"class_list":{"0":"post-205864","1":"product","2":"type-product","3":"status-publish","4":"has-post-thumbnail","6":"pwb-brand-blanc-mariclo-es","7":"product_cat-cojines","9":"first","10":"instock","11":"taxable","12":"shipping-taxable","13":"purchasable","14":"product-type-simple"},"brands":[{"id":2076,"name":"Blanc Mariclo","slug":"blanc-mariclo-es"}],"_links":{"self":[{"href":"https:\/\/www.tendenzeshabbychic.it\/es\/wp-json\/wp\/v2\/product\/205864","targetHints":{"allow":["GET"]}}],"collection":[{"href":"https:\/\/www.tendenzeshabbychic.it\/es\/wp-json\/wp\/v2\/product"}],"about":[{"href":"https:\/\/www.tendenzeshabbychic.it\/es\/wp-json\/wp\/v2\/types\/product"}],"replies":[{"embeddable":true,"href":"https:\/\/www.tendenzeshabbychic.it\/es\/wp-json\/wp\/v2\/comments?post=205864"}],"wp:featuredmedia":[{"embeddable":true,"href":"https:\/\/www.tendenzeshabbychic.it\/es\/wp-json\/wp\/v2\/media\/216340"}],"wp:attachment":[{"href":"https:\/\/www.tendenzeshabbychic.it\/es\/wp-json\/wp\/v2\/media?parent=205864"}],"wp:term":[{"taxonomy":"pwb-brand","embeddable":true,"href":"https:\/\/www.tendenzeshabbychic.it\/es\/wp-json\/wp\/v2\/pwb-brand?post=205864"},{"taxonomy":"product_brand","embeddable":true,"href":"https:\/\/www.tendenzeshabbychic.it\/es\/wp-json\/wp\/v2\/product_brand?post=205864"},{"taxonomy":"product_cat","embeddable":true,"href":"https:\/\/www.tendenzeshabbychic.it\/es\/wp-json\/wp\/v2\/product_cat?post=205864"},{"taxonomy":"product_tag","embeddable":true,"href":"https:\/\/www.tendenzeshabbychic.it\/es\/wp-json\/wp\/v2\/product_tag?post=205864"}],"curies":[{"name":"wp","href":"https:\/\/api.w.org\/{rel}","templated":true}]}}